{"id":419,"date":"2023-12-22T15:58:12","date_gmt":"2023-12-22T15:58:12","guid":{"rendered":"https:\/\/jogalia.com\/?post_type=product&#038;p=419"},"modified":"2025-05-05T17:38:35","modified_gmt":"2025-05-05T15:38:35","slug":"cta-jordan-basic-negro-95a873-023","status":"publish","type":"product","link":"https:\/\/jogalia.com\/ca\/producte\/cta-jordan-basic-negro-95a873-023\/","title":{"rendered":"Camiseta JORDAN Basic Negro"},"content":{"rendered":"<p>Camiseta Nike Air Jordan<\/p>\n<p>Dale un toque deportivo a tu look con esta camiseta de manga corta para ni\u00f1o de Jordan. Su tejido ligero y su dise\u00f1o moderno har\u00e1n que brilles entre tus amigos.<\/p>","protected":false},"excerpt":{"rendered":"<p>Camiseta Nike Air Jordan<\/p>\n<p>95A873-023<\/p>","protected":false},"featured_media":420,"template":"","meta":{"neve_meta_sidebar":"","neve_meta_container":"","neve_meta_enable_content_width":"off","neve_meta_content_width":100,"neve_meta_title_alignment":"","neve_meta_author_avatar":"","neve_post_elements_order":"","neve_meta_disable_header":"","neve_meta_disable_footer":"","neve_meta_disable_title":"","_joinchat":[]},"product_brand":[],"product_cat":[37,21],"product_tag":[],"class_list":{"0":"post-419","1":"product","2":"type-product","3":"status-publish","4":"has-post-thumbnail","6":"product_cat-jordan","7":"product_cat-textil","9":"first","10":"instock","11":"taxable","12":"shipping-taxable","13":"product-type-variable"},"yoast_head":"<!-- This site is optimized with the Yoast SEO plugin v27.0 - https:\/\/yoast.com\/product\/yoast-seo-wordpress\/ -->\n<title>Camiseta JORDAN Basic Negro - JOGALIA<\/title>\n<meta name=\"robots\" content=\"index, follow, max-snippet:-1, max-image-preview:large, max-video-preview:-1\" \/>\n<link rel=\"canonical\" href=\"https:\/\/jogalia.com\/ca\/producte\/cta-jordan-basic-negro-95a873-023\/\" \/>\n<meta property=\"og:locale\" content=\"ca_ES\" \/>\n<meta property=\"og:type\" content=\"article\" \/>\n<meta property=\"og:title\" content=\"Camiseta JORDAN Basic Negro - JOGALIA\" \/>\n<meta property=\"og:description\" content=\"Camiseta Nike Air Jordan  95A873-023\" \/>\n<meta property=\"og:url\" content=\"https:\/\/jogalia.com\/ca\/producte\/cta-jordan-basic-negro-95a873-023\/\" \/>\n<meta property=\"og:site_name\" content=\"JOGALIA\" \/>\n<meta property=\"article:modified_time\" content=\"2025-05-05T15:38:35+00:00\" \/>\n<meta property=\"og:image\" content=\"https:\/\/jogalia.com\/wp-content\/uploads\/2023\/12\/cta-jordan-negro-basic.png\" \/>\n\t<meta property=\"og:image:width\" content=\"1801\" \/>\n\t<meta property=\"og:image:height\" content=\"2600\" \/>\n\t<meta property=\"og:image:type\" content=\"image\/png\" \/>\n<meta name=\"twitter:card\" content=\"summary_large_image\" \/>\n<meta name=\"twitter:label1\" content=\"Temps estimat de lectura\" \/>\n\t<meta name=\"twitter:data1\" content=\"1 minut\" \/>\n<script type=\"application\/ld+json\" class=\"yoast-schema-graph\">{\"@context\":\"https:\/\/schema.org\",\"@graph\":[{\"@type\":\"WebPage\",\"@id\":\"https:\/\/jogalia.com\/producto\/cta-jordan-basic-negro-95a873-023\/\",\"url\":\"https:\/\/jogalia.com\/producto\/cta-jordan-basic-negro-95a873-023\/\",\"name\":\"Camiseta JORDAN Basic Negro - JOGALIA\",\"isPartOf\":{\"@id\":\"https:\/\/jogalia.com\/#website\"},\"primaryImageOfPage\":{\"@id\":\"https:\/\/jogalia.com\/producto\/cta-jordan-basic-negro-95a873-023\/#primaryimage\"},\"image\":{\"@id\":\"https:\/\/jogalia.com\/producto\/cta-jordan-basic-negro-95a873-023\/#primaryimage\"},\"thumbnailUrl\":\"https:\/\/jogalia.com\/wp-content\/uploads\/2023\/12\/cta-jordan-negro-basic.png\",\"datePublished\":\"2023-12-22T15:58:12+00:00\",\"dateModified\":\"2025-05-05T15:38:35+00:00\",\"breadcrumb\":{\"@id\":\"https:\/\/jogalia.com\/producto\/cta-jordan-basic-negro-95a873-023\/#breadcrumb\"},\"inLanguage\":\"ca\",\"potentialAction\":[{\"@type\":\"ReadAction\",\"target\":[\"https:\/\/jogalia.com\/producto\/cta-jordan-basic-negro-95a873-023\/\"]}]},{\"@type\":\"ImageObject\",\"inLanguage\":\"ca\",\"@id\":\"https:\/\/jogalia.com\/producto\/cta-jordan-basic-negro-95a873-023\/#primaryimage\",\"url\":\"https:\/\/jogalia.com\/wp-content\/uploads\/2023\/12\/cta-jordan-negro-basic.png\",\"contentUrl\":\"https:\/\/jogalia.com\/wp-content\/uploads\/2023\/12\/cta-jordan-negro-basic.png\",\"width\":1801,\"height\":2600},{\"@type\":\"BreadcrumbList\",\"@id\":\"https:\/\/jogalia.com\/producto\/cta-jordan-basic-negro-95a873-023\/#breadcrumb\",\"itemListElement\":[{\"@type\":\"ListItem\",\"position\":1,\"name\":\"Portada\",\"item\":\"https:\/\/jogalia.com\/\"},{\"@type\":\"ListItem\",\"position\":2,\"name\":\"Tienda\",\"item\":\"https:\/\/jogalia.com\/shop\/\"},{\"@type\":\"ListItem\",\"position\":3,\"name\":\"Camiseta JORDAN Basic Negro\"}]},{\"@type\":\"WebSite\",\"@id\":\"https:\/\/jogalia.com\/#website\",\"url\":\"https:\/\/jogalia.com\/\",\"name\":\"JOGALIA\",\"description\":\"Encuentra tu estilo perfecto en Jogalia: Moda, deporte y las marcas m\u00e1s exclusivas.\",\"potentialAction\":[{\"@type\":\"SearchAction\",\"target\":{\"@type\":\"EntryPoint\",\"urlTemplate\":\"https:\/\/jogalia.com\/?s={search_term_string}\"},\"query-input\":{\"@type\":\"PropertyValueSpecification\",\"valueRequired\":true,\"valueName\":\"search_term_string\"}}],\"inLanguage\":\"ca\"}]}<\/script>\n<!-- \/ Yoast SEO plugin. -->","yoast_head_json":{"title":"Camiseta JORDAN Basic Negro - JOGALIA","robots":{"index":"index","follow":"follow","max-snippet":"max-snippet:-1","max-image-preview":"max-image-preview:large","max-video-preview":"max-video-preview:-1"},"canonical":"https:\/\/jogalia.com\/ca\/producte\/cta-jordan-basic-negro-95a873-023\/","og_locale":"ca_ES","og_type":"article","og_title":"Camiseta JORDAN Basic Negro - JOGALIA","og_description":"Camiseta Nike Air Jordan  95A873-023","og_url":"https:\/\/jogalia.com\/ca\/producte\/cta-jordan-basic-negro-95a873-023\/","og_site_name":"JOGALIA","article_modified_time":"2025-05-05T15:38:35+00:00","og_image":[{"width":1801,"height":2600,"url":"https:\/\/jogalia.com\/wp-content\/uploads\/2023\/12\/cta-jordan-negro-basic.png","type":"image\/png"}],"twitter_card":"summary_large_image","twitter_misc":{"Temps estimat de lectura":"1 minut"},"schema":{"@context":"https:\/\/schema.org","@graph":[{"@type":"WebPage","@id":"https:\/\/jogalia.com\/producto\/cta-jordan-basic-negro-95a873-023\/","url":"https:\/\/jogalia.com\/producto\/cta-jordan-basic-negro-95a873-023\/","name":"Camiseta JORDAN Basic Negro - JOGALIA","isPartOf":{"@id":"https:\/\/jogalia.com\/#website"},"primaryImageOfPage":{"@id":"https:\/\/jogalia.com\/producto\/cta-jordan-basic-negro-95a873-023\/#primaryimage"},"image":{"@id":"https:\/\/jogalia.com\/producto\/cta-jordan-basic-negro-95a873-023\/#primaryimage"},"thumbnailUrl":"https:\/\/jogalia.com\/wp-content\/uploads\/2023\/12\/cta-jordan-negro-basic.png","datePublished":"2023-12-22T15:58:12+00:00","dateModified":"2025-05-05T15:38:35+00:00","breadcrumb":{"@id":"https:\/\/jogalia.com\/producto\/cta-jordan-basic-negro-95a873-023\/#breadcrumb"},"inLanguage":"ca","potentialAction":[{"@type":"ReadAction","target":["https:\/\/jogalia.com\/producto\/cta-jordan-basic-negro-95a873-023\/"]}]},{"@type":"ImageObject","inLanguage":"ca","@id":"https:\/\/jogalia.com\/producto\/cta-jordan-basic-negro-95a873-023\/#primaryimage","url":"https:\/\/jogalia.com\/wp-content\/uploads\/2023\/12\/cta-jordan-negro-basic.png","contentUrl":"https:\/\/jogalia.com\/wp-content\/uploads\/2023\/12\/cta-jordan-negro-basic.png","width":1801,"height":2600},{"@type":"BreadcrumbList","@id":"https:\/\/jogalia.com\/producto\/cta-jordan-basic-negro-95a873-023\/#breadcrumb","itemListElement":[{"@type":"ListItem","position":1,"name":"Portada","item":"https:\/\/jogalia.com\/"},{"@type":"ListItem","position":2,"name":"Tienda","item":"https:\/\/jogalia.com\/shop\/"},{"@type":"ListItem","position":3,"name":"Camiseta JORDAN Basic Negro"}]},{"@type":"WebSite","@id":"https:\/\/jogalia.com\/#website","url":"https:\/\/jogalia.com\/","name":"JOGALIA","description":"Encuentra tu estilo perfecto en Jogalia: Moda, deporte y las marcas m\u00e1s exclusivas.","potentialAction":[{"@type":"SearchAction","target":{"@type":"EntryPoint","urlTemplate":"https:\/\/jogalia.com\/?s={search_term_string}"},"query-input":{"@type":"PropertyValueSpecification","valueRequired":true,"valueName":"search_term_string"}}],"inLanguage":"ca"}]}},"_links":{"self":[{"href":"https:\/\/jogalia.com\/ca\/wp-json\/wp\/v2\/product\/419","targetHints":{"allow":["GET"]}}],"collection":[{"href":"https:\/\/jogalia.com\/ca\/wp-json\/wp\/v2\/product"}],"about":[{"href":"https:\/\/jogalia.com\/ca\/wp-json\/wp\/v2\/types\/product"}],"wp:featuredmedia":[{"embeddable":true,"href":"https:\/\/jogalia.com\/ca\/wp-json\/wp\/v2\/media\/420"}],"wp:attachment":[{"href":"https:\/\/jogalia.com\/ca\/wp-json\/wp\/v2\/media?parent=419"}],"wp:term":[{"taxonomy":"product_brand","embeddable":true,"href":"https:\/\/jogalia.com\/ca\/wp-json\/wp\/v2\/product_brand?post=419"},{"taxonomy":"product_cat","embeddable":true,"href":"https:\/\/jogalia.com\/ca\/wp-json\/wp\/v2\/product_cat?post=419"},{"taxonomy":"product_tag","embeddable":true,"href":"https:\/\/jogalia.com\/ca\/wp-json\/wp\/v2\/product_tag?post=419"}],"curies":[{"name":"wp","href":"https:\/\/api.w.org\/{rel}","templated":true}]}}