{"id":2530,"date":"2025-11-05T16:35:42","date_gmt":"2025-11-05T15:35:42","guid":{"rendered":"https:\/\/jogalia.com\/?post_type=product&#038;p=2530"},"modified":"2025-11-05T16:35:43","modified_gmt":"2025-11-05T15:35:43","slug":"zapatilla-new-balance-m_warisv4-angora","status":"publish","type":"product","link":"https:\/\/jogalia.com\/ca\/producte\/zapatilla-new-balance-m_warisv4-angora\/","title":{"rendered":"ZAPATILLA NEW BALANCE M_WARISV4 ANGORA"},"content":{"rendered":"<h3 data-start=\"155\" data-end=\"195\"><strong data-start=\"159\" data-end=\"195\">New Balance Fresh Foam Arishi V4<\/strong><\/h3>\n<p data-start=\"196\" data-end=\"537\">Dise\u00f1adas para acompa\u00f1arte en cualquier momento del d\u00eda, las <strong data-start=\"257\" data-end=\"281\">Fresh Foam Arishi V4<\/strong> combinan <strong data-start=\"291\" data-end=\"332\">rendimiento, confort y estilo moderno<\/strong>. Su <strong data-start=\"337\" data-end=\"362\">entresuela Fresh Foam<\/strong> proporciona una amortiguaci\u00f3n ultrasuave que se adapta a cada paso, ofreciendo una sensaci\u00f3n ligera y receptiva tanto en tus entrenamientos como en tus actividades diarias.<\/p>\n<p data-start=\"539\" data-end=\"807\">El <strong data-start=\"542\" data-end=\"570\">empeine de malla t\u00e9cnica<\/strong> favorece la transpirabilidad y el ajuste, manteniendo tus pies frescos y c\u00f3modos incluso en los d\u00edas m\u00e1s intensos. La <strong data-start=\"689\" data-end=\"719\">suela de caucho resistente<\/strong> garantiza una tracci\u00f3n confiable y una mayor durabilidad sobre distintas superficies.<\/p>\n<p data-start=\"809\" data-end=\"958\">Con un dise\u00f1o vers\u00e1til y elegante, las <strong data-start=\"848\" data-end=\"861\">Arishi V4<\/strong> son la elecci\u00f3n perfecta para quienes buscan un calzado que rinda dentro y fuera del gimnasio.<\/p>","protected":false},"excerpt":{"rendered":"<ul>\n<li>La entresuela Fresh Foam se ha dise\u00f1ado con precisi\u00f3n para proporcionar una pisada ligera y una amortiguaci\u00f3n superior<\/li>\n<li>Empeine de malla<\/li>\n<li>Empeine con cubiertas sin costuras para un ajuste y sensaci\u00f3n perfectos<\/li>\n<li>Suela de caucho duradera<\/li>\n<li>Cierre con cordones para un ajuste seguro<\/li>\n<li><span class=\"weight\"><span class=\"feather\">\u00a0<\/span>\u00a0219 grams (7.7 oz)<\/span><\/li>\n<\/ul>","protected":false},"featured_media":2534,"template":"","meta":{"neve_meta_sidebar":"","neve_meta_container":"","neve_meta_enable_content_width":"off","neve_meta_content_width":100,"neve_meta_title_alignment":"","neve_meta_author_avatar":"","neve_post_elements_order":"","neve_meta_disable_header":"","neve_meta_disable_footer":"","neve_meta_disable_title":"","_joinchat":[]},"product_brand":[],"product_cat":[22,51,71,70,82,64,72],"product_tag":[],"class_list":{"0":"post-2530","1":"product","2":"type-product","3":"status-publish","4":"has-post-thumbnail","6":"product_cat-calzado","7":"product_cat-calzado-deportivo","8":"product_cat-hombre","9":"product_cat-mujer","10":"product_cat-new-balance","11":"product_cat-productos-destacados","12":"product_cat-unisex","14":"first","15":"instock","16":"sale","17":"taxable","18":"shipping-taxable","19":"purchasable","20":"product-type-variable"},"yoast_head":"<!-- This site is optimized with the Yoast SEO plugin v27.0 - https:\/\/yoast.com\/product\/yoast-seo-wordpress\/ -->\n<title>ZAPATILLA NEW BALANCE M_WARISV4 ANGORA - JOGALIA<\/title>\n<meta name=\"description\" content=\"Dise\u00f1adas para acompa\u00f1arte en cualquier momento del d\u00eda, las Fresh Foam Arishi V4 combinan rendimiento, confort y estilo moderno.\" \/>\n<meta name=\"robots\" content=\"index, follow, max-snippet:-1, max-image-preview:large, max-video-preview:-1\" \/>\n<link rel=\"canonical\" href=\"https:\/\/jogalia.com\/ca\/producte\/zapatilla-new-balance-m_warisv4-angora\/\" \/>\n<meta property=\"og:locale\" content=\"ca_ES\" \/>\n<meta property=\"og:type\" content=\"article\" \/>\n<meta property=\"og:title\" content=\"ZAPATILLA NEW BALANCE M_WARISV4 ANGORA - JOGALIA\" \/>\n<meta property=\"og:description\" content=\"Dise\u00f1adas para acompa\u00f1arte en cualquier momento del d\u00eda, las Fresh Foam Arishi V4 combinan rendimiento, confort y estilo moderno.\" \/>\n<meta property=\"og:url\" content=\"https:\/\/jogalia.com\/ca\/producte\/zapatilla-new-balance-m_warisv4-angora\/\" \/>\n<meta property=\"og:site_name\" content=\"JOGALIA\" \/>\n<meta property=\"article:modified_time\" content=\"2025-11-05T15:35:43+00:00\" \/>\n<meta property=\"og:image\" content=\"https:\/\/jogalia.com\/wp-content\/uploads\/2025\/11\/NEW-BALANCE-1.jpg\" \/>\n\t<meta property=\"og:image:width\" content=\"800\" \/>\n\t<meta property=\"og:image:height\" content=\"800\" \/>\n\t<meta property=\"og:image:type\" content=\"image\/jpeg\" \/>\n<meta name=\"twitter:card\" content=\"summary_large_image\" \/>\n<meta name=\"twitter:label1\" content=\"Temps estimat de lectura\" \/>\n\t<meta name=\"twitter:data1\" content=\"1 minut\" \/>\n<script type=\"application\/ld+json\" class=\"yoast-schema-graph\">{\"@context\":\"https:\/\/schema.org\",\"@graph\":[{\"@type\":\"WebPage\",\"@id\":\"https:\/\/jogalia.com\/producto\/zapatilla-new-balance-m_warisv4-angora\/\",\"url\":\"https:\/\/jogalia.com\/producto\/zapatilla-new-balance-m_warisv4-angora\/\",\"name\":\"ZAPATILLA NEW BALANCE M_WARISV4 ANGORA - JOGALIA\",\"isPartOf\":{\"@id\":\"https:\/\/jogalia.com\/#website\"},\"primaryImageOfPage\":{\"@id\":\"https:\/\/jogalia.com\/producto\/zapatilla-new-balance-m_warisv4-angora\/#primaryimage\"},\"image\":{\"@id\":\"https:\/\/jogalia.com\/producto\/zapatilla-new-balance-m_warisv4-angora\/#primaryimage\"},\"thumbnailUrl\":\"https:\/\/jogalia.com\/wp-content\/uploads\/2025\/11\/NEW-BALANCE-1.jpg\",\"datePublished\":\"2025-11-05T15:35:42+00:00\",\"dateModified\":\"2025-11-05T15:35:43+00:00\",\"description\":\"Dise\u00f1adas para acompa\u00f1arte en cualquier momento del d\u00eda, las Fresh Foam Arishi V4 combinan rendimiento, confort y estilo moderno.\",\"breadcrumb\":{\"@id\":\"https:\/\/jogalia.com\/producto\/zapatilla-new-balance-m_warisv4-angora\/#breadcrumb\"},\"inLanguage\":\"ca\",\"potentialAction\":[{\"@type\":\"ReadAction\",\"target\":[\"https:\/\/jogalia.com\/producto\/zapatilla-new-balance-m_warisv4-angora\/\"]}]},{\"@type\":\"ImageObject\",\"inLanguage\":\"ca\",\"@id\":\"https:\/\/jogalia.com\/producto\/zapatilla-new-balance-m_warisv4-angora\/#primaryimage\",\"url\":\"https:\/\/jogalia.com\/wp-content\/uploads\/2025\/11\/NEW-BALANCE-1.jpg\",\"contentUrl\":\"https:\/\/jogalia.com\/wp-content\/uploads\/2025\/11\/NEW-BALANCE-1.jpg\",\"width\":800,\"height\":800},{\"@type\":\"BreadcrumbList\",\"@id\":\"https:\/\/jogalia.com\/producto\/zapatilla-new-balance-m_warisv4-angora\/#breadcrumb\",\"itemListElement\":[{\"@type\":\"ListItem\",\"position\":1,\"name\":\"Portada\",\"item\":\"https:\/\/jogalia.com\/\"},{\"@type\":\"ListItem\",\"position\":2,\"name\":\"Tienda\",\"item\":\"https:\/\/jogalia.com\/shop\/\"},{\"@type\":\"ListItem\",\"position\":3,\"name\":\"ZAPATILLA NEW BALANCE M_WARISV4 ANGORA\"}]},{\"@type\":\"WebSite\",\"@id\":\"https:\/\/jogalia.com\/#website\",\"url\":\"https:\/\/jogalia.com\/\",\"name\":\"JOGALIA\",\"description\":\"Encuentra tu estilo perfecto en Jogalia: Moda, deporte y las marcas m\u00e1s exclusivas.\",\"potentialAction\":[{\"@type\":\"SearchAction\",\"target\":{\"@type\":\"EntryPoint\",\"urlTemplate\":\"https:\/\/jogalia.com\/?s={search_term_string}\"},\"query-input\":{\"@type\":\"PropertyValueSpecification\",\"valueRequired\":true,\"valueName\":\"search_term_string\"}}],\"inLanguage\":\"ca\"}]}<\/script>\n<!-- \/ Yoast SEO plugin. -->","yoast_head_json":{"title":"ZAPATILLA NEW BALANCE M_WARISV4 ANGORA - JOGALIA","description":"Dise\u00f1adas para acompa\u00f1arte en cualquier momento del d\u00eda, las Fresh Foam Arishi V4 combinan rendimiento, confort y estilo moderno.","robots":{"index":"index","follow":"follow","max-snippet":"max-snippet:-1","max-image-preview":"max-image-preview:large","max-video-preview":"max-video-preview:-1"},"canonical":"https:\/\/jogalia.com\/ca\/producte\/zapatilla-new-balance-m_warisv4-angora\/","og_locale":"ca_ES","og_type":"article","og_title":"ZAPATILLA NEW BALANCE M_WARISV4 ANGORA - JOGALIA","og_description":"Dise\u00f1adas para acompa\u00f1arte en cualquier momento del d\u00eda, las Fresh Foam Arishi V4 combinan rendimiento, confort y estilo moderno.","og_url":"https:\/\/jogalia.com\/ca\/producte\/zapatilla-new-balance-m_warisv4-angora\/","og_site_name":"JOGALIA","article_modified_time":"2025-11-05T15:35:43+00:00","og_image":[{"width":800,"height":800,"url":"https:\/\/jogalia.com\/wp-content\/uploads\/2025\/11\/NEW-BALANCE-1.jpg","type":"image\/jpeg"}],"twitter_card":"summary_large_image","twitter_misc":{"Temps estimat de lectura":"1 minut"},"schema":{"@context":"https:\/\/schema.org","@graph":[{"@type":"WebPage","@id":"https:\/\/jogalia.com\/producto\/zapatilla-new-balance-m_warisv4-angora\/","url":"https:\/\/jogalia.com\/producto\/zapatilla-new-balance-m_warisv4-angora\/","name":"ZAPATILLA NEW BALANCE M_WARISV4 ANGORA - JOGALIA","isPartOf":{"@id":"https:\/\/jogalia.com\/#website"},"primaryImageOfPage":{"@id":"https:\/\/jogalia.com\/producto\/zapatilla-new-balance-m_warisv4-angora\/#primaryimage"},"image":{"@id":"https:\/\/jogalia.com\/producto\/zapatilla-new-balance-m_warisv4-angora\/#primaryimage"},"thumbnailUrl":"https:\/\/jogalia.com\/wp-content\/uploads\/2025\/11\/NEW-BALANCE-1.jpg","datePublished":"2025-11-05T15:35:42+00:00","dateModified":"2025-11-05T15:35:43+00:00","description":"Dise\u00f1adas para acompa\u00f1arte en cualquier momento del d\u00eda, las Fresh Foam Arishi V4 combinan rendimiento, confort y estilo moderno.","breadcrumb":{"@id":"https:\/\/jogalia.com\/producto\/zapatilla-new-balance-m_warisv4-angora\/#breadcrumb"},"inLanguage":"ca","potentialAction":[{"@type":"ReadAction","target":["https:\/\/jogalia.com\/producto\/zapatilla-new-balance-m_warisv4-angora\/"]}]},{"@type":"ImageObject","inLanguage":"ca","@id":"https:\/\/jogalia.com\/producto\/zapatilla-new-balance-m_warisv4-angora\/#primaryimage","url":"https:\/\/jogalia.com\/wp-content\/uploads\/2025\/11\/NEW-BALANCE-1.jpg","contentUrl":"https:\/\/jogalia.com\/wp-content\/uploads\/2025\/11\/NEW-BALANCE-1.jpg","width":800,"height":800},{"@type":"BreadcrumbList","@id":"https:\/\/jogalia.com\/producto\/zapatilla-new-balance-m_warisv4-angora\/#breadcrumb","itemListElement":[{"@type":"ListItem","position":1,"name":"Portada","item":"https:\/\/jogalia.com\/"},{"@type":"ListItem","position":2,"name":"Tienda","item":"https:\/\/jogalia.com\/shop\/"},{"@type":"ListItem","position":3,"name":"ZAPATILLA NEW BALANCE M_WARISV4 ANGORA"}]},{"@type":"WebSite","@id":"https:\/\/jogalia.com\/#website","url":"https:\/\/jogalia.com\/","name":"JOGALIA","description":"Encuentra tu estilo perfecto en Jogalia: Moda, deporte y las marcas m\u00e1s exclusivas.","potentialAction":[{"@type":"SearchAction","target":{"@type":"EntryPoint","urlTemplate":"https:\/\/jogalia.com\/?s={search_term_string}"},"query-input":{"@type":"PropertyValueSpecification","valueRequired":true,"valueName":"search_term_string"}}],"inLanguage":"ca"}]}},"_links":{"self":[{"href":"https:\/\/jogalia.com\/ca\/wp-json\/wp\/v2\/product\/2530","targetHints":{"allow":["GET"]}}],"collection":[{"href":"https:\/\/jogalia.com\/ca\/wp-json\/wp\/v2\/product"}],"about":[{"href":"https:\/\/jogalia.com\/ca\/wp-json\/wp\/v2\/types\/product"}],"wp:featuredmedia":[{"embeddable":true,"href":"https:\/\/jogalia.com\/ca\/wp-json\/wp\/v2\/media\/2534"}],"wp:attachment":[{"href":"https:\/\/jogalia.com\/ca\/wp-json\/wp\/v2\/media?parent=2530"}],"wp:term":[{"taxonomy":"product_brand","embeddable":true,"href":"https:\/\/jogalia.com\/ca\/wp-json\/wp\/v2\/product_brand?post=2530"},{"taxonomy":"product_cat","embeddable":true,"href":"https:\/\/jogalia.com\/ca\/wp-json\/wp\/v2\/product_cat?post=2530"},{"taxonomy":"product_tag","embeddable":true,"href":"https:\/\/jogalia.com\/ca\/wp-json\/wp\/v2\/product_tag?post=2530"}],"curies":[{"name":"wp","href":"https:\/\/api.w.org\/{rel}","templated":true}]}}