{"id":2509,"date":"2025-11-05T12:35:54","date_gmt":"2025-11-05T11:35:54","guid":{"rendered":"https:\/\/jogalia.com\/?post_type=product&#038;p=2509"},"modified":"2025-11-05T13:05:28","modified_gmt":"2025-11-05T12:05:28","slug":"munequeras-jordan-dri-fit","status":"publish","type":"product","link":"https:\/\/jogalia.com\/ca\/producte\/munequeras-jordan-dri-fit\/","title":{"rendered":"Mu\u00f1equeras Jordan Dri Fit Negro\/Blanco"},"content":{"rendered":"<p>Disfruta de las mu\u00f1equeras\u00a0 DRI FIT\u00a0 terry wristbands de Jordan . Con las mu\u00f1equeras Jordan te sentir\u00e1s listo para jugar en cualquier momento.<\/p>\n<h4><strong>CARACTER\u00cdTICAS:<\/strong><\/h4>\n<ul>\n<li class=\"ng-binding ng-scope\">Amplio perfil para cobertura adicional.<\/li>\n<li>La construcci\u00f3n el\u00e1stica ofrece un ajuste c\u00f3modo.<\/li>\n<li>La tela absorbente ayuda a mantener el sudor fuera de la piel.<\/li>\n<\/ul>","protected":false},"excerpt":{"rendered":"<h4 class=\"ng-binding ng-scope\"><strong>FICHA T\u00c9CNICA:<\/strong><\/h4>\n<ul>\n<li><b>Color:<\/b>\u00a0Blanco \/ Negro.<\/li>\n<li><strong>Composici\u00f3n:<\/strong>\u00a096% nylon \/ 4% elast\u00e1n.<\/li>\n<li>Recomendado para<strong>\u00a0unisex.<\/strong><\/li>\n<\/ul>","protected":false},"featured_media":2510,"template":"","meta":{"neve_meta_sidebar":"","neve_meta_container":"","neve_meta_enable_content_width":"off","neve_meta_content_width":100,"neve_meta_title_alignment":"","neve_meta_author_avatar":"","neve_post_elements_order":"","neve_meta_disable_header":"","neve_meta_disable_footer":"","neve_meta_disable_title":"","_joinchat":[]},"product_brand":[],"product_cat":[23,71,37,70,64,72],"product_tag":[],"class_list":{"0":"post-2509","1":"product","2":"type-product","3":"status-publish","4":"has-post-thumbnail","6":"product_cat-accesorios","7":"product_cat-hombre","8":"product_cat-jordan","9":"product_cat-mujer","10":"product_cat-productos-destacados","11":"product_cat-unisex","13":"first","14":"instock","15":"sale","16":"sold-individually","17":"taxable","18":"shipping-taxable","19":"purchasable","20":"product-type-simple"},"yoast_head":"<!-- This site is optimized with the Yoast SEO plugin v27.0 - https:\/\/yoast.com\/product\/yoast-seo-wordpress\/ -->\n<title>Mu\u00f1equeras Jordan Dri Fit Negro\/Blanco - JOGALIA<\/title>\n<meta name=\"description\" content=\"Disfruta de las mu\u00f1equeras\u00a0 DRI FIT Jordan terry wristbands de Jordan . Con las mu\u00f1equeras Jordan te sentir\u00e1s listo para jugar en cualquier momento.\" \/>\n<meta name=\"robots\" content=\"index, follow, max-snippet:-1, max-image-preview:large, max-video-preview:-1\" \/>\n<link rel=\"canonical\" href=\"https:\/\/jogalia.com\/ca\/producte\/munequeras-jordan-dri-fit\/\" \/>\n<meta property=\"og:locale\" content=\"ca_ES\" \/>\n<meta property=\"og:type\" content=\"article\" \/>\n<meta property=\"og:title\" content=\"Mu\u00f1equeras Jordan Dri Fit Negro\/Blanco - JOGALIA\" \/>\n<meta property=\"og:description\" content=\"Disfruta de las mu\u00f1equeras\u00a0 DRI FIT Jordan terry wristbands de Jordan . Con las mu\u00f1equeras Jordan te sentir\u00e1s listo para jugar en cualquier momento.\" \/>\n<meta property=\"og:url\" content=\"https:\/\/jogalia.com\/ca\/producte\/munequeras-jordan-dri-fit\/\" \/>\n<meta property=\"og:site_name\" content=\"JOGALIA\" \/>\n<meta property=\"article:modified_time\" content=\"2025-11-05T12:05:28+00:00\" \/>\n<meta property=\"og:image\" content=\"https:\/\/jogalia.com\/wp-content\/uploads\/2025\/11\/jordan-1.jpg\" \/>\n\t<meta property=\"og:image:width\" content=\"800\" \/>\n\t<meta property=\"og:image:height\" content=\"800\" \/>\n\t<meta property=\"og:image:type\" content=\"image\/jpeg\" \/>\n<meta name=\"twitter:card\" content=\"summary_large_image\" \/>\n<meta name=\"twitter:label1\" content=\"Temps estimat de lectura\" \/>\n\t<meta name=\"twitter:data1\" content=\"1 minut\" \/>\n<script type=\"application\/ld+json\" class=\"yoast-schema-graph\">{\"@context\":\"https:\/\/schema.org\",\"@graph\":[{\"@type\":\"WebPage\",\"@id\":\"https:\/\/jogalia.com\/producto\/munequeras-jordan-dri-fit\/\",\"url\":\"https:\/\/jogalia.com\/producto\/munequeras-jordan-dri-fit\/\",\"name\":\"Mu\u00f1equeras Jordan Dri Fit Negro\/Blanco - JOGALIA\",\"isPartOf\":{\"@id\":\"https:\/\/jogalia.com\/#website\"},\"primaryImageOfPage\":{\"@id\":\"https:\/\/jogalia.com\/producto\/munequeras-jordan-dri-fit\/#primaryimage\"},\"image\":{\"@id\":\"https:\/\/jogalia.com\/producto\/munequeras-jordan-dri-fit\/#primaryimage\"},\"thumbnailUrl\":\"https:\/\/jogalia.com\/wp-content\/uploads\/2025\/11\/jordan-1.jpg\",\"datePublished\":\"2025-11-05T11:35:54+00:00\",\"dateModified\":\"2025-11-05T12:05:28+00:00\",\"description\":\"Disfruta de las mu\u00f1equeras\u00a0 DRI FIT Jordan terry wristbands de Jordan . Con las mu\u00f1equeras Jordan te sentir\u00e1s listo para jugar en cualquier momento.\",\"breadcrumb\":{\"@id\":\"https:\/\/jogalia.com\/producto\/munequeras-jordan-dri-fit\/#breadcrumb\"},\"inLanguage\":\"ca\",\"potentialAction\":[{\"@type\":\"ReadAction\",\"target\":[\"https:\/\/jogalia.com\/producto\/munequeras-jordan-dri-fit\/\"]}]},{\"@type\":\"ImageObject\",\"inLanguage\":\"ca\",\"@id\":\"https:\/\/jogalia.com\/producto\/munequeras-jordan-dri-fit\/#primaryimage\",\"url\":\"https:\/\/jogalia.com\/wp-content\/uploads\/2025\/11\/jordan-1.jpg\",\"contentUrl\":\"https:\/\/jogalia.com\/wp-content\/uploads\/2025\/11\/jordan-1.jpg\",\"width\":800,\"height\":800},{\"@type\":\"BreadcrumbList\",\"@id\":\"https:\/\/jogalia.com\/producto\/munequeras-jordan-dri-fit\/#breadcrumb\",\"itemListElement\":[{\"@type\":\"ListItem\",\"position\":1,\"name\":\"Portada\",\"item\":\"https:\/\/jogalia.com\/\"},{\"@type\":\"ListItem\",\"position\":2,\"name\":\"Tienda\",\"item\":\"https:\/\/jogalia.com\/shop\/\"},{\"@type\":\"ListItem\",\"position\":3,\"name\":\"Mu\u00f1equeras Jordan Dri Fit Negro\/Blanco\"}]},{\"@type\":\"WebSite\",\"@id\":\"https:\/\/jogalia.com\/#website\",\"url\":\"https:\/\/jogalia.com\/\",\"name\":\"JOGALIA\",\"description\":\"Encuentra tu estilo perfecto en Jogalia: Moda, deporte y las marcas m\u00e1s exclusivas.\",\"potentialAction\":[{\"@type\":\"SearchAction\",\"target\":{\"@type\":\"EntryPoint\",\"urlTemplate\":\"https:\/\/jogalia.com\/?s={search_term_string}\"},\"query-input\":{\"@type\":\"PropertyValueSpecification\",\"valueRequired\":true,\"valueName\":\"search_term_string\"}}],\"inLanguage\":\"ca\"}]}<\/script>\n<!-- \/ Yoast SEO plugin. -->","yoast_head_json":{"title":"Mu\u00f1equeras Jordan Dri Fit Negro\/Blanco - JOGALIA","description":"Disfruta de las mu\u00f1equeras\u00a0 DRI FIT Jordan terry wristbands de Jordan . Con las mu\u00f1equeras Jordan te sentir\u00e1s listo para jugar en cualquier momento.","robots":{"index":"index","follow":"follow","max-snippet":"max-snippet:-1","max-image-preview":"max-image-preview:large","max-video-preview":"max-video-preview:-1"},"canonical":"https:\/\/jogalia.com\/ca\/producte\/munequeras-jordan-dri-fit\/","og_locale":"ca_ES","og_type":"article","og_title":"Mu\u00f1equeras Jordan Dri Fit Negro\/Blanco - JOGALIA","og_description":"Disfruta de las mu\u00f1equeras\u00a0 DRI FIT Jordan terry wristbands de Jordan . Con las mu\u00f1equeras Jordan te sentir\u00e1s listo para jugar en cualquier momento.","og_url":"https:\/\/jogalia.com\/ca\/producte\/munequeras-jordan-dri-fit\/","og_site_name":"JOGALIA","article_modified_time":"2025-11-05T12:05:28+00:00","og_image":[{"width":800,"height":800,"url":"https:\/\/jogalia.com\/wp-content\/uploads\/2025\/11\/jordan-1.jpg","type":"image\/jpeg"}],"twitter_card":"summary_large_image","twitter_misc":{"Temps estimat de lectura":"1 minut"},"schema":{"@context":"https:\/\/schema.org","@graph":[{"@type":"WebPage","@id":"https:\/\/jogalia.com\/producto\/munequeras-jordan-dri-fit\/","url":"https:\/\/jogalia.com\/producto\/munequeras-jordan-dri-fit\/","name":"Mu\u00f1equeras Jordan Dri Fit Negro\/Blanco - JOGALIA","isPartOf":{"@id":"https:\/\/jogalia.com\/#website"},"primaryImageOfPage":{"@id":"https:\/\/jogalia.com\/producto\/munequeras-jordan-dri-fit\/#primaryimage"},"image":{"@id":"https:\/\/jogalia.com\/producto\/munequeras-jordan-dri-fit\/#primaryimage"},"thumbnailUrl":"https:\/\/jogalia.com\/wp-content\/uploads\/2025\/11\/jordan-1.jpg","datePublished":"2025-11-05T11:35:54+00:00","dateModified":"2025-11-05T12:05:28+00:00","description":"Disfruta de las mu\u00f1equeras\u00a0 DRI FIT Jordan terry wristbands de Jordan . Con las mu\u00f1equeras Jordan te sentir\u00e1s listo para jugar en cualquier momento.","breadcrumb":{"@id":"https:\/\/jogalia.com\/producto\/munequeras-jordan-dri-fit\/#breadcrumb"},"inLanguage":"ca","potentialAction":[{"@type":"ReadAction","target":["https:\/\/jogalia.com\/producto\/munequeras-jordan-dri-fit\/"]}]},{"@type":"ImageObject","inLanguage":"ca","@id":"https:\/\/jogalia.com\/producto\/munequeras-jordan-dri-fit\/#primaryimage","url":"https:\/\/jogalia.com\/wp-content\/uploads\/2025\/11\/jordan-1.jpg","contentUrl":"https:\/\/jogalia.com\/wp-content\/uploads\/2025\/11\/jordan-1.jpg","width":800,"height":800},{"@type":"BreadcrumbList","@id":"https:\/\/jogalia.com\/producto\/munequeras-jordan-dri-fit\/#breadcrumb","itemListElement":[{"@type":"ListItem","position":1,"name":"Portada","item":"https:\/\/jogalia.com\/"},{"@type":"ListItem","position":2,"name":"Tienda","item":"https:\/\/jogalia.com\/shop\/"},{"@type":"ListItem","position":3,"name":"Mu\u00f1equeras Jordan Dri Fit Negro\/Blanco"}]},{"@type":"WebSite","@id":"https:\/\/jogalia.com\/#website","url":"https:\/\/jogalia.com\/","name":"JOGALIA","description":"Encuentra tu estilo perfecto en Jogalia: Moda, deporte y las marcas m\u00e1s exclusivas.","potentialAction":[{"@type":"SearchAction","target":{"@type":"EntryPoint","urlTemplate":"https:\/\/jogalia.com\/?s={search_term_string}"},"query-input":{"@type":"PropertyValueSpecification","valueRequired":true,"valueName":"search_term_string"}}],"inLanguage":"ca"}]}},"_links":{"self":[{"href":"https:\/\/jogalia.com\/ca\/wp-json\/wp\/v2\/product\/2509","targetHints":{"allow":["GET"]}}],"collection":[{"href":"https:\/\/jogalia.com\/ca\/wp-json\/wp\/v2\/product"}],"about":[{"href":"https:\/\/jogalia.com\/ca\/wp-json\/wp\/v2\/types\/product"}],"wp:featuredmedia":[{"embeddable":true,"href":"https:\/\/jogalia.com\/ca\/wp-json\/wp\/v2\/media\/2510"}],"wp:attachment":[{"href":"https:\/\/jogalia.com\/ca\/wp-json\/wp\/v2\/media?parent=2509"}],"wp:term":[{"taxonomy":"product_brand","embeddable":true,"href":"https:\/\/jogalia.com\/ca\/wp-json\/wp\/v2\/product_brand?post=2509"},{"taxonomy":"product_cat","embeddable":true,"href":"https:\/\/jogalia.com\/ca\/wp-json\/wp\/v2\/product_cat?post=2509"},{"taxonomy":"product_tag","embeddable":true,"href":"https:\/\/jogalia.com\/ca\/wp-json\/wp\/v2\/product_tag?post=2509"}],"curies":[{"name":"wp","href":"https:\/\/api.w.org\/{rel}","templated":true}]}}