{"id":2180,"date":"2025-06-18T13:39:50","date_gmt":"2025-06-18T11:39:50","guid":{"rendered":"https:\/\/jogalia.com\/?post_type=product&#038;p=2180"},"modified":"2025-10-07T13:42:44","modified_gmt":"2025-10-07T11:42:44","slug":"2180","status":"publish","type":"product","link":"https:\/\/jogalia.com\/ca\/producte\/2180\/","title":{"rendered":"Camiseta futbol CLARET"},"content":{"rendered":"<p>Camiseta de futbol, oficial de partido<\/p>","protected":false},"excerpt":{"rendered":"<p>Plazo de entrega seg\u00fan disponibilidad proveedor, se confirmar\u00e1 por email.<\/p>\n<p>En el carrito poner en el apartado de NOTA DEL PEDIDO el n\u00famero que ha de llevar la camiseta<\/p>","protected":false},"featured_media":2459,"template":"","meta":{"neve_meta_sidebar":"","neve_meta_container":"","neve_meta_enable_content_width":"off","neve_meta_content_width":100,"neve_meta_title_alignment":"","neve_meta_author_avatar":"","neve_post_elements_order":"","neve_meta_disable_header":"","neve_meta_disable_footer":"","neve_meta_disable_title":"","_joinchat":[]},"product_brand":[],"product_cat":[79],"product_tag":[],"class_list":{"0":"post-2180","1":"product","2":"type-product","3":"status-publish","4":"has-post-thumbnail","6":"product_cat-claret","8":"first","9":"instock","10":"taxable","11":"shipping-taxable","12":"purchasable","13":"product-type-variable"},"yoast_head":"<!-- This site is optimized with the Yoast SEO plugin v27.0 - https:\/\/yoast.com\/product\/yoast-seo-wordpress\/ -->\n<title>Camiseta futbol CLARET - JOGALIA<\/title>\n<meta name=\"robots\" content=\"index, follow, max-snippet:-1, max-image-preview:large, max-video-preview:-1\" \/>\n<link rel=\"canonical\" href=\"https:\/\/jogalia.com\/ca\/producte\/2180\/\" \/>\n<meta property=\"og:locale\" content=\"ca_ES\" \/>\n<meta property=\"og:type\" content=\"article\" \/>\n<meta property=\"og:title\" content=\"Camiseta futbol CLARET - JOGALIA\" \/>\n<meta property=\"og:description\" content=\"Plazo de entrega seg\u00fan disponibilidad proveedor, se confirmar\u00e1 por email.  En el carrito poner en el apartado de NOTA DEL PEDIDO el n\u00famero que ha de llevar la camiseta\" \/>\n<meta property=\"og:url\" content=\"https:\/\/jogalia.com\/ca\/producte\/2180\/\" \/>\n<meta property=\"og:site_name\" content=\"JOGALIA\" \/>\n<meta property=\"article:modified_time\" content=\"2025-10-07T11:42:44+00:00\" \/>\n<meta property=\"og:image\" content=\"https:\/\/jogalia.com\/wp-content\/uploads\/2025\/06\/1000141027.jpg\" \/>\n\t<meta property=\"og:image:width\" content=\"1620\" \/>\n\t<meta property=\"og:image:height\" content=\"1079\" \/>\n\t<meta property=\"og:image:type\" content=\"image\/jpeg\" \/>\n<meta name=\"twitter:card\" content=\"summary_large_image\" \/>\n<meta name=\"twitter:label1\" content=\"Temps estimat de lectura\" \/>\n\t<meta name=\"twitter:data1\" content=\"1 minut\" \/>\n<script type=\"application\/ld+json\" class=\"yoast-schema-graph\">{\"@context\":\"https:\/\/schema.org\",\"@graph\":[{\"@type\":\"WebPage\",\"@id\":\"https:\/\/jogalia.com\/producto\/2180\/\",\"url\":\"https:\/\/jogalia.com\/producto\/2180\/\",\"name\":\"Camiseta futbol CLARET - JOGALIA\",\"isPartOf\":{\"@id\":\"https:\/\/jogalia.com\/#website\"},\"primaryImageOfPage\":{\"@id\":\"https:\/\/jogalia.com\/producto\/2180\/#primaryimage\"},\"image\":{\"@id\":\"https:\/\/jogalia.com\/producto\/2180\/#primaryimage\"},\"thumbnailUrl\":\"https:\/\/jogalia.com\/wp-content\/uploads\/2025\/06\/1000141027.jpg\",\"datePublished\":\"2025-06-18T11:39:50+00:00\",\"dateModified\":\"2025-10-07T11:42:44+00:00\",\"breadcrumb\":{\"@id\":\"https:\/\/jogalia.com\/producto\/2180\/#breadcrumb\"},\"inLanguage\":\"ca\",\"potentialAction\":[{\"@type\":\"ReadAction\",\"target\":[\"https:\/\/jogalia.com\/producto\/2180\/\"]}]},{\"@type\":\"ImageObject\",\"inLanguage\":\"ca\",\"@id\":\"https:\/\/jogalia.com\/producto\/2180\/#primaryimage\",\"url\":\"https:\/\/jogalia.com\/wp-content\/uploads\/2025\/06\/1000141027.jpg\",\"contentUrl\":\"https:\/\/jogalia.com\/wp-content\/uploads\/2025\/06\/1000141027.jpg\",\"width\":1620,\"height\":1079},{\"@type\":\"BreadcrumbList\",\"@id\":\"https:\/\/jogalia.com\/producto\/2180\/#breadcrumb\",\"itemListElement\":[{\"@type\":\"ListItem\",\"position\":1,\"name\":\"Portada\",\"item\":\"https:\/\/jogalia.com\/\"},{\"@type\":\"ListItem\",\"position\":2,\"name\":\"Tienda\",\"item\":\"https:\/\/jogalia.com\/shop\/\"},{\"@type\":\"ListItem\",\"position\":3,\"name\":\"Camiseta futbol CLARET\"}]},{\"@type\":\"WebSite\",\"@id\":\"https:\/\/jogalia.com\/#website\",\"url\":\"https:\/\/jogalia.com\/\",\"name\":\"JOGALIA\",\"description\":\"Encuentra tu estilo perfecto en Jogalia: Moda, deporte y las marcas m\u00e1s exclusivas.\",\"potentialAction\":[{\"@type\":\"SearchAction\",\"target\":{\"@type\":\"EntryPoint\",\"urlTemplate\":\"https:\/\/jogalia.com\/?s={search_term_string}\"},\"query-input\":{\"@type\":\"PropertyValueSpecification\",\"valueRequired\":true,\"valueName\":\"search_term_string\"}}],\"inLanguage\":\"ca\"}]}<\/script>\n<!-- \/ Yoast SEO plugin. -->","yoast_head_json":{"title":"Camiseta futbol CLARET - JOGALIA","robots":{"index":"index","follow":"follow","max-snippet":"max-snippet:-1","max-image-preview":"max-image-preview:large","max-video-preview":"max-video-preview:-1"},"canonical":"https:\/\/jogalia.com\/ca\/producte\/2180\/","og_locale":"ca_ES","og_type":"article","og_title":"Camiseta futbol CLARET - JOGALIA","og_description":"Plazo de entrega seg\u00fan disponibilidad proveedor, se confirmar\u00e1 por email.  En el carrito poner en el apartado de NOTA DEL PEDIDO el n\u00famero que ha de llevar la camiseta","og_url":"https:\/\/jogalia.com\/ca\/producte\/2180\/","og_site_name":"JOGALIA","article_modified_time":"2025-10-07T11:42:44+00:00","og_image":[{"width":1620,"height":1079,"url":"https:\/\/jogalia.com\/wp-content\/uploads\/2025\/06\/1000141027.jpg","type":"image\/jpeg"}],"twitter_card":"summary_large_image","twitter_misc":{"Temps estimat de lectura":"1 minut"},"schema":{"@context":"https:\/\/schema.org","@graph":[{"@type":"WebPage","@id":"https:\/\/jogalia.com\/producto\/2180\/","url":"https:\/\/jogalia.com\/producto\/2180\/","name":"Camiseta futbol CLARET - JOGALIA","isPartOf":{"@id":"https:\/\/jogalia.com\/#website"},"primaryImageOfPage":{"@id":"https:\/\/jogalia.com\/producto\/2180\/#primaryimage"},"image":{"@id":"https:\/\/jogalia.com\/producto\/2180\/#primaryimage"},"thumbnailUrl":"https:\/\/jogalia.com\/wp-content\/uploads\/2025\/06\/1000141027.jpg","datePublished":"2025-06-18T11:39:50+00:00","dateModified":"2025-10-07T11:42:44+00:00","breadcrumb":{"@id":"https:\/\/jogalia.com\/producto\/2180\/#breadcrumb"},"inLanguage":"ca","potentialAction":[{"@type":"ReadAction","target":["https:\/\/jogalia.com\/producto\/2180\/"]}]},{"@type":"ImageObject","inLanguage":"ca","@id":"https:\/\/jogalia.com\/producto\/2180\/#primaryimage","url":"https:\/\/jogalia.com\/wp-content\/uploads\/2025\/06\/1000141027.jpg","contentUrl":"https:\/\/jogalia.com\/wp-content\/uploads\/2025\/06\/1000141027.jpg","width":1620,"height":1079},{"@type":"BreadcrumbList","@id":"https:\/\/jogalia.com\/producto\/2180\/#breadcrumb","itemListElement":[{"@type":"ListItem","position":1,"name":"Portada","item":"https:\/\/jogalia.com\/"},{"@type":"ListItem","position":2,"name":"Tienda","item":"https:\/\/jogalia.com\/shop\/"},{"@type":"ListItem","position":3,"name":"Camiseta futbol CLARET"}]},{"@type":"WebSite","@id":"https:\/\/jogalia.com\/#website","url":"https:\/\/jogalia.com\/","name":"JOGALIA","description":"Encuentra tu estilo perfecto en Jogalia: Moda, deporte y las marcas m\u00e1s exclusivas.","potentialAction":[{"@type":"SearchAction","target":{"@type":"EntryPoint","urlTemplate":"https:\/\/jogalia.com\/?s={search_term_string}"},"query-input":{"@type":"PropertyValueSpecification","valueRequired":true,"valueName":"search_term_string"}}],"inLanguage":"ca"}]}},"_links":{"self":[{"href":"https:\/\/jogalia.com\/ca\/wp-json\/wp\/v2\/product\/2180","targetHints":{"allow":["GET"]}}],"collection":[{"href":"https:\/\/jogalia.com\/ca\/wp-json\/wp\/v2\/product"}],"about":[{"href":"https:\/\/jogalia.com\/ca\/wp-json\/wp\/v2\/types\/product"}],"wp:featuredmedia":[{"embeddable":true,"href":"https:\/\/jogalia.com\/ca\/wp-json\/wp\/v2\/media\/2459"}],"wp:attachment":[{"href":"https:\/\/jogalia.com\/ca\/wp-json\/wp\/v2\/media?parent=2180"}],"wp:term":[{"taxonomy":"product_brand","embeddable":true,"href":"https:\/\/jogalia.com\/ca\/wp-json\/wp\/v2\/product_brand?post=2180"},{"taxonomy":"product_cat","embeddable":true,"href":"https:\/\/jogalia.com\/ca\/wp-json\/wp\/v2\/product_cat?post=2180"},{"taxonomy":"product_tag","embeddable":true,"href":"https:\/\/jogalia.com\/ca\/wp-json\/wp\/v2\/product_tag?post=2180"}],"curies":[{"name":"wp","href":"https:\/\/api.w.org\/{rel}","templated":true}]}}