{"id":2037,"date":"2024-12-03T18:08:38","date_gmt":"2024-12-03T17:08:38","guid":{"rendered":"https:\/\/jogalia.com\/?post_type=product&#038;p=2037"},"modified":"2025-10-05T13:23:39","modified_gmt":"2025-10-05T11:23:39","slug":"zapatillas-puma-club-ii-era-3","status":"publish","type":"product","link":"https:\/\/jogalia.com\/ca\/producte\/zapatillas-puma-club-ii-era-3\/","title":{"rendered":"Zapatillas PUMA Club II Era"},"content":{"rendered":"<p>Pisa las calles con estilo retro y actitud. Las <strong>PUMA Club II Era<\/strong> fusionan el legado del f\u00fatbol con un dise\u00f1o moderno, combinando ante y piel suaves para un look \u00fanico. Su amortiguaci\u00f3n superior y la entresuela de textura gruesa ofrecen una comodidad insuperable, permiti\u00e9ndote conquistar cada paso con facilidad. Con un estilo informal inspirado en la cultura de las gradas, este calzado est\u00e1 hecho para destacar, donde sea que vayas.<\/p>","protected":false},"excerpt":{"rendered":"<div class=\"col-12 d-none d-lg-block\">\n<h2 class=\"product-name\" data-js-product-name=\"\">Zapatillas PUMA Club II Era<\/h2>\n<\/div>\n<div class=\"col-12\" data-js-product-badges-container=\"\"><\/div>\n<div class=\"col-12\">\n<div class=\"price-block\">\n<div class=\"row d-none d-lg-block\">\n<div class=\"col-12\" data-js-product-variation-price=\"\">397447-30<\/div>\n<\/div>\n<\/div>\n<\/div>","protected":false},"featured_media":2043,"template":"","meta":{"neve_meta_sidebar":"","neve_meta_container":"","neve_meta_enable_content_width":"off","neve_meta_content_width":100,"neve_meta_title_alignment":"","neve_meta_author_avatar":"","neve_post_elements_order":"","neve_meta_disable_header":"","neve_meta_disable_footer":"","neve_meta_disable_title":"","_joinchat":[]},"product_brand":[],"product_cat":[22,70,52,72],"product_tag":[],"class_list":{"0":"post-2037","1":"product","2":"type-product","3":"status-publish","4":"has-post-thumbnail","6":"product_cat-calzado","7":"product_cat-mujer","8":"product_cat-puma","9":"product_cat-unisex","11":"first","12":"instock","13":"taxable","14":"shipping-taxable","15":"product-type-variable"},"yoast_head":"<!-- This site is optimized with the Yoast SEO plugin v27.0 - https:\/\/yoast.com\/product\/yoast-seo-wordpress\/ -->\n<title>Zapatillas PUMA Club II Era - JOGALIA<\/title>\n<meta name=\"description\" content=\"Las PUMA Club II Era fusionan el legado del f\u00fatbol con un dise\u00f1o moderno, combinando ante y piel suaves para un look \u00fanico.\" \/>\n<meta name=\"robots\" content=\"index, follow, max-snippet:-1, max-image-preview:large, max-video-preview:-1\" \/>\n<link rel=\"canonical\" href=\"https:\/\/jogalia.com\/ca\/producte\/zapatillas-puma-club-ii-era-3\/\" \/>\n<meta property=\"og:locale\" content=\"ca_ES\" \/>\n<meta property=\"og:type\" content=\"article\" \/>\n<meta property=\"og:title\" content=\"Zapatillas PUMA Club II Era - JOGALIA\" \/>\n<meta property=\"og:description\" content=\"Las PUMA Club II Era fusionan el legado del f\u00fatbol con un dise\u00f1o moderno, combinando ante y piel suaves para un look \u00fanico.\" \/>\n<meta property=\"og:url\" content=\"https:\/\/jogalia.com\/ca\/producte\/zapatillas-puma-club-ii-era-3\/\" \/>\n<meta property=\"og:site_name\" content=\"JOGALIA\" \/>\n<meta property=\"article:modified_time\" content=\"2025-10-05T11:23:39+00:00\" \/>\n<meta property=\"og:image\" content=\"https:\/\/jogalia.com\/wp-content\/uploads\/2024\/12\/puma-rosa.webp\" \/>\n\t<meta property=\"og:image:width\" content=\"1024\" \/>\n\t<meta property=\"og:image:height\" content=\"717\" \/>\n\t<meta property=\"og:image:type\" content=\"image\/webp\" \/>\n<meta name=\"twitter:card\" content=\"summary_large_image\" \/>\n<meta name=\"twitter:label1\" content=\"Temps estimat de lectura\" \/>\n\t<meta name=\"twitter:data1\" content=\"1 minut\" \/>\n<script type=\"application\/ld+json\" class=\"yoast-schema-graph\">{\"@context\":\"https:\/\/schema.org\",\"@graph\":[{\"@type\":\"WebPage\",\"@id\":\"https:\/\/jogalia.com\/producto\/zapatillas-puma-club-ii-era-3\/\",\"url\":\"https:\/\/jogalia.com\/producto\/zapatillas-puma-club-ii-era-3\/\",\"name\":\"Zapatillas PUMA Club II Era - JOGALIA\",\"isPartOf\":{\"@id\":\"https:\/\/jogalia.com\/#website\"},\"primaryImageOfPage\":{\"@id\":\"https:\/\/jogalia.com\/producto\/zapatillas-puma-club-ii-era-3\/#primaryimage\"},\"image\":{\"@id\":\"https:\/\/jogalia.com\/producto\/zapatillas-puma-club-ii-era-3\/#primaryimage\"},\"thumbnailUrl\":\"https:\/\/jogalia.com\/wp-content\/uploads\/2024\/12\/puma-rosa.webp\",\"datePublished\":\"2024-12-03T17:08:38+00:00\",\"dateModified\":\"2025-10-05T11:23:39+00:00\",\"description\":\"Las PUMA Club II Era fusionan el legado del f\u00fatbol con un dise\u00f1o moderno, combinando ante y piel suaves para un look \u00fanico.\",\"breadcrumb\":{\"@id\":\"https:\/\/jogalia.com\/producto\/zapatillas-puma-club-ii-era-3\/#breadcrumb\"},\"inLanguage\":\"ca\",\"potentialAction\":[{\"@type\":\"ReadAction\",\"target\":[\"https:\/\/jogalia.com\/producto\/zapatillas-puma-club-ii-era-3\/\"]}]},{\"@type\":\"ImageObject\",\"inLanguage\":\"ca\",\"@id\":\"https:\/\/jogalia.com\/producto\/zapatillas-puma-club-ii-era-3\/#primaryimage\",\"url\":\"https:\/\/jogalia.com\/wp-content\/uploads\/2024\/12\/puma-rosa.webp\",\"contentUrl\":\"https:\/\/jogalia.com\/wp-content\/uploads\/2024\/12\/puma-rosa.webp\",\"width\":1024,\"height\":717,\"caption\":\"Zapatillas PUMA Club II Era\"},{\"@type\":\"BreadcrumbList\",\"@id\":\"https:\/\/jogalia.com\/producto\/zapatillas-puma-club-ii-era-3\/#breadcrumb\",\"itemListElement\":[{\"@type\":\"ListItem\",\"position\":1,\"name\":\"Portada\",\"item\":\"https:\/\/jogalia.com\/\"},{\"@type\":\"ListItem\",\"position\":2,\"name\":\"Tienda\",\"item\":\"https:\/\/jogalia.com\/shop\/\"},{\"@type\":\"ListItem\",\"position\":3,\"name\":\"Zapatillas PUMA Club II Era\"}]},{\"@type\":\"WebSite\",\"@id\":\"https:\/\/jogalia.com\/#website\",\"url\":\"https:\/\/jogalia.com\/\",\"name\":\"JOGALIA\",\"description\":\"Encuentra tu estilo perfecto en Jogalia: Moda, deporte y las marcas m\u00e1s exclusivas.\",\"potentialAction\":[{\"@type\":\"SearchAction\",\"target\":{\"@type\":\"EntryPoint\",\"urlTemplate\":\"https:\/\/jogalia.com\/?s={search_term_string}\"},\"query-input\":{\"@type\":\"PropertyValueSpecification\",\"valueRequired\":true,\"valueName\":\"search_term_string\"}}],\"inLanguage\":\"ca\"}]}<\/script>\n<!-- \/ Yoast SEO plugin. -->","yoast_head_json":{"title":"Zapatillas PUMA Club II Era - JOGALIA","description":"Las PUMA Club II Era fusionan el legado del f\u00fatbol con un dise\u00f1o moderno, combinando ante y piel suaves para un look \u00fanico.","robots":{"index":"index","follow":"follow","max-snippet":"max-snippet:-1","max-image-preview":"max-image-preview:large","max-video-preview":"max-video-preview:-1"},"canonical":"https:\/\/jogalia.com\/ca\/producte\/zapatillas-puma-club-ii-era-3\/","og_locale":"ca_ES","og_type":"article","og_title":"Zapatillas PUMA Club II Era - JOGALIA","og_description":"Las PUMA Club II Era fusionan el legado del f\u00fatbol con un dise\u00f1o moderno, combinando ante y piel suaves para un look \u00fanico.","og_url":"https:\/\/jogalia.com\/ca\/producte\/zapatillas-puma-club-ii-era-3\/","og_site_name":"JOGALIA","article_modified_time":"2025-10-05T11:23:39+00:00","og_image":[{"width":1024,"height":717,"url":"https:\/\/jogalia.com\/wp-content\/uploads\/2024\/12\/puma-rosa.webp","type":"image\/webp"}],"twitter_card":"summary_large_image","twitter_misc":{"Temps estimat de lectura":"1 minut"},"schema":{"@context":"https:\/\/schema.org","@graph":[{"@type":"WebPage","@id":"https:\/\/jogalia.com\/producto\/zapatillas-puma-club-ii-era-3\/","url":"https:\/\/jogalia.com\/producto\/zapatillas-puma-club-ii-era-3\/","name":"Zapatillas PUMA Club II Era - JOGALIA","isPartOf":{"@id":"https:\/\/jogalia.com\/#website"},"primaryImageOfPage":{"@id":"https:\/\/jogalia.com\/producto\/zapatillas-puma-club-ii-era-3\/#primaryimage"},"image":{"@id":"https:\/\/jogalia.com\/producto\/zapatillas-puma-club-ii-era-3\/#primaryimage"},"thumbnailUrl":"https:\/\/jogalia.com\/wp-content\/uploads\/2024\/12\/puma-rosa.webp","datePublished":"2024-12-03T17:08:38+00:00","dateModified":"2025-10-05T11:23:39+00:00","description":"Las PUMA Club II Era fusionan el legado del f\u00fatbol con un dise\u00f1o moderno, combinando ante y piel suaves para un look \u00fanico.","breadcrumb":{"@id":"https:\/\/jogalia.com\/producto\/zapatillas-puma-club-ii-era-3\/#breadcrumb"},"inLanguage":"ca","potentialAction":[{"@type":"ReadAction","target":["https:\/\/jogalia.com\/producto\/zapatillas-puma-club-ii-era-3\/"]}]},{"@type":"ImageObject","inLanguage":"ca","@id":"https:\/\/jogalia.com\/producto\/zapatillas-puma-club-ii-era-3\/#primaryimage","url":"https:\/\/jogalia.com\/wp-content\/uploads\/2024\/12\/puma-rosa.webp","contentUrl":"https:\/\/jogalia.com\/wp-content\/uploads\/2024\/12\/puma-rosa.webp","width":1024,"height":717,"caption":"Zapatillas PUMA Club II Era"},{"@type":"BreadcrumbList","@id":"https:\/\/jogalia.com\/producto\/zapatillas-puma-club-ii-era-3\/#breadcrumb","itemListElement":[{"@type":"ListItem","position":1,"name":"Portada","item":"https:\/\/jogalia.com\/"},{"@type":"ListItem","position":2,"name":"Tienda","item":"https:\/\/jogalia.com\/shop\/"},{"@type":"ListItem","position":3,"name":"Zapatillas PUMA Club II Era"}]},{"@type":"WebSite","@id":"https:\/\/jogalia.com\/#website","url":"https:\/\/jogalia.com\/","name":"JOGALIA","description":"Encuentra tu estilo perfecto en Jogalia: Moda, deporte y las marcas m\u00e1s exclusivas.","potentialAction":[{"@type":"SearchAction","target":{"@type":"EntryPoint","urlTemplate":"https:\/\/jogalia.com\/?s={search_term_string}"},"query-input":{"@type":"PropertyValueSpecification","valueRequired":true,"valueName":"search_term_string"}}],"inLanguage":"ca"}]}},"_links":{"self":[{"href":"https:\/\/jogalia.com\/ca\/wp-json\/wp\/v2\/product\/2037","targetHints":{"allow":["GET"]}}],"collection":[{"href":"https:\/\/jogalia.com\/ca\/wp-json\/wp\/v2\/product"}],"about":[{"href":"https:\/\/jogalia.com\/ca\/wp-json\/wp\/v2\/types\/product"}],"wp:featuredmedia":[{"embeddable":true,"href":"https:\/\/jogalia.com\/ca\/wp-json\/wp\/v2\/media\/2043"}],"wp:attachment":[{"href":"https:\/\/jogalia.com\/ca\/wp-json\/wp\/v2\/media?parent=2037"}],"wp:term":[{"taxonomy":"product_brand","embeddable":true,"href":"https:\/\/jogalia.com\/ca\/wp-json\/wp\/v2\/product_brand?post=2037"},{"taxonomy":"product_cat","embeddable":true,"href":"https:\/\/jogalia.com\/ca\/wp-json\/wp\/v2\/product_cat?post=2037"},{"taxonomy":"product_tag","embeddable":true,"href":"https:\/\/jogalia.com\/ca\/wp-json\/wp\/v2\/product_tag?post=2037"}],"curies":[{"name":"wp","href":"https:\/\/api.w.org\/{rel}","templated":true}]}}