{"id":1994,"date":"2024-11-06T20:09:28","date_gmt":"2024-11-06T19:09:28","guid":{"rendered":"https:\/\/jogalia.com\/?post_type=product&#038;p=1994"},"modified":"2025-10-07T19:10:14","modified_gmt":"2025-10-07T17:10:14","slug":"skechers-slip-ins-go-walk-flex-hands-up","status":"publish","type":"product","link":"https:\/\/jogalia.com\/ca\/producte\/skechers-slip-ins-go-walk-flex-hands-up\/","title":{"rendered":"Skechers Slip-ins: GO WALK Flex &#8211; Hands Up"},"content":{"rendered":"<div class=\"flex max-w-full flex-col flex-grow\">\n<div class=\"min-h-8 text-message flex w-full flex-col items-end gap-2 whitespace-normal break-words [.text-message+&amp;]:mt-5\" dir=\"auto\" data-message-author-role=\"assistant\" data-message-id=\"dd1cad43-cbf9-44d4-b720-3f161bbd7b2d\" data-message-model-slug=\"gpt-4o-mini\">\n<div class=\"flex w-full flex-col gap-1 empty:hidden first:pt-[3px]\">\n<div class=\"markdown prose w-full break-words dark:prose-invert light\">\n<p>Las Skechers Hands Free Slip-ins\u00ae GO WALK\u00ae Flex &#8211; Hands Up est\u00e1n dise\u00f1adas para ofrecerte una comodidad inmediata con solo dar un paso. Este modelo de cordones el\u00e1sticos incorpora una parte superior de malla con detalles sint\u00e9ticos termosellados, junto con nuestro exclusivo sistema Heel Pillow\u2122 para un ajuste m\u00e1s c\u00f3modo. Adem\u00e1s, cuenta con una plantilla Skechers Air-Cooled Memory Foam\u00ae para mayor confort y una media suela ligera ULTRA GO\u00ae que proporciona una amortiguaci\u00f3n excepcional en cada paso.<\/p>\n<\/div>\n<\/div>\n<\/div>\n<\/div>\n<div class=\"mb-2 flex gap-3 empty:hidden -ml-2\">\n<div class=\"items-center justify-start rounded-xl p-1 flex\">\n<div class=\"flex items-center\"><\/div>\n<\/div>\n<\/div>\n","protected":false},"excerpt":{"rendered":"<h1 class=\"c-product-details__product-name product-name\">Skechers Slip-ins: GO WALK Flex &#8211; Hands Up<\/h1>\n<p>216324 BBK<\/p>","protected":false},"featured_media":2001,"template":"","meta":{"neve_meta_sidebar":"","neve_meta_container":"","neve_meta_enable_content_width":"off","neve_meta_content_width":100,"neve_meta_title_alignment":"","neve_meta_author_avatar":"","neve_post_elements_order":"","neve_meta_disable_header":"","neve_meta_disable_footer":"","neve_meta_disable_title":"","_joinchat":[]},"product_brand":[],"product_cat":[22,71,70,56,72],"product_tag":[],"class_list":{"0":"post-1994","1":"product","2":"type-product","3":"status-publish","4":"has-post-thumbnail","6":"product_cat-calzado","7":"product_cat-hombre","8":"product_cat-mujer","9":"product_cat-skechers","10":"product_cat-unisex","12":"first","13":"instock","14":"taxable","15":"shipping-taxable","16":"product-type-variable"},"yoast_head":"<!-- This site is optimized with the Yoast SEO plugin v27.0 - https:\/\/yoast.com\/product\/yoast-seo-wordpress\/ -->\n<title>Skechers Slip-ins: GO WALK Flex - Hands Up - JOGALIA<\/title>\n<meta name=\"description\" content=\"Las Skechers Hands Free Slip-ins\u00ae GO WALK\u00ae Flex - Hands Up est\u00e1n dise\u00f1adas para ofrecerte una comodidad inmediata con solo dar un paso.\" \/>\n<meta name=\"robots\" content=\"index, follow, max-snippet:-1, max-image-preview:large, max-video-preview:-1\" \/>\n<link rel=\"canonical\" href=\"https:\/\/jogalia.com\/ca\/producte\/skechers-slip-ins-go-walk-flex-hands-up\/\" \/>\n<meta property=\"og:locale\" content=\"ca_ES\" \/>\n<meta property=\"og:type\" content=\"article\" \/>\n<meta property=\"og:title\" content=\"Skechers Slip-ins: GO WALK Flex - Hands Up - JOGALIA\" \/>\n<meta property=\"og:description\" content=\"Las Skechers Hands Free Slip-ins\u00ae GO WALK\u00ae Flex - Hands Up est\u00e1n dise\u00f1adas para ofrecerte una comodidad inmediata con solo dar un paso.\" \/>\n<meta property=\"og:url\" content=\"https:\/\/jogalia.com\/ca\/producte\/skechers-slip-ins-go-walk-flex-hands-up\/\" \/>\n<meta property=\"og:site_name\" content=\"JOGALIA\" \/>\n<meta property=\"article:modified_time\" content=\"2025-10-07T17:10:14+00:00\" \/>\n<meta property=\"og:image\" content=\"https:\/\/jogalia.com\/wp-content\/uploads\/2024\/11\/SKECHERS-NEGROS.jpg\" \/>\n\t<meta property=\"og:image:width\" content=\"800\" \/>\n\t<meta property=\"og:image:height\" content=\"708\" \/>\n\t<meta property=\"og:image:type\" content=\"image\/jpeg\" \/>\n<meta name=\"twitter:card\" content=\"summary_large_image\" \/>\n<meta name=\"twitter:label1\" content=\"Temps estimat de lectura\" \/>\n\t<meta name=\"twitter:data1\" content=\"1 minut\" \/>\n<script type=\"application\/ld+json\" class=\"yoast-schema-graph\">{\"@context\":\"https:\/\/schema.org\",\"@graph\":[{\"@type\":\"WebPage\",\"@id\":\"https:\/\/jogalia.com\/producto\/skechers-slip-ins-go-walk-flex-hands-up\/\",\"url\":\"https:\/\/jogalia.com\/producto\/skechers-slip-ins-go-walk-flex-hands-up\/\",\"name\":\"Skechers Slip-ins: GO WALK Flex - Hands Up - JOGALIA\",\"isPartOf\":{\"@id\":\"https:\/\/jogalia.com\/#website\"},\"primaryImageOfPage\":{\"@id\":\"https:\/\/jogalia.com\/producto\/skechers-slip-ins-go-walk-flex-hands-up\/#primaryimage\"},\"image\":{\"@id\":\"https:\/\/jogalia.com\/producto\/skechers-slip-ins-go-walk-flex-hands-up\/#primaryimage\"},\"thumbnailUrl\":\"https:\/\/jogalia.com\/wp-content\/uploads\/2024\/11\/SKECHERS-NEGROS.jpg\",\"datePublished\":\"2024-11-06T19:09:28+00:00\",\"dateModified\":\"2025-10-07T17:10:14+00:00\",\"description\":\"Las Skechers Hands Free Slip-ins\u00ae GO WALK\u00ae Flex - Hands Up est\u00e1n dise\u00f1adas para ofrecerte una comodidad inmediata con solo dar un paso.\",\"breadcrumb\":{\"@id\":\"https:\/\/jogalia.com\/producto\/skechers-slip-ins-go-walk-flex-hands-up\/#breadcrumb\"},\"inLanguage\":\"ca\",\"potentialAction\":[{\"@type\":\"ReadAction\",\"target\":[\"https:\/\/jogalia.com\/producto\/skechers-slip-ins-go-walk-flex-hands-up\/\"]}]},{\"@type\":\"ImageObject\",\"inLanguage\":\"ca\",\"@id\":\"https:\/\/jogalia.com\/producto\/skechers-slip-ins-go-walk-flex-hands-up\/#primaryimage\",\"url\":\"https:\/\/jogalia.com\/wp-content\/uploads\/2024\/11\/SKECHERS-NEGROS.jpg\",\"contentUrl\":\"https:\/\/jogalia.com\/wp-content\/uploads\/2024\/11\/SKECHERS-NEGROS.jpg\",\"width\":800,\"height\":708,\"caption\":\"Skechers Slip-ins: GO WALK Flex - Hands Up\"},{\"@type\":\"BreadcrumbList\",\"@id\":\"https:\/\/jogalia.com\/producto\/skechers-slip-ins-go-walk-flex-hands-up\/#breadcrumb\",\"itemListElement\":[{\"@type\":\"ListItem\",\"position\":1,\"name\":\"Portada\",\"item\":\"https:\/\/jogalia.com\/\"},{\"@type\":\"ListItem\",\"position\":2,\"name\":\"Tienda\",\"item\":\"https:\/\/jogalia.com\/shop\/\"},{\"@type\":\"ListItem\",\"position\":3,\"name\":\"Skechers Slip-ins: GO WALK Flex &#8211; Hands Up\"}]},{\"@type\":\"WebSite\",\"@id\":\"https:\/\/jogalia.com\/#website\",\"url\":\"https:\/\/jogalia.com\/\",\"name\":\"JOGALIA\",\"description\":\"Encuentra tu estilo perfecto en Jogalia: Moda, deporte y las marcas m\u00e1s exclusivas.\",\"potentialAction\":[{\"@type\":\"SearchAction\",\"target\":{\"@type\":\"EntryPoint\",\"urlTemplate\":\"https:\/\/jogalia.com\/?s={search_term_string}\"},\"query-input\":{\"@type\":\"PropertyValueSpecification\",\"valueRequired\":true,\"valueName\":\"search_term_string\"}}],\"inLanguage\":\"ca\"}]}<\/script>\n<!-- \/ Yoast SEO plugin. -->","yoast_head_json":{"title":"Skechers Slip-ins: GO WALK Flex - Hands Up - JOGALIA","description":"Las Skechers Hands Free Slip-ins\u00ae GO WALK\u00ae Flex - Hands Up est\u00e1n dise\u00f1adas para ofrecerte una comodidad inmediata con solo dar un paso.","robots":{"index":"index","follow":"follow","max-snippet":"max-snippet:-1","max-image-preview":"max-image-preview:large","max-video-preview":"max-video-preview:-1"},"canonical":"https:\/\/jogalia.com\/ca\/producte\/skechers-slip-ins-go-walk-flex-hands-up\/","og_locale":"ca_ES","og_type":"article","og_title":"Skechers Slip-ins: GO WALK Flex - Hands Up - JOGALIA","og_description":"Las Skechers Hands Free Slip-ins\u00ae GO WALK\u00ae Flex - Hands Up est\u00e1n dise\u00f1adas para ofrecerte una comodidad inmediata con solo dar un paso.","og_url":"https:\/\/jogalia.com\/ca\/producte\/skechers-slip-ins-go-walk-flex-hands-up\/","og_site_name":"JOGALIA","article_modified_time":"2025-10-07T17:10:14+00:00","og_image":[{"width":800,"height":708,"url":"https:\/\/jogalia.com\/wp-content\/uploads\/2024\/11\/SKECHERS-NEGROS.jpg","type":"image\/jpeg"}],"twitter_card":"summary_large_image","twitter_misc":{"Temps estimat de lectura":"1 minut"},"schema":{"@context":"https:\/\/schema.org","@graph":[{"@type":"WebPage","@id":"https:\/\/jogalia.com\/producto\/skechers-slip-ins-go-walk-flex-hands-up\/","url":"https:\/\/jogalia.com\/producto\/skechers-slip-ins-go-walk-flex-hands-up\/","name":"Skechers Slip-ins: GO WALK Flex - Hands Up - JOGALIA","isPartOf":{"@id":"https:\/\/jogalia.com\/#website"},"primaryImageOfPage":{"@id":"https:\/\/jogalia.com\/producto\/skechers-slip-ins-go-walk-flex-hands-up\/#primaryimage"},"image":{"@id":"https:\/\/jogalia.com\/producto\/skechers-slip-ins-go-walk-flex-hands-up\/#primaryimage"},"thumbnailUrl":"https:\/\/jogalia.com\/wp-content\/uploads\/2024\/11\/SKECHERS-NEGROS.jpg","datePublished":"2024-11-06T19:09:28+00:00","dateModified":"2025-10-07T17:10:14+00:00","description":"Las Skechers Hands Free Slip-ins\u00ae GO WALK\u00ae Flex - Hands Up est\u00e1n dise\u00f1adas para ofrecerte una comodidad inmediata con solo dar un paso.","breadcrumb":{"@id":"https:\/\/jogalia.com\/producto\/skechers-slip-ins-go-walk-flex-hands-up\/#breadcrumb"},"inLanguage":"ca","potentialAction":[{"@type":"ReadAction","target":["https:\/\/jogalia.com\/producto\/skechers-slip-ins-go-walk-flex-hands-up\/"]}]},{"@type":"ImageObject","inLanguage":"ca","@id":"https:\/\/jogalia.com\/producto\/skechers-slip-ins-go-walk-flex-hands-up\/#primaryimage","url":"https:\/\/jogalia.com\/wp-content\/uploads\/2024\/11\/SKECHERS-NEGROS.jpg","contentUrl":"https:\/\/jogalia.com\/wp-content\/uploads\/2024\/11\/SKECHERS-NEGROS.jpg","width":800,"height":708,"caption":"Skechers Slip-ins: GO WALK Flex - Hands Up"},{"@type":"BreadcrumbList","@id":"https:\/\/jogalia.com\/producto\/skechers-slip-ins-go-walk-flex-hands-up\/#breadcrumb","itemListElement":[{"@type":"ListItem","position":1,"name":"Portada","item":"https:\/\/jogalia.com\/"},{"@type":"ListItem","position":2,"name":"Tienda","item":"https:\/\/jogalia.com\/shop\/"},{"@type":"ListItem","position":3,"name":"Skechers Slip-ins: GO WALK Flex &#8211; Hands Up"}]},{"@type":"WebSite","@id":"https:\/\/jogalia.com\/#website","url":"https:\/\/jogalia.com\/","name":"JOGALIA","description":"Encuentra tu estilo perfecto en Jogalia: Moda, deporte y las marcas m\u00e1s exclusivas.","potentialAction":[{"@type":"SearchAction","target":{"@type":"EntryPoint","urlTemplate":"https:\/\/jogalia.com\/?s={search_term_string}"},"query-input":{"@type":"PropertyValueSpecification","valueRequired":true,"valueName":"search_term_string"}}],"inLanguage":"ca"}]}},"_links":{"self":[{"href":"https:\/\/jogalia.com\/ca\/wp-json\/wp\/v2\/product\/1994","targetHints":{"allow":["GET"]}}],"collection":[{"href":"https:\/\/jogalia.com\/ca\/wp-json\/wp\/v2\/product"}],"about":[{"href":"https:\/\/jogalia.com\/ca\/wp-json\/wp\/v2\/types\/product"}],"wp:featuredmedia":[{"embeddable":true,"href":"https:\/\/jogalia.com\/ca\/wp-json\/wp\/v2\/media\/2001"}],"wp:attachment":[{"href":"https:\/\/jogalia.com\/ca\/wp-json\/wp\/v2\/media?parent=1994"}],"wp:term":[{"taxonomy":"product_brand","embeddable":true,"href":"https:\/\/jogalia.com\/ca\/wp-json\/wp\/v2\/product_brand?post=1994"},{"taxonomy":"product_cat","embeddable":true,"href":"https:\/\/jogalia.com\/ca\/wp-json\/wp\/v2\/product_cat?post=1994"},{"taxonomy":"product_tag","embeddable":true,"href":"https:\/\/jogalia.com\/ca\/wp-json\/wp\/v2\/product_tag?post=1994"}],"curies":[{"name":"wp","href":"https:\/\/api.w.org\/{rel}","templated":true}]}}