{"id":1964,"date":"2024-11-06T19:28:43","date_gmt":"2024-11-06T18:28:43","guid":{"rendered":"https:\/\/jogalia.com\/?post_type=product&#038;p=1964"},"modified":"2025-10-05T13:16:57","modified_gmt":"2025-10-05T11:16:57","slug":"chuck-taylor-all-star-platform-leather","status":"publish","type":"product","link":"https:\/\/jogalia.com\/ca\/producte\/chuck-taylor-all-star-platform-leather\/","title":{"rendered":"Chuck Taylor All Star Platform Leather"},"content":{"rendered":"<p>Eleva tu estilo diario con estas Chuck con plataforma. La piel de alta calidad aporta el toque ideal de audacia, mientras que la suela de doble capa te da m\u00e1s altura. Siente la comodidad al m\u00e1ximo con la espuma ultrac\u00f3moda, como si caminaras entre las nubes.<\/p>\n<p>&nbsp;<\/p>\n<div id=\"pdp-more-info__model-info-anchor\" class=\"pdp-tab__list-title text-align--sm-center text--upper text--extrabold body-type--nano\">Detalles del producto<\/div>\n<ul class=\"pdp-tab__list\">\n<li class=\"pdp-tab__list-item pdp__list-item--bulleted\">Parte superior de piel con el look cl\u00e1sico de las Chuck<\/li>\n<li class=\"pdp-tab__list-item pdp__list-item--bulleted\">Espuma EVA para una sensaci\u00f3n ligera<\/li>\n<li class=\"pdp-tab__list-item pdp__list-item--bulleted\">Plataforma elevada para una mayor altura<\/li>\n<li class=\"pdp-tab__list-item pdp__list-item--bulleted\">Parche Chuck Taylor ic\u00f3nico en el tobillo y logotipo posterior All Star<\/li>\n<li class=\"pdp-tab__list-item pdp__list-item--bulleted\">Ic\u00f3nico parche de estrella en el tobillo.<\/li>\n<\/ul>","protected":false},"excerpt":{"rendered":"<h1 class=\"pdp-primary-information__product-name display--small-up\" tabindex=\"0\" data-product-name=\"\">Chuck Taylor All Star Platform Leather<\/h1>\n<div class=\"pdp-primary-information__container text-align--sm-center\" data-variants-target=\"\">\n<div class=\"pdp-primary-information__price body-type display--small-up\">\n<div class=\"pdp-primary-information__price flex flex-flow-wrap text-line--medium\">561676C<\/div>\n<\/div>\n<\/div>","protected":false},"featured_media":1970,"template":"","meta":{"neve_meta_sidebar":"","neve_meta_container":"","neve_meta_enable_content_width":"off","neve_meta_content_width":100,"neve_meta_title_alignment":"","neve_meta_author_avatar":"","neve_post_elements_order":"","neve_meta_disable_header":"","neve_meta_disable_footer":"","neve_meta_disable_title":"","_joinchat":[]},"product_brand":[],"product_cat":[22,76,70],"product_tag":[],"class_list":{"0":"post-1964","1":"product","2":"type-product","3":"status-publish","4":"has-post-thumbnail","6":"product_cat-calzado","7":"product_cat-converse","8":"product_cat-mujer","10":"first","11":"instock","12":"taxable","13":"shipping-taxable","14":"product-type-variable"},"yoast_head":"<!-- This site is optimized with the Yoast SEO plugin v27.0 - https:\/\/yoast.com\/product\/yoast-seo-wordpress\/ -->\n<title>Chuck Taylor All Star Platform Leather - JOGALIA<\/title>\n<meta name=\"description\" content=\"Eleva tu estilo diario con estas Chuck con plataforma. Siente la comodidad al m\u00e1ximo con la espuma ultrac\u00f3moda, como si caminaras entre las nubes.\" \/>\n<meta name=\"robots\" content=\"index, follow, max-snippet:-1, max-image-preview:large, max-video-preview:-1\" \/>\n<link rel=\"canonical\" href=\"https:\/\/jogalia.com\/ca\/producte\/chuck-taylor-all-star-platform-leather\/\" \/>\n<meta property=\"og:locale\" content=\"ca_ES\" \/>\n<meta property=\"og:type\" content=\"article\" \/>\n<meta property=\"og:title\" content=\"Chuck Taylor All Star Platform Leather - JOGALIA\" \/>\n<meta property=\"og:description\" content=\"Eleva tu estilo diario con estas Chuck con plataforma. Siente la comodidad al m\u00e1ximo con la espuma ultrac\u00f3moda, como si caminaras entre las nubes.\" \/>\n<meta property=\"og:url\" content=\"https:\/\/jogalia.com\/ca\/producte\/chuck-taylor-all-star-platform-leather\/\" \/>\n<meta property=\"og:site_name\" content=\"JOGALIA\" \/>\n<meta property=\"article:modified_time\" content=\"2025-10-05T11:16:57+00:00\" \/>\n<meta property=\"og:image\" content=\"https:\/\/jogalia.com\/wp-content\/uploads\/2024\/11\/CONVERSE-BLANCA.webp\" \/>\n\t<meta property=\"og:image:width\" content=\"964\" \/>\n\t<meta property=\"og:image:height\" content=\"898\" \/>\n\t<meta property=\"og:image:type\" content=\"image\/webp\" \/>\n<meta name=\"twitter:card\" content=\"summary_large_image\" \/>\n<meta name=\"twitter:label1\" content=\"Temps estimat de lectura\" \/>\n\t<meta name=\"twitter:data1\" content=\"1 minut\" \/>\n<script type=\"application\/ld+json\" class=\"yoast-schema-graph\">{\"@context\":\"https:\/\/schema.org\",\"@graph\":[{\"@type\":\"WebPage\",\"@id\":\"https:\/\/jogalia.com\/producto\/chuck-taylor-all-star-platform-leather\/\",\"url\":\"https:\/\/jogalia.com\/producto\/chuck-taylor-all-star-platform-leather\/\",\"name\":\"Chuck Taylor All Star Platform Leather - JOGALIA\",\"isPartOf\":{\"@id\":\"https:\/\/jogalia.com\/#website\"},\"primaryImageOfPage\":{\"@id\":\"https:\/\/jogalia.com\/producto\/chuck-taylor-all-star-platform-leather\/#primaryimage\"},\"image\":{\"@id\":\"https:\/\/jogalia.com\/producto\/chuck-taylor-all-star-platform-leather\/#primaryimage\"},\"thumbnailUrl\":\"https:\/\/jogalia.com\/wp-content\/uploads\/2024\/11\/CONVERSE-BLANCA.webp\",\"datePublished\":\"2024-11-06T18:28:43+00:00\",\"dateModified\":\"2025-10-05T11:16:57+00:00\",\"description\":\"Eleva tu estilo diario con estas Chuck con plataforma. Siente la comodidad al m\u00e1ximo con la espuma ultrac\u00f3moda, como si caminaras entre las nubes.\",\"breadcrumb\":{\"@id\":\"https:\/\/jogalia.com\/producto\/chuck-taylor-all-star-platform-leather\/#breadcrumb\"},\"inLanguage\":\"ca\",\"potentialAction\":[{\"@type\":\"ReadAction\",\"target\":[\"https:\/\/jogalia.com\/producto\/chuck-taylor-all-star-platform-leather\/\"]}]},{\"@type\":\"ImageObject\",\"inLanguage\":\"ca\",\"@id\":\"https:\/\/jogalia.com\/producto\/chuck-taylor-all-star-platform-leather\/#primaryimage\",\"url\":\"https:\/\/jogalia.com\/wp-content\/uploads\/2024\/11\/CONVERSE-BLANCA.webp\",\"contentUrl\":\"https:\/\/jogalia.com\/wp-content\/uploads\/2024\/11\/CONVERSE-BLANCA.webp\",\"width\":964,\"height\":898,\"caption\":\"Chuck Taylor All Star Platform Leather\"},{\"@type\":\"BreadcrumbList\",\"@id\":\"https:\/\/jogalia.com\/producto\/chuck-taylor-all-star-platform-leather\/#breadcrumb\",\"itemListElement\":[{\"@type\":\"ListItem\",\"position\":1,\"name\":\"Portada\",\"item\":\"https:\/\/jogalia.com\/\"},{\"@type\":\"ListItem\",\"position\":2,\"name\":\"Tienda\",\"item\":\"https:\/\/jogalia.com\/shop\/\"},{\"@type\":\"ListItem\",\"position\":3,\"name\":\"Chuck Taylor All Star Platform Leather\"}]},{\"@type\":\"WebSite\",\"@id\":\"https:\/\/jogalia.com\/#website\",\"url\":\"https:\/\/jogalia.com\/\",\"name\":\"JOGALIA\",\"description\":\"Encuentra tu estilo perfecto en Jogalia: Moda, deporte y las marcas m\u00e1s exclusivas.\",\"potentialAction\":[{\"@type\":\"SearchAction\",\"target\":{\"@type\":\"EntryPoint\",\"urlTemplate\":\"https:\/\/jogalia.com\/?s={search_term_string}\"},\"query-input\":{\"@type\":\"PropertyValueSpecification\",\"valueRequired\":true,\"valueName\":\"search_term_string\"}}],\"inLanguage\":\"ca\"}]}<\/script>\n<!-- \/ Yoast SEO plugin. -->","yoast_head_json":{"title":"Chuck Taylor All Star Platform Leather - JOGALIA","description":"Eleva tu estilo diario con estas Chuck con plataforma. Siente la comodidad al m\u00e1ximo con la espuma ultrac\u00f3moda, como si caminaras entre las nubes.","robots":{"index":"index","follow":"follow","max-snippet":"max-snippet:-1","max-image-preview":"max-image-preview:large","max-video-preview":"max-video-preview:-1"},"canonical":"https:\/\/jogalia.com\/ca\/producte\/chuck-taylor-all-star-platform-leather\/","og_locale":"ca_ES","og_type":"article","og_title":"Chuck Taylor All Star Platform Leather - JOGALIA","og_description":"Eleva tu estilo diario con estas Chuck con plataforma. Siente la comodidad al m\u00e1ximo con la espuma ultrac\u00f3moda, como si caminaras entre las nubes.","og_url":"https:\/\/jogalia.com\/ca\/producte\/chuck-taylor-all-star-platform-leather\/","og_site_name":"JOGALIA","article_modified_time":"2025-10-05T11:16:57+00:00","og_image":[{"width":964,"height":898,"url":"https:\/\/jogalia.com\/wp-content\/uploads\/2024\/11\/CONVERSE-BLANCA.webp","type":"image\/webp"}],"twitter_card":"summary_large_image","twitter_misc":{"Temps estimat de lectura":"1 minut"},"schema":{"@context":"https:\/\/schema.org","@graph":[{"@type":"WebPage","@id":"https:\/\/jogalia.com\/producto\/chuck-taylor-all-star-platform-leather\/","url":"https:\/\/jogalia.com\/producto\/chuck-taylor-all-star-platform-leather\/","name":"Chuck Taylor All Star Platform Leather - JOGALIA","isPartOf":{"@id":"https:\/\/jogalia.com\/#website"},"primaryImageOfPage":{"@id":"https:\/\/jogalia.com\/producto\/chuck-taylor-all-star-platform-leather\/#primaryimage"},"image":{"@id":"https:\/\/jogalia.com\/producto\/chuck-taylor-all-star-platform-leather\/#primaryimage"},"thumbnailUrl":"https:\/\/jogalia.com\/wp-content\/uploads\/2024\/11\/CONVERSE-BLANCA.webp","datePublished":"2024-11-06T18:28:43+00:00","dateModified":"2025-10-05T11:16:57+00:00","description":"Eleva tu estilo diario con estas Chuck con plataforma. Siente la comodidad al m\u00e1ximo con la espuma ultrac\u00f3moda, como si caminaras entre las nubes.","breadcrumb":{"@id":"https:\/\/jogalia.com\/producto\/chuck-taylor-all-star-platform-leather\/#breadcrumb"},"inLanguage":"ca","potentialAction":[{"@type":"ReadAction","target":["https:\/\/jogalia.com\/producto\/chuck-taylor-all-star-platform-leather\/"]}]},{"@type":"ImageObject","inLanguage":"ca","@id":"https:\/\/jogalia.com\/producto\/chuck-taylor-all-star-platform-leather\/#primaryimage","url":"https:\/\/jogalia.com\/wp-content\/uploads\/2024\/11\/CONVERSE-BLANCA.webp","contentUrl":"https:\/\/jogalia.com\/wp-content\/uploads\/2024\/11\/CONVERSE-BLANCA.webp","width":964,"height":898,"caption":"Chuck Taylor All Star Platform Leather"},{"@type":"BreadcrumbList","@id":"https:\/\/jogalia.com\/producto\/chuck-taylor-all-star-platform-leather\/#breadcrumb","itemListElement":[{"@type":"ListItem","position":1,"name":"Portada","item":"https:\/\/jogalia.com\/"},{"@type":"ListItem","position":2,"name":"Tienda","item":"https:\/\/jogalia.com\/shop\/"},{"@type":"ListItem","position":3,"name":"Chuck Taylor All Star Platform Leather"}]},{"@type":"WebSite","@id":"https:\/\/jogalia.com\/#website","url":"https:\/\/jogalia.com\/","name":"JOGALIA","description":"Encuentra tu estilo perfecto en Jogalia: Moda, deporte y las marcas m\u00e1s exclusivas.","potentialAction":[{"@type":"SearchAction","target":{"@type":"EntryPoint","urlTemplate":"https:\/\/jogalia.com\/?s={search_term_string}"},"query-input":{"@type":"PropertyValueSpecification","valueRequired":true,"valueName":"search_term_string"}}],"inLanguage":"ca"}]}},"_links":{"self":[{"href":"https:\/\/jogalia.com\/ca\/wp-json\/wp\/v2\/product\/1964","targetHints":{"allow":["GET"]}}],"collection":[{"href":"https:\/\/jogalia.com\/ca\/wp-json\/wp\/v2\/product"}],"about":[{"href":"https:\/\/jogalia.com\/ca\/wp-json\/wp\/v2\/types\/product"}],"wp:featuredmedia":[{"embeddable":true,"href":"https:\/\/jogalia.com\/ca\/wp-json\/wp\/v2\/media\/1970"}],"wp:attachment":[{"href":"https:\/\/jogalia.com\/ca\/wp-json\/wp\/v2\/media?parent=1964"}],"wp:term":[{"taxonomy":"product_brand","embeddable":true,"href":"https:\/\/jogalia.com\/ca\/wp-json\/wp\/v2\/product_brand?post=1964"},{"taxonomy":"product_cat","embeddable":true,"href":"https:\/\/jogalia.com\/ca\/wp-json\/wp\/v2\/product_cat?post=1964"},{"taxonomy":"product_tag","embeddable":true,"href":"https:\/\/jogalia.com\/ca\/wp-json\/wp\/v2\/product_tag?post=1964"}],"curies":[{"name":"wp","href":"https:\/\/api.w.org\/{rel}","templated":true}]}}