{"id":1921,"date":"2024-11-05T18:54:58","date_gmt":"2024-11-05T17:54:58","guid":{"rendered":"https:\/\/jogalia.com\/?post_type=product&#038;p=1921"},"modified":"2025-10-07T19:13:31","modified_gmt":"2025-10-07T17:13:31","slug":"zapatillas-puma-club-ii-era","status":"publish","type":"product","link":"https:\/\/jogalia.com\/ca\/producte\/zapatillas-puma-club-ii-era\/","title":{"rendered":"Zapatillas PUMA Club II Era"},"content":{"rendered":"<p>Las PUMA Club II Era combinan el dise\u00f1o del f\u00fatbol con un dise\u00f1o actual de ante y piel. Tienen una gran amortiguaci\u00f3n y una entresuela que proporcionan la m\u00e1xima comodidad, para que salgas a la calle con un estilo moderno inspirado en la cultura de las gradas. Este calzado est\u00e1 hecho para destacar entre tus amig@s.<\/p>","protected":false},"excerpt":{"rendered":"<h2 class=\"product-name\" data-js-product-name=\"\">Zapatillas PUMA Club II Era<\/h2>\n<p>397447-02<\/p>","protected":false},"featured_media":1932,"template":"","meta":{"neve_meta_sidebar":"","neve_meta_container":"","neve_meta_enable_content_width":"off","neve_meta_content_width":100,"neve_meta_title_alignment":"","neve_meta_author_avatar":"","neve_post_elements_order":"","neve_meta_disable_header":"","neve_meta_disable_footer":"","neve_meta_disable_title":"","_joinchat":[]},"product_brand":[],"product_cat":[22,71,70,52,72],"product_tag":[],"class_list":{"0":"post-1921","1":"product","2":"type-product","3":"status-publish","4":"has-post-thumbnail","6":"product_cat-calzado","7":"product_cat-hombre","8":"product_cat-mujer","9":"product_cat-puma","10":"product_cat-unisex","12":"first","13":"instock","14":"taxable","15":"shipping-taxable","16":"product-type-variable"},"yoast_head":"<!-- This site is optimized with the Yoast SEO plugin v27.0 - https:\/\/yoast.com\/product\/yoast-seo-wordpress\/ -->\n<title>Zapatillas PUMA Club II Era - JOGALIA<\/title>\n<meta name=\"description\" content=\"Pisa la calle con estas zapatillas de inspiraci\u00f3n retro. Las PUMA Club II Era combinan el dise\u00f1o del f\u00fatbol con un dise\u00f1o actual de ante y piel suaves.\" \/>\n<meta name=\"robots\" content=\"index, follow, max-snippet:-1, max-image-preview:large, max-video-preview:-1\" \/>\n<link rel=\"canonical\" href=\"https:\/\/jogalia.com\/ca\/producte\/zapatillas-puma-club-ii-era\/\" \/>\n<meta property=\"og:locale\" content=\"ca_ES\" \/>\n<meta property=\"og:type\" content=\"article\" \/>\n<meta property=\"og:title\" content=\"Zapatillas PUMA Club II Era - JOGALIA\" \/>\n<meta property=\"og:description\" content=\"Pisa la calle con estas zapatillas de inspiraci\u00f3n retro. Las PUMA Club II Era combinan el dise\u00f1o del f\u00fatbol con un dise\u00f1o actual de ante y piel suaves.\" \/>\n<meta property=\"og:url\" content=\"https:\/\/jogalia.com\/ca\/producte\/zapatillas-puma-club-ii-era\/\" \/>\n<meta property=\"og:site_name\" content=\"JOGALIA\" \/>\n<meta property=\"article:modified_time\" content=\"2025-10-07T17:13:31+00:00\" \/>\n<meta property=\"og:image\" content=\"https:\/\/jogalia.com\/wp-content\/uploads\/2024\/11\/ZAPATOS-PUMA-2.jpg\" \/>\n\t<meta property=\"og:image:width\" content=\"2000\" \/>\n\t<meta property=\"og:image:height\" content=\"1500\" \/>\n\t<meta property=\"og:image:type\" content=\"image\/jpeg\" \/>\n<meta name=\"twitter:card\" content=\"summary_large_image\" \/>\n<meta name=\"twitter:label1\" content=\"Temps estimat de lectura\" \/>\n\t<meta name=\"twitter:data1\" content=\"1 minut\" \/>\n<script type=\"application\/ld+json\" class=\"yoast-schema-graph\">{\"@context\":\"https:\/\/schema.org\",\"@graph\":[{\"@type\":\"WebPage\",\"@id\":\"https:\/\/jogalia.com\/producto\/zapatillas-puma-club-ii-era\/\",\"url\":\"https:\/\/jogalia.com\/producto\/zapatillas-puma-club-ii-era\/\",\"name\":\"Zapatillas PUMA Club II Era - JOGALIA\",\"isPartOf\":{\"@id\":\"https:\/\/jogalia.com\/#website\"},\"primaryImageOfPage\":{\"@id\":\"https:\/\/jogalia.com\/producto\/zapatillas-puma-club-ii-era\/#primaryimage\"},\"image\":{\"@id\":\"https:\/\/jogalia.com\/producto\/zapatillas-puma-club-ii-era\/#primaryimage\"},\"thumbnailUrl\":\"https:\/\/jogalia.com\/wp-content\/uploads\/2024\/11\/ZAPATOS-PUMA-2.jpg\",\"datePublished\":\"2024-11-05T17:54:58+00:00\",\"dateModified\":\"2025-10-07T17:13:31+00:00\",\"description\":\"Pisa la calle con estas zapatillas de inspiraci\u00f3n retro. Las PUMA Club II Era combinan el dise\u00f1o del f\u00fatbol con un dise\u00f1o actual de ante y piel suaves.\",\"breadcrumb\":{\"@id\":\"https:\/\/jogalia.com\/producto\/zapatillas-puma-club-ii-era\/#breadcrumb\"},\"inLanguage\":\"ca\",\"potentialAction\":[{\"@type\":\"ReadAction\",\"target\":[\"https:\/\/jogalia.com\/producto\/zapatillas-puma-club-ii-era\/\"]}]},{\"@type\":\"ImageObject\",\"inLanguage\":\"ca\",\"@id\":\"https:\/\/jogalia.com\/producto\/zapatillas-puma-club-ii-era\/#primaryimage\",\"url\":\"https:\/\/jogalia.com\/wp-content\/uploads\/2024\/11\/ZAPATOS-PUMA-2.jpg\",\"contentUrl\":\"https:\/\/jogalia.com\/wp-content\/uploads\/2024\/11\/ZAPATOS-PUMA-2.jpg\",\"width\":2000,\"height\":1500,\"caption\":\"Zapatillas PUMA Club II Era\"},{\"@type\":\"BreadcrumbList\",\"@id\":\"https:\/\/jogalia.com\/producto\/zapatillas-puma-club-ii-era\/#breadcrumb\",\"itemListElement\":[{\"@type\":\"ListItem\",\"position\":1,\"name\":\"Portada\",\"item\":\"https:\/\/jogalia.com\/\"},{\"@type\":\"ListItem\",\"position\":2,\"name\":\"Tienda\",\"item\":\"https:\/\/jogalia.com\/shop\/\"},{\"@type\":\"ListItem\",\"position\":3,\"name\":\"Zapatillas PUMA Club II Era\"}]},{\"@type\":\"WebSite\",\"@id\":\"https:\/\/jogalia.com\/#website\",\"url\":\"https:\/\/jogalia.com\/\",\"name\":\"JOGALIA\",\"description\":\"Encuentra tu estilo perfecto en Jogalia: Moda, deporte y las marcas m\u00e1s exclusivas.\",\"potentialAction\":[{\"@type\":\"SearchAction\",\"target\":{\"@type\":\"EntryPoint\",\"urlTemplate\":\"https:\/\/jogalia.com\/?s={search_term_string}\"},\"query-input\":{\"@type\":\"PropertyValueSpecification\",\"valueRequired\":true,\"valueName\":\"search_term_string\"}}],\"inLanguage\":\"ca\"}]}<\/script>\n<!-- \/ Yoast SEO plugin. -->","yoast_head_json":{"title":"Zapatillas PUMA Club II Era - JOGALIA","description":"Pisa la calle con estas zapatillas de inspiraci\u00f3n retro. Las PUMA Club II Era combinan el dise\u00f1o del f\u00fatbol con un dise\u00f1o actual de ante y piel suaves.","robots":{"index":"index","follow":"follow","max-snippet":"max-snippet:-1","max-image-preview":"max-image-preview:large","max-video-preview":"max-video-preview:-1"},"canonical":"https:\/\/jogalia.com\/ca\/producte\/zapatillas-puma-club-ii-era\/","og_locale":"ca_ES","og_type":"article","og_title":"Zapatillas PUMA Club II Era - JOGALIA","og_description":"Pisa la calle con estas zapatillas de inspiraci\u00f3n retro. Las PUMA Club II Era combinan el dise\u00f1o del f\u00fatbol con un dise\u00f1o actual de ante y piel suaves.","og_url":"https:\/\/jogalia.com\/ca\/producte\/zapatillas-puma-club-ii-era\/","og_site_name":"JOGALIA","article_modified_time":"2025-10-07T17:13:31+00:00","og_image":[{"width":2000,"height":1500,"url":"https:\/\/jogalia.com\/wp-content\/uploads\/2024\/11\/ZAPATOS-PUMA-2.jpg","type":"image\/jpeg"}],"twitter_card":"summary_large_image","twitter_misc":{"Temps estimat de lectura":"1 minut"},"schema":{"@context":"https:\/\/schema.org","@graph":[{"@type":"WebPage","@id":"https:\/\/jogalia.com\/producto\/zapatillas-puma-club-ii-era\/","url":"https:\/\/jogalia.com\/producto\/zapatillas-puma-club-ii-era\/","name":"Zapatillas PUMA Club II Era - JOGALIA","isPartOf":{"@id":"https:\/\/jogalia.com\/#website"},"primaryImageOfPage":{"@id":"https:\/\/jogalia.com\/producto\/zapatillas-puma-club-ii-era\/#primaryimage"},"image":{"@id":"https:\/\/jogalia.com\/producto\/zapatillas-puma-club-ii-era\/#primaryimage"},"thumbnailUrl":"https:\/\/jogalia.com\/wp-content\/uploads\/2024\/11\/ZAPATOS-PUMA-2.jpg","datePublished":"2024-11-05T17:54:58+00:00","dateModified":"2025-10-07T17:13:31+00:00","description":"Pisa la calle con estas zapatillas de inspiraci\u00f3n retro. Las PUMA Club II Era combinan el dise\u00f1o del f\u00fatbol con un dise\u00f1o actual de ante y piel suaves.","breadcrumb":{"@id":"https:\/\/jogalia.com\/producto\/zapatillas-puma-club-ii-era\/#breadcrumb"},"inLanguage":"ca","potentialAction":[{"@type":"ReadAction","target":["https:\/\/jogalia.com\/producto\/zapatillas-puma-club-ii-era\/"]}]},{"@type":"ImageObject","inLanguage":"ca","@id":"https:\/\/jogalia.com\/producto\/zapatillas-puma-club-ii-era\/#primaryimage","url":"https:\/\/jogalia.com\/wp-content\/uploads\/2024\/11\/ZAPATOS-PUMA-2.jpg","contentUrl":"https:\/\/jogalia.com\/wp-content\/uploads\/2024\/11\/ZAPATOS-PUMA-2.jpg","width":2000,"height":1500,"caption":"Zapatillas PUMA Club II Era"},{"@type":"BreadcrumbList","@id":"https:\/\/jogalia.com\/producto\/zapatillas-puma-club-ii-era\/#breadcrumb","itemListElement":[{"@type":"ListItem","position":1,"name":"Portada","item":"https:\/\/jogalia.com\/"},{"@type":"ListItem","position":2,"name":"Tienda","item":"https:\/\/jogalia.com\/shop\/"},{"@type":"ListItem","position":3,"name":"Zapatillas PUMA Club II Era"}]},{"@type":"WebSite","@id":"https:\/\/jogalia.com\/#website","url":"https:\/\/jogalia.com\/","name":"JOGALIA","description":"Encuentra tu estilo perfecto en Jogalia: Moda, deporte y las marcas m\u00e1s exclusivas.","potentialAction":[{"@type":"SearchAction","target":{"@type":"EntryPoint","urlTemplate":"https:\/\/jogalia.com\/?s={search_term_string}"},"query-input":{"@type":"PropertyValueSpecification","valueRequired":true,"valueName":"search_term_string"}}],"inLanguage":"ca"}]}},"_links":{"self":[{"href":"https:\/\/jogalia.com\/ca\/wp-json\/wp\/v2\/product\/1921","targetHints":{"allow":["GET"]}}],"collection":[{"href":"https:\/\/jogalia.com\/ca\/wp-json\/wp\/v2\/product"}],"about":[{"href":"https:\/\/jogalia.com\/ca\/wp-json\/wp\/v2\/types\/product"}],"wp:featuredmedia":[{"embeddable":true,"href":"https:\/\/jogalia.com\/ca\/wp-json\/wp\/v2\/media\/1932"}],"wp:attachment":[{"href":"https:\/\/jogalia.com\/ca\/wp-json\/wp\/v2\/media?parent=1921"}],"wp:term":[{"taxonomy":"product_brand","embeddable":true,"href":"https:\/\/jogalia.com\/ca\/wp-json\/wp\/v2\/product_brand?post=1921"},{"taxonomy":"product_cat","embeddable":true,"href":"https:\/\/jogalia.com\/ca\/wp-json\/wp\/v2\/product_cat?post=1921"},{"taxonomy":"product_tag","embeddable":true,"href":"https:\/\/jogalia.com\/ca\/wp-json\/wp\/v2\/product_tag?post=1921"}],"curies":[{"name":"wp","href":"https:\/\/api.w.org\/{rel}","templated":true}]}}