{"id":1914,"date":"2024-11-04T19:37:17","date_gmt":"2024-11-04T18:37:17","guid":{"rendered":"https:\/\/jogalia.com\/?post_type=product&#038;p=1914"},"modified":"2025-10-07T19:14:06","modified_gmt":"2025-10-07T17:14:06","slug":"sudadera-capucha-under-armour-rival-fleece-negro-big-logo","status":"publish","type":"product","link":"https:\/\/jogalia.com\/ca\/producte\/sudadera-capucha-under-armour-rival-fleece-negro-big-logo\/","title":{"rendered":"Sudadera Capucha Under Armour Rival Fleece Negro Big Logo"},"content":{"rendered":"<div id=\"more_info_tabs\" class=\"tabs-info tab-v4 space-bottom-40\">\n<div class=\"tab-content\">\n<div id=\"producttab-description\" class=\"tab-pane fade in active\">\n<div class=\"rte\">\n<p>Esta equipaci\u00f3n resulta perfecta, ya que es c\u00e1lida, ligera y c\u00f3moda, y cuenta con un interior suave.<\/p>\n<h4>Caracter\u00edsticas del producto<\/h4>\n<p>Tejido Fleece de mezcla de algod\u00f3n ultrasuave con interior cepillado para una mayor calidez. Bolsillo delantero tipo canguro.<\/p>\n<p>Pu\u00f1os y bajo acanalados<\/p>\n<p>Lavar a m\u00e1quina en agua fr\u00eda con prendas de colores similares<\/p>\n<\/div>\n<\/div>\n<\/div>\n<\/div>","protected":false},"excerpt":{"rendered":"<p>Sudadera Capucha Under Armour Rival Fleece Negro Big Logo<\/p>\n<p>1379758-001<\/p>","protected":false},"featured_media":1919,"template":"","meta":{"neve_meta_sidebar":"","neve_meta_container":"","neve_meta_enable_content_width":"off","neve_meta_content_width":100,"neve_meta_title_alignment":"","neve_meta_author_avatar":"","neve_post_elements_order":"","neve_meta_disable_header":"","neve_meta_disable_footer":"","neve_meta_disable_title":"","_joinchat":[]},"product_brand":[],"product_cat":[71,58,75],"product_tag":[],"class_list":{"0":"post-1914","1":"product","2":"type-product","3":"status-publish","4":"has-post-thumbnail","6":"product_cat-hombre","7":"product_cat-textil-deportivo","8":"product_cat-under-armour","10":"first","11":"instock","12":"taxable","13":"shipping-taxable","14":"product-type-variable"},"yoast_head":"<!-- This site is optimized with the Yoast SEO plugin v27.0 - https:\/\/yoast.com\/product\/yoast-seo-wordpress\/ -->\n<title>Sudadera Capucha Under Armour Rival Fleece Negro Big Logo - JOGALIA<\/title>\n<meta name=\"description\" content=\"Tejido Fleece de mezcla de algod\u00f3n ultrasuave con interior cepillado para una mayor calidez. Bolsillo delantero tipo canguro. Pu\u00f1os y bajo acanalados.\" \/>\n<meta name=\"robots\" content=\"index, follow, max-snippet:-1, max-image-preview:large, max-video-preview:-1\" \/>\n<link rel=\"canonical\" href=\"https:\/\/jogalia.com\/ca\/producte\/sudadera-capucha-under-armour-rival-fleece-negro-big-logo\/\" \/>\n<meta property=\"og:locale\" content=\"ca_ES\" \/>\n<meta property=\"og:type\" content=\"article\" \/>\n<meta property=\"og:title\" content=\"Sudadera Capucha Under Armour Rival Fleece Negro Big Logo - JOGALIA\" \/>\n<meta property=\"og:description\" content=\"Tejido Fleece de mezcla de algod\u00f3n ultrasuave con interior cepillado para una mayor calidez. Bolsillo delantero tipo canguro. Pu\u00f1os y bajo acanalados.\" \/>\n<meta property=\"og:url\" content=\"https:\/\/jogalia.com\/ca\/producte\/sudadera-capucha-under-armour-rival-fleece-negro-big-logo\/\" \/>\n<meta property=\"og:site_name\" content=\"JOGALIA\" \/>\n<meta property=\"article:modified_time\" content=\"2025-10-07T17:14:06+00:00\" \/>\n<meta property=\"og:image\" content=\"https:\/\/jogalia.com\/wp-content\/uploads\/2024\/11\/UNDER-ARMOUR.jpg\" \/>\n\t<meta property=\"og:image:width\" content=\"800\" \/>\n\t<meta property=\"og:image:height\" content=\"800\" \/>\n\t<meta property=\"og:image:type\" content=\"image\/jpeg\" \/>\n<meta name=\"twitter:card\" content=\"summary_large_image\" \/>\n<meta name=\"twitter:label1\" content=\"Temps estimat de lectura\" \/>\n\t<meta name=\"twitter:data1\" content=\"1 minut\" \/>\n<script type=\"application\/ld+json\" class=\"yoast-schema-graph\">{\"@context\":\"https:\/\/schema.org\",\"@graph\":[{\"@type\":\"WebPage\",\"@id\":\"https:\/\/jogalia.com\/producto\/sudadera-capucha-under-armour-rival-fleece-negro-big-logo\/\",\"url\":\"https:\/\/jogalia.com\/producto\/sudadera-capucha-under-armour-rival-fleece-negro-big-logo\/\",\"name\":\"Sudadera Capucha Under Armour Rival Fleece Negro Big Logo - JOGALIA\",\"isPartOf\":{\"@id\":\"https:\/\/jogalia.com\/#website\"},\"primaryImageOfPage\":{\"@id\":\"https:\/\/jogalia.com\/producto\/sudadera-capucha-under-armour-rival-fleece-negro-big-logo\/#primaryimage\"},\"image\":{\"@id\":\"https:\/\/jogalia.com\/producto\/sudadera-capucha-under-armour-rival-fleece-negro-big-logo\/#primaryimage\"},\"thumbnailUrl\":\"https:\/\/jogalia.com\/wp-content\/uploads\/2024\/11\/UNDER-ARMOUR.jpg\",\"datePublished\":\"2024-11-04T18:37:17+00:00\",\"dateModified\":\"2025-10-07T17:14:06+00:00\",\"description\":\"Tejido Fleece de mezcla de algod\u00f3n ultrasuave con interior cepillado para una mayor calidez. Bolsillo delantero tipo canguro. Pu\u00f1os y bajo acanalados.\",\"breadcrumb\":{\"@id\":\"https:\/\/jogalia.com\/producto\/sudadera-capucha-under-armour-rival-fleece-negro-big-logo\/#breadcrumb\"},\"inLanguage\":\"ca\",\"potentialAction\":[{\"@type\":\"ReadAction\",\"target\":[\"https:\/\/jogalia.com\/producto\/sudadera-capucha-under-armour-rival-fleece-negro-big-logo\/\"]}]},{\"@type\":\"ImageObject\",\"inLanguage\":\"ca\",\"@id\":\"https:\/\/jogalia.com\/producto\/sudadera-capucha-under-armour-rival-fleece-negro-big-logo\/#primaryimage\",\"url\":\"https:\/\/jogalia.com\/wp-content\/uploads\/2024\/11\/UNDER-ARMOUR.jpg\",\"contentUrl\":\"https:\/\/jogalia.com\/wp-content\/uploads\/2024\/11\/UNDER-ARMOUR.jpg\",\"width\":800,\"height\":800,\"caption\":\"Sudadera Capucha Under Armour\"},{\"@type\":\"BreadcrumbList\",\"@id\":\"https:\/\/jogalia.com\/producto\/sudadera-capucha-under-armour-rival-fleece-negro-big-logo\/#breadcrumb\",\"itemListElement\":[{\"@type\":\"ListItem\",\"position\":1,\"name\":\"Portada\",\"item\":\"https:\/\/jogalia.com\/\"},{\"@type\":\"ListItem\",\"position\":2,\"name\":\"Tienda\",\"item\":\"https:\/\/jogalia.com\/shop\/\"},{\"@type\":\"ListItem\",\"position\":3,\"name\":\"Sudadera Capucha Under Armour Rival Fleece Negro Big Logo\"}]},{\"@type\":\"WebSite\",\"@id\":\"https:\/\/jogalia.com\/#website\",\"url\":\"https:\/\/jogalia.com\/\",\"name\":\"JOGALIA\",\"description\":\"Encuentra tu estilo perfecto en Jogalia: Moda, deporte y las marcas m\u00e1s exclusivas.\",\"potentialAction\":[{\"@type\":\"SearchAction\",\"target\":{\"@type\":\"EntryPoint\",\"urlTemplate\":\"https:\/\/jogalia.com\/?s={search_term_string}\"},\"query-input\":{\"@type\":\"PropertyValueSpecification\",\"valueRequired\":true,\"valueName\":\"search_term_string\"}}],\"inLanguage\":\"ca\"}]}<\/script>\n<!-- \/ Yoast SEO plugin. -->","yoast_head_json":{"title":"Sudadera Capucha Under Armour Rival Fleece Negro Big Logo - JOGALIA","description":"Tejido Fleece de mezcla de algod\u00f3n ultrasuave con interior cepillado para una mayor calidez. Bolsillo delantero tipo canguro. Pu\u00f1os y bajo acanalados.","robots":{"index":"index","follow":"follow","max-snippet":"max-snippet:-1","max-image-preview":"max-image-preview:large","max-video-preview":"max-video-preview:-1"},"canonical":"https:\/\/jogalia.com\/ca\/producte\/sudadera-capucha-under-armour-rival-fleece-negro-big-logo\/","og_locale":"ca_ES","og_type":"article","og_title":"Sudadera Capucha Under Armour Rival Fleece Negro Big Logo - JOGALIA","og_description":"Tejido Fleece de mezcla de algod\u00f3n ultrasuave con interior cepillado para una mayor calidez. Bolsillo delantero tipo canguro. Pu\u00f1os y bajo acanalados.","og_url":"https:\/\/jogalia.com\/ca\/producte\/sudadera-capucha-under-armour-rival-fleece-negro-big-logo\/","og_site_name":"JOGALIA","article_modified_time":"2025-10-07T17:14:06+00:00","og_image":[{"width":800,"height":800,"url":"https:\/\/jogalia.com\/wp-content\/uploads\/2024\/11\/UNDER-ARMOUR.jpg","type":"image\/jpeg"}],"twitter_card":"summary_large_image","twitter_misc":{"Temps estimat de lectura":"1 minut"},"schema":{"@context":"https:\/\/schema.org","@graph":[{"@type":"WebPage","@id":"https:\/\/jogalia.com\/producto\/sudadera-capucha-under-armour-rival-fleece-negro-big-logo\/","url":"https:\/\/jogalia.com\/producto\/sudadera-capucha-under-armour-rival-fleece-negro-big-logo\/","name":"Sudadera Capucha Under Armour Rival Fleece Negro Big Logo - JOGALIA","isPartOf":{"@id":"https:\/\/jogalia.com\/#website"},"primaryImageOfPage":{"@id":"https:\/\/jogalia.com\/producto\/sudadera-capucha-under-armour-rival-fleece-negro-big-logo\/#primaryimage"},"image":{"@id":"https:\/\/jogalia.com\/producto\/sudadera-capucha-under-armour-rival-fleece-negro-big-logo\/#primaryimage"},"thumbnailUrl":"https:\/\/jogalia.com\/wp-content\/uploads\/2024\/11\/UNDER-ARMOUR.jpg","datePublished":"2024-11-04T18:37:17+00:00","dateModified":"2025-10-07T17:14:06+00:00","description":"Tejido Fleece de mezcla de algod\u00f3n ultrasuave con interior cepillado para una mayor calidez. Bolsillo delantero tipo canguro. Pu\u00f1os y bajo acanalados.","breadcrumb":{"@id":"https:\/\/jogalia.com\/producto\/sudadera-capucha-under-armour-rival-fleece-negro-big-logo\/#breadcrumb"},"inLanguage":"ca","potentialAction":[{"@type":"ReadAction","target":["https:\/\/jogalia.com\/producto\/sudadera-capucha-under-armour-rival-fleece-negro-big-logo\/"]}]},{"@type":"ImageObject","inLanguage":"ca","@id":"https:\/\/jogalia.com\/producto\/sudadera-capucha-under-armour-rival-fleece-negro-big-logo\/#primaryimage","url":"https:\/\/jogalia.com\/wp-content\/uploads\/2024\/11\/UNDER-ARMOUR.jpg","contentUrl":"https:\/\/jogalia.com\/wp-content\/uploads\/2024\/11\/UNDER-ARMOUR.jpg","width":800,"height":800,"caption":"Sudadera Capucha Under Armour"},{"@type":"BreadcrumbList","@id":"https:\/\/jogalia.com\/producto\/sudadera-capucha-under-armour-rival-fleece-negro-big-logo\/#breadcrumb","itemListElement":[{"@type":"ListItem","position":1,"name":"Portada","item":"https:\/\/jogalia.com\/"},{"@type":"ListItem","position":2,"name":"Tienda","item":"https:\/\/jogalia.com\/shop\/"},{"@type":"ListItem","position":3,"name":"Sudadera Capucha Under Armour Rival Fleece Negro Big Logo"}]},{"@type":"WebSite","@id":"https:\/\/jogalia.com\/#website","url":"https:\/\/jogalia.com\/","name":"JOGALIA","description":"Encuentra tu estilo perfecto en Jogalia: Moda, deporte y las marcas m\u00e1s exclusivas.","potentialAction":[{"@type":"SearchAction","target":{"@type":"EntryPoint","urlTemplate":"https:\/\/jogalia.com\/?s={search_term_string}"},"query-input":{"@type":"PropertyValueSpecification","valueRequired":true,"valueName":"search_term_string"}}],"inLanguage":"ca"}]}},"_links":{"self":[{"href":"https:\/\/jogalia.com\/ca\/wp-json\/wp\/v2\/product\/1914","targetHints":{"allow":["GET"]}}],"collection":[{"href":"https:\/\/jogalia.com\/ca\/wp-json\/wp\/v2\/product"}],"about":[{"href":"https:\/\/jogalia.com\/ca\/wp-json\/wp\/v2\/types\/product"}],"wp:featuredmedia":[{"embeddable":true,"href":"https:\/\/jogalia.com\/ca\/wp-json\/wp\/v2\/media\/1919"}],"wp:attachment":[{"href":"https:\/\/jogalia.com\/ca\/wp-json\/wp\/v2\/media?parent=1914"}],"wp:term":[{"taxonomy":"product_brand","embeddable":true,"href":"https:\/\/jogalia.com\/ca\/wp-json\/wp\/v2\/product_brand?post=1914"},{"taxonomy":"product_cat","embeddable":true,"href":"https:\/\/jogalia.com\/ca\/wp-json\/wp\/v2\/product_cat?post=1914"},{"taxonomy":"product_tag","embeddable":true,"href":"https:\/\/jogalia.com\/ca\/wp-json\/wp\/v2\/product_tag?post=1914"}],"curies":[{"name":"wp","href":"https:\/\/api.w.org\/{rel}","templated":true}]}}