{"id":1795,"date":"2024-05-09T11:51:09","date_gmt":"2024-05-09T09:51:09","guid":{"rendered":"https:\/\/jogalia.com\/?post_type=product&#038;p=1795"},"modified":"2025-03-07T17:22:55","modified_gmt":"2025-03-07T16:22:55","slug":"camiseta-nike-club-rosa-ar4997-662","status":"publish","type":"product","link":"https:\/\/jogalia.com\/ca\/producte\/camiseta-nike-club-rosa-ar4997-662\/","title":{"rendered":"Camiseta Nike Sportwear Club Rosa"},"content":{"rendered":"<p>La camiseta Nike Sportswear Club est\u00e1 confeccionada con nuestro tejido de algod\u00f3n para el d\u00eda a d\u00eda para ofrecer un ajuste cl\u00e1sico perfecto desde el primer momento. El logotipo Nike bordado en el pecho proporciona el estilo exclusivo de Nike.<\/p>","protected":false},"excerpt":{"rendered":"<p>Camiseta Nike Club Rosa<\/p>\n<p>AR4997-662<\/p>","protected":false},"featured_media":1800,"template":"","meta":{"neve_meta_sidebar":"","neve_meta_container":"","neve_meta_enable_content_width":"off","neve_meta_content_width":100,"neve_meta_title_alignment":"","neve_meta_author_avatar":"","neve_post_elements_order":"","neve_meta_disable_header":"","neve_meta_disable_footer":"","neve_meta_disable_title":"","_joinchat":[]},"product_brand":[],"product_cat":[71,35,21,72],"product_tag":[],"class_list":{"0":"post-1795","1":"product","2":"type-product","3":"status-publish","4":"has-post-thumbnail","6":"product_cat-hombre","7":"product_cat-nike","8":"product_cat-textil","9":"product_cat-unisex","11":"first","12":"instock","13":"taxable","14":"shipping-taxable","15":"product-type-variable"},"yoast_head":"<!-- This site is optimized with the Yoast SEO plugin v27.0 - https:\/\/yoast.com\/product\/yoast-seo-wordpress\/ -->\n<title>Camiseta Nike Sportwear Club Rosa - JOGALIA<\/title>\n<meta name=\"description\" content=\"La Camiseta Nike Sportwear Club est\u00e1 confeccionada con nuestro tejido de algod\u00f3n para el d\u00eda a d\u00eda para ofrecer un ajuste cl\u00e1sico perfecto.\" \/>\n<meta name=\"robots\" content=\"index, follow, max-snippet:-1, max-image-preview:large, max-video-preview:-1\" \/>\n<link rel=\"canonical\" href=\"https:\/\/jogalia.com\/ca\/producte\/camiseta-nike-club-rosa-ar4997-662\/\" \/>\n<meta property=\"og:locale\" content=\"ca_ES\" \/>\n<meta property=\"og:type\" content=\"article\" \/>\n<meta property=\"og:title\" content=\"Camiseta Nike Sportwear Club Rosa - JOGALIA\" \/>\n<meta property=\"og:description\" content=\"La Camiseta Nike Sportwear Club est\u00e1 confeccionada con nuestro tejido de algod\u00f3n para el d\u00eda a d\u00eda para ofrecer un ajuste cl\u00e1sico perfecto.\" \/>\n<meta property=\"og:url\" content=\"https:\/\/jogalia.com\/ca\/producte\/camiseta-nike-club-rosa-ar4997-662\/\" \/>\n<meta property=\"og:site_name\" content=\"JOGALIA\" \/>\n<meta property=\"article:modified_time\" content=\"2025-03-07T16:22:55+00:00\" \/>\n<meta property=\"og:image\" content=\"https:\/\/jogalia.com\/wp-content\/uploads\/2024\/05\/ROSA.webp\" \/>\n\t<meta property=\"og:image:width\" content=\"1728\" \/>\n\t<meta property=\"og:image:height\" content=\"2160\" \/>\n\t<meta property=\"og:image:type\" content=\"image\/webp\" \/>\n<meta name=\"twitter:card\" content=\"summary_large_image\" \/>\n<meta name=\"twitter:label1\" content=\"Temps estimat de lectura\" \/>\n\t<meta name=\"twitter:data1\" content=\"1 minut\" \/>\n<script type=\"application\/ld+json\" class=\"yoast-schema-graph\">{\"@context\":\"https:\/\/schema.org\",\"@graph\":[{\"@type\":\"WebPage\",\"@id\":\"https:\/\/jogalia.com\/producto\/camiseta-nike-club-rosa-ar4997-662\/\",\"url\":\"https:\/\/jogalia.com\/producto\/camiseta-nike-club-rosa-ar4997-662\/\",\"name\":\"Camiseta Nike Sportwear Club Rosa - JOGALIA\",\"isPartOf\":{\"@id\":\"https:\/\/jogalia.com\/#website\"},\"primaryImageOfPage\":{\"@id\":\"https:\/\/jogalia.com\/producto\/camiseta-nike-club-rosa-ar4997-662\/#primaryimage\"},\"image\":{\"@id\":\"https:\/\/jogalia.com\/producto\/camiseta-nike-club-rosa-ar4997-662\/#primaryimage\"},\"thumbnailUrl\":\"https:\/\/jogalia.com\/wp-content\/uploads\/2024\/05\/ROSA.webp\",\"datePublished\":\"2024-05-09T09:51:09+00:00\",\"dateModified\":\"2025-03-07T16:22:55+00:00\",\"description\":\"La Camiseta Nike Sportwear Club est\u00e1 confeccionada con nuestro tejido de algod\u00f3n para el d\u00eda a d\u00eda para ofrecer un ajuste cl\u00e1sico perfecto.\",\"breadcrumb\":{\"@id\":\"https:\/\/jogalia.com\/producto\/camiseta-nike-club-rosa-ar4997-662\/#breadcrumb\"},\"inLanguage\":\"ca\",\"potentialAction\":[{\"@type\":\"ReadAction\",\"target\":[\"https:\/\/jogalia.com\/producto\/camiseta-nike-club-rosa-ar4997-662\/\"]}]},{\"@type\":\"ImageObject\",\"inLanguage\":\"ca\",\"@id\":\"https:\/\/jogalia.com\/producto\/camiseta-nike-club-rosa-ar4997-662\/#primaryimage\",\"url\":\"https:\/\/jogalia.com\/wp-content\/uploads\/2024\/05\/ROSA.webp\",\"contentUrl\":\"https:\/\/jogalia.com\/wp-content\/uploads\/2024\/05\/ROSA.webp\",\"width\":1728,\"height\":2160,\"caption\":\"Camiseta Nike Club ROSA\"},{\"@type\":\"BreadcrumbList\",\"@id\":\"https:\/\/jogalia.com\/producto\/camiseta-nike-club-rosa-ar4997-662\/#breadcrumb\",\"itemListElement\":[{\"@type\":\"ListItem\",\"position\":1,\"name\":\"Portada\",\"item\":\"https:\/\/jogalia.com\/\"},{\"@type\":\"ListItem\",\"position\":2,\"name\":\"Tienda\",\"item\":\"https:\/\/jogalia.com\/shop\/\"},{\"@type\":\"ListItem\",\"position\":3,\"name\":\"Camiseta Nike Sportwear Club Rosa\"}]},{\"@type\":\"WebSite\",\"@id\":\"https:\/\/jogalia.com\/#website\",\"url\":\"https:\/\/jogalia.com\/\",\"name\":\"JOGALIA\",\"description\":\"Encuentra tu estilo perfecto en Jogalia: Moda, deporte y las marcas m\u00e1s exclusivas.\",\"potentialAction\":[{\"@type\":\"SearchAction\",\"target\":{\"@type\":\"EntryPoint\",\"urlTemplate\":\"https:\/\/jogalia.com\/?s={search_term_string}\"},\"query-input\":{\"@type\":\"PropertyValueSpecification\",\"valueRequired\":true,\"valueName\":\"search_term_string\"}}],\"inLanguage\":\"ca\"}]}<\/script>\n<!-- \/ Yoast SEO plugin. -->","yoast_head_json":{"title":"Camiseta Nike Sportwear Club Rosa - JOGALIA","description":"La Camiseta Nike Sportwear Club est\u00e1 confeccionada con nuestro tejido de algod\u00f3n para el d\u00eda a d\u00eda para ofrecer un ajuste cl\u00e1sico perfecto.","robots":{"index":"index","follow":"follow","max-snippet":"max-snippet:-1","max-image-preview":"max-image-preview:large","max-video-preview":"max-video-preview:-1"},"canonical":"https:\/\/jogalia.com\/ca\/producte\/camiseta-nike-club-rosa-ar4997-662\/","og_locale":"ca_ES","og_type":"article","og_title":"Camiseta Nike Sportwear Club Rosa - JOGALIA","og_description":"La Camiseta Nike Sportwear Club est\u00e1 confeccionada con nuestro tejido de algod\u00f3n para el d\u00eda a d\u00eda para ofrecer un ajuste cl\u00e1sico perfecto.","og_url":"https:\/\/jogalia.com\/ca\/producte\/camiseta-nike-club-rosa-ar4997-662\/","og_site_name":"JOGALIA","article_modified_time":"2025-03-07T16:22:55+00:00","og_image":[{"width":1728,"height":2160,"url":"https:\/\/jogalia.com\/wp-content\/uploads\/2024\/05\/ROSA.webp","type":"image\/webp"}],"twitter_card":"summary_large_image","twitter_misc":{"Temps estimat de lectura":"1 minut"},"schema":{"@context":"https:\/\/schema.org","@graph":[{"@type":"WebPage","@id":"https:\/\/jogalia.com\/producto\/camiseta-nike-club-rosa-ar4997-662\/","url":"https:\/\/jogalia.com\/producto\/camiseta-nike-club-rosa-ar4997-662\/","name":"Camiseta Nike Sportwear Club Rosa - JOGALIA","isPartOf":{"@id":"https:\/\/jogalia.com\/#website"},"primaryImageOfPage":{"@id":"https:\/\/jogalia.com\/producto\/camiseta-nike-club-rosa-ar4997-662\/#primaryimage"},"image":{"@id":"https:\/\/jogalia.com\/producto\/camiseta-nike-club-rosa-ar4997-662\/#primaryimage"},"thumbnailUrl":"https:\/\/jogalia.com\/wp-content\/uploads\/2024\/05\/ROSA.webp","datePublished":"2024-05-09T09:51:09+00:00","dateModified":"2025-03-07T16:22:55+00:00","description":"La Camiseta Nike Sportwear Club est\u00e1 confeccionada con nuestro tejido de algod\u00f3n para el d\u00eda a d\u00eda para ofrecer un ajuste cl\u00e1sico perfecto.","breadcrumb":{"@id":"https:\/\/jogalia.com\/producto\/camiseta-nike-club-rosa-ar4997-662\/#breadcrumb"},"inLanguage":"ca","potentialAction":[{"@type":"ReadAction","target":["https:\/\/jogalia.com\/producto\/camiseta-nike-club-rosa-ar4997-662\/"]}]},{"@type":"ImageObject","inLanguage":"ca","@id":"https:\/\/jogalia.com\/producto\/camiseta-nike-club-rosa-ar4997-662\/#primaryimage","url":"https:\/\/jogalia.com\/wp-content\/uploads\/2024\/05\/ROSA.webp","contentUrl":"https:\/\/jogalia.com\/wp-content\/uploads\/2024\/05\/ROSA.webp","width":1728,"height":2160,"caption":"Camiseta Nike Club ROSA"},{"@type":"BreadcrumbList","@id":"https:\/\/jogalia.com\/producto\/camiseta-nike-club-rosa-ar4997-662\/#breadcrumb","itemListElement":[{"@type":"ListItem","position":1,"name":"Portada","item":"https:\/\/jogalia.com\/"},{"@type":"ListItem","position":2,"name":"Tienda","item":"https:\/\/jogalia.com\/shop\/"},{"@type":"ListItem","position":3,"name":"Camiseta Nike Sportwear Club Rosa"}]},{"@type":"WebSite","@id":"https:\/\/jogalia.com\/#website","url":"https:\/\/jogalia.com\/","name":"JOGALIA","description":"Encuentra tu estilo perfecto en Jogalia: Moda, deporte y las marcas m\u00e1s exclusivas.","potentialAction":[{"@type":"SearchAction","target":{"@type":"EntryPoint","urlTemplate":"https:\/\/jogalia.com\/?s={search_term_string}"},"query-input":{"@type":"PropertyValueSpecification","valueRequired":true,"valueName":"search_term_string"}}],"inLanguage":"ca"}]}},"_links":{"self":[{"href":"https:\/\/jogalia.com\/ca\/wp-json\/wp\/v2\/product\/1795","targetHints":{"allow":["GET"]}}],"collection":[{"href":"https:\/\/jogalia.com\/ca\/wp-json\/wp\/v2\/product"}],"about":[{"href":"https:\/\/jogalia.com\/ca\/wp-json\/wp\/v2\/types\/product"}],"wp:featuredmedia":[{"embeddable":true,"href":"https:\/\/jogalia.com\/ca\/wp-json\/wp\/v2\/media\/1800"}],"wp:attachment":[{"href":"https:\/\/jogalia.com\/ca\/wp-json\/wp\/v2\/media?parent=1795"}],"wp:term":[{"taxonomy":"product_brand","embeddable":true,"href":"https:\/\/jogalia.com\/ca\/wp-json\/wp\/v2\/product_brand?post=1795"},{"taxonomy":"product_cat","embeddable":true,"href":"https:\/\/jogalia.com\/ca\/wp-json\/wp\/v2\/product_cat?post=1795"},{"taxonomy":"product_tag","embeddable":true,"href":"https:\/\/jogalia.com\/ca\/wp-json\/wp\/v2\/product_tag?post=1795"}],"curies":[{"name":"wp","href":"https:\/\/api.w.org\/{rel}","templated":true}]}}