{"id":1781,"date":"2024-04-30T12:23:38","date_gmt":"2024-04-30T10:23:38","guid":{"rendered":"https:\/\/jogalia.com\/?post_type=product&#038;p=1781"},"modified":"2024-12-28T18:08:25","modified_gmt":"2024-12-28T17:08:25","slug":"zapatillas-nike-air-max-sc-negro-granate","status":"publish","type":"product","link":"https:\/\/jogalia.com\/ca\/producte\/zapatillas-nike-air-max-sc-negro-granate\/","title":{"rendered":"Nike Air Max SC Negro\/Granate"},"content":{"rendered":"<p>Nike Air Max SC AMORTIGUACI\u00d3N AIR DURANTE TODO EL D\u00cdA. Sencillez, comodidad y amortiguaci\u00f3n Air: las Nike Air Max SC son una apuesta segura. Dise\u00f1o multidimensional La combinaci\u00f3n de piel, tela y malla es duradera, transpirable y c\u00f3moda durante todo el d\u00eda. La clave est\u00e1 en el Air La unidad Air Max y la espuma suave aportan amortiguaci\u00f3n y ligereza con cada pisada.<\/p>","protected":false},"excerpt":{"rendered":"<p>Nike Air Max SC Negro\/Granate<\/p>\n<p>DQ3995-002<\/p>","protected":false},"featured_media":1783,"template":"","meta":{"neve_meta_sidebar":"","neve_meta_container":"","neve_meta_enable_content_width":"off","neve_meta_content_width":100,"neve_meta_title_alignment":"","neve_meta_author_avatar":"","neve_post_elements_order":"","neve_meta_disable_header":"","neve_meta_disable_footer":"","neve_meta_disable_title":"","_joinchat":[]},"product_brand":[],"product_cat":[22,71,35,73],"product_tag":[],"class_list":{"0":"post-1781","1":"product","2":"type-product","3":"status-publish","4":"has-post-thumbnail","6":"product_cat-calzado","7":"product_cat-hombre","8":"product_cat-nike","9":"product_cat-outlet","11":"first","12":"instock","13":"taxable","14":"shipping-taxable","15":"product-type-variable"},"yoast_head":"<!-- This site is optimized with the Yoast SEO plugin v27.0 - https:\/\/yoast.com\/product\/yoast-seo-wordpress\/ -->\n<title>Nike Air Max SC Negro\/Granate - JOGALIA<\/title>\n<meta name=\"description\" content=\"Las Zapatillas Nike Air MaxSC AMORTIGUACI\u00d3N AIR DURANTE TODO EL D\u00cdA. Sencillez, comodidad y amortiguaci\u00f3n Air: las Nike Air Max SC son una apuesta segura.\" \/>\n<meta name=\"robots\" content=\"index, follow, max-snippet:-1, max-image-preview:large, max-video-preview:-1\" \/>\n<link rel=\"canonical\" href=\"https:\/\/jogalia.com\/ca\/producte\/zapatillas-nike-air-max-sc-negro-granate\/\" \/>\n<meta property=\"og:locale\" content=\"ca_ES\" \/>\n<meta property=\"og:type\" content=\"article\" \/>\n<meta property=\"og:title\" content=\"Nike Air Max SC Negro\/Granate - JOGALIA\" \/>\n<meta property=\"og:description\" content=\"Las Zapatillas Nike Air MaxSC AMORTIGUACI\u00d3N AIR DURANTE TODO EL D\u00cdA. Sencillez, comodidad y amortiguaci\u00f3n Air: las Nike Air Max SC son una apuesta segura.\" \/>\n<meta property=\"og:url\" content=\"https:\/\/jogalia.com\/ca\/producte\/zapatillas-nike-air-max-sc-negro-granate\/\" \/>\n<meta property=\"og:site_name\" content=\"JOGALIA\" \/>\n<meta property=\"article:modified_time\" content=\"2024-12-28T17:08:25+00:00\" \/>\n<meta property=\"og:image\" content=\"https:\/\/jogalia.com\/wp-content\/uploads\/2024\/04\/AIR-MAX.webp\" \/>\n\t<meta property=\"og:image:width\" content=\"800\" \/>\n\t<meta property=\"og:image:height\" content=\"1152\" \/>\n\t<meta property=\"og:image:type\" content=\"image\/webp\" \/>\n<meta name=\"twitter:card\" content=\"summary_large_image\" \/>\n<meta name=\"twitter:label1\" content=\"Temps estimat de lectura\" \/>\n\t<meta name=\"twitter:data1\" content=\"1 minut\" \/>\n<script type=\"application\/ld+json\" class=\"yoast-schema-graph\">{\"@context\":\"https:\/\/schema.org\",\"@graph\":[{\"@type\":\"WebPage\",\"@id\":\"https:\/\/jogalia.com\/producto\/zapatillas-nike-air-max-sc-negro-granate\/\",\"url\":\"https:\/\/jogalia.com\/producto\/zapatillas-nike-air-max-sc-negro-granate\/\",\"name\":\"Nike Air Max SC Negro\/Granate - JOGALIA\",\"isPartOf\":{\"@id\":\"https:\/\/jogalia.com\/#website\"},\"primaryImageOfPage\":{\"@id\":\"https:\/\/jogalia.com\/producto\/zapatillas-nike-air-max-sc-negro-granate\/#primaryimage\"},\"image\":{\"@id\":\"https:\/\/jogalia.com\/producto\/zapatillas-nike-air-max-sc-negro-granate\/#primaryimage\"},\"thumbnailUrl\":\"https:\/\/jogalia.com\/wp-content\/uploads\/2024\/04\/AIR-MAX.webp\",\"datePublished\":\"2024-04-30T10:23:38+00:00\",\"dateModified\":\"2024-12-28T17:08:25+00:00\",\"description\":\"Las Zapatillas Nike Air MaxSC AMORTIGUACI\u00d3N AIR DURANTE TODO EL D\u00cdA. Sencillez, comodidad y amortiguaci\u00f3n Air: las Nike Air Max SC son una apuesta segura.\",\"breadcrumb\":{\"@id\":\"https:\/\/jogalia.com\/producto\/zapatillas-nike-air-max-sc-negro-granate\/#breadcrumb\"},\"inLanguage\":\"ca\",\"potentialAction\":[{\"@type\":\"ReadAction\",\"target\":[\"https:\/\/jogalia.com\/producto\/zapatillas-nike-air-max-sc-negro-granate\/\"]}]},{\"@type\":\"ImageObject\",\"inLanguage\":\"ca\",\"@id\":\"https:\/\/jogalia.com\/producto\/zapatillas-nike-air-max-sc-negro-granate\/#primaryimage\",\"url\":\"https:\/\/jogalia.com\/wp-content\/uploads\/2024\/04\/AIR-MAX.webp\",\"contentUrl\":\"https:\/\/jogalia.com\/wp-content\/uploads\/2024\/04\/AIR-MAX.webp\",\"width\":800,\"height\":1152},{\"@type\":\"BreadcrumbList\",\"@id\":\"https:\/\/jogalia.com\/producto\/zapatillas-nike-air-max-sc-negro-granate\/#breadcrumb\",\"itemListElement\":[{\"@type\":\"ListItem\",\"position\":1,\"name\":\"Portada\",\"item\":\"https:\/\/jogalia.com\/\"},{\"@type\":\"ListItem\",\"position\":2,\"name\":\"Tienda\",\"item\":\"https:\/\/jogalia.com\/shop\/\"},{\"@type\":\"ListItem\",\"position\":3,\"name\":\"Nike Air Max SC Negro\/Granate\"}]},{\"@type\":\"WebSite\",\"@id\":\"https:\/\/jogalia.com\/#website\",\"url\":\"https:\/\/jogalia.com\/\",\"name\":\"JOGALIA\",\"description\":\"Encuentra tu estilo perfecto en Jogalia: Moda, deporte y las marcas m\u00e1s exclusivas.\",\"potentialAction\":[{\"@type\":\"SearchAction\",\"target\":{\"@type\":\"EntryPoint\",\"urlTemplate\":\"https:\/\/jogalia.com\/?s={search_term_string}\"},\"query-input\":{\"@type\":\"PropertyValueSpecification\",\"valueRequired\":true,\"valueName\":\"search_term_string\"}}],\"inLanguage\":\"ca\"}]}<\/script>\n<!-- \/ Yoast SEO plugin. -->","yoast_head_json":{"title":"Nike Air Max SC Negro\/Granate - JOGALIA","description":"Las Zapatillas Nike Air MaxSC AMORTIGUACI\u00d3N AIR DURANTE TODO EL D\u00cdA. Sencillez, comodidad y amortiguaci\u00f3n Air: las Nike Air Max SC son una apuesta segura.","robots":{"index":"index","follow":"follow","max-snippet":"max-snippet:-1","max-image-preview":"max-image-preview:large","max-video-preview":"max-video-preview:-1"},"canonical":"https:\/\/jogalia.com\/ca\/producte\/zapatillas-nike-air-max-sc-negro-granate\/","og_locale":"ca_ES","og_type":"article","og_title":"Nike Air Max SC Negro\/Granate - JOGALIA","og_description":"Las Zapatillas Nike Air MaxSC AMORTIGUACI\u00d3N AIR DURANTE TODO EL D\u00cdA. Sencillez, comodidad y amortiguaci\u00f3n Air: las Nike Air Max SC son una apuesta segura.","og_url":"https:\/\/jogalia.com\/ca\/producte\/zapatillas-nike-air-max-sc-negro-granate\/","og_site_name":"JOGALIA","article_modified_time":"2024-12-28T17:08:25+00:00","og_image":[{"width":800,"height":1152,"url":"https:\/\/jogalia.com\/wp-content\/uploads\/2024\/04\/AIR-MAX.webp","type":"image\/webp"}],"twitter_card":"summary_large_image","twitter_misc":{"Temps estimat de lectura":"1 minut"},"schema":{"@context":"https:\/\/schema.org","@graph":[{"@type":"WebPage","@id":"https:\/\/jogalia.com\/producto\/zapatillas-nike-air-max-sc-negro-granate\/","url":"https:\/\/jogalia.com\/producto\/zapatillas-nike-air-max-sc-negro-granate\/","name":"Nike Air Max SC Negro\/Granate - JOGALIA","isPartOf":{"@id":"https:\/\/jogalia.com\/#website"},"primaryImageOfPage":{"@id":"https:\/\/jogalia.com\/producto\/zapatillas-nike-air-max-sc-negro-granate\/#primaryimage"},"image":{"@id":"https:\/\/jogalia.com\/producto\/zapatillas-nike-air-max-sc-negro-granate\/#primaryimage"},"thumbnailUrl":"https:\/\/jogalia.com\/wp-content\/uploads\/2024\/04\/AIR-MAX.webp","datePublished":"2024-04-30T10:23:38+00:00","dateModified":"2024-12-28T17:08:25+00:00","description":"Las Zapatillas Nike Air MaxSC AMORTIGUACI\u00d3N AIR DURANTE TODO EL D\u00cdA. Sencillez, comodidad y amortiguaci\u00f3n Air: las Nike Air Max SC son una apuesta segura.","breadcrumb":{"@id":"https:\/\/jogalia.com\/producto\/zapatillas-nike-air-max-sc-negro-granate\/#breadcrumb"},"inLanguage":"ca","potentialAction":[{"@type":"ReadAction","target":["https:\/\/jogalia.com\/producto\/zapatillas-nike-air-max-sc-negro-granate\/"]}]},{"@type":"ImageObject","inLanguage":"ca","@id":"https:\/\/jogalia.com\/producto\/zapatillas-nike-air-max-sc-negro-granate\/#primaryimage","url":"https:\/\/jogalia.com\/wp-content\/uploads\/2024\/04\/AIR-MAX.webp","contentUrl":"https:\/\/jogalia.com\/wp-content\/uploads\/2024\/04\/AIR-MAX.webp","width":800,"height":1152},{"@type":"BreadcrumbList","@id":"https:\/\/jogalia.com\/producto\/zapatillas-nike-air-max-sc-negro-granate\/#breadcrumb","itemListElement":[{"@type":"ListItem","position":1,"name":"Portada","item":"https:\/\/jogalia.com\/"},{"@type":"ListItem","position":2,"name":"Tienda","item":"https:\/\/jogalia.com\/shop\/"},{"@type":"ListItem","position":3,"name":"Nike Air Max SC Negro\/Granate"}]},{"@type":"WebSite","@id":"https:\/\/jogalia.com\/#website","url":"https:\/\/jogalia.com\/","name":"JOGALIA","description":"Encuentra tu estilo perfecto en Jogalia: Moda, deporte y las marcas m\u00e1s exclusivas.","potentialAction":[{"@type":"SearchAction","target":{"@type":"EntryPoint","urlTemplate":"https:\/\/jogalia.com\/?s={search_term_string}"},"query-input":{"@type":"PropertyValueSpecification","valueRequired":true,"valueName":"search_term_string"}}],"inLanguage":"ca"}]}},"_links":{"self":[{"href":"https:\/\/jogalia.com\/ca\/wp-json\/wp\/v2\/product\/1781","targetHints":{"allow":["GET"]}}],"collection":[{"href":"https:\/\/jogalia.com\/ca\/wp-json\/wp\/v2\/product"}],"about":[{"href":"https:\/\/jogalia.com\/ca\/wp-json\/wp\/v2\/types\/product"}],"wp:featuredmedia":[{"embeddable":true,"href":"https:\/\/jogalia.com\/ca\/wp-json\/wp\/v2\/media\/1783"}],"wp:attachment":[{"href":"https:\/\/jogalia.com\/ca\/wp-json\/wp\/v2\/media?parent=1781"}],"wp:term":[{"taxonomy":"product_brand","embeddable":true,"href":"https:\/\/jogalia.com\/ca\/wp-json\/wp\/v2\/product_brand?post=1781"},{"taxonomy":"product_cat","embeddable":true,"href":"https:\/\/jogalia.com\/ca\/wp-json\/wp\/v2\/product_cat?post=1781"},{"taxonomy":"product_tag","embeddable":true,"href":"https:\/\/jogalia.com\/ca\/wp-json\/wp\/v2\/product_tag?post=1781"}],"curies":[{"name":"wp","href":"https:\/\/api.w.org\/{rel}","templated":true}]}}