{"id":1671,"date":"2024-04-19T18:56:19","date_gmt":"2024-04-19T16:56:19","guid":{"rendered":"https:\/\/jogalia.com\/?post_type=product&#038;p=1671"},"modified":"2025-04-08T19:17:43","modified_gmt":"2025-04-08T17:17:43","slug":"rodilleras-mizuno-vs1-kneepad-blanco","status":"publish","type":"product","link":"https:\/\/jogalia.com\/ca\/producte\/rodilleras-mizuno-vs1-kneepad-blanco\/","title":{"rendered":"Mizuno Rodilleras VS1 Kneepad Blanco"},"content":{"rendered":"<p>Disfruta de tu deporte favorito con total seguridad gracias a estas rodilleras dise\u00f1adas para proteger la rodilla en las \u00e1reas media, lateral y frontal. Equipadas con el sistema de amortiguaci\u00f3n VS-1 contra impactos. Juego de dos unidades.<\/p>\n<blockquote class=\"wp-embedded-content\" data-secret=\"avXTqnQTPN\"><p><a href=\"https:\/\/jogalia.com\/ca\/producte\/mizuno-rodilleras-vs1-kneepad-negro-jogalia\/\">Mizuno Rodilleras VS1 Kneepad Negro<\/a><\/p><\/blockquote>\n<p><iframe class=\"wp-embedded-content\" sandbox=\"allow-scripts\" security=\"restricted\" style=\"position: absolute; clip: rect(1px, 1px, 1px, 1px);\" title=\"\u00abMizuno Rodilleras VS1 Kneepad Negro\u00bb \u2014 JOGALIA\" src=\"https:\/\/jogalia.com\/producto\/mizuno-rodilleras-vs1-kneepad-negro-jogalia\/embed\/#?secret=dgMGZLcZ1Y#?secret=avXTqnQTPN\" data-secret=\"avXTqnQTPN\" width=\"600\" height=\"338\" frameborder=\"0\" marginwidth=\"0\" marginheight=\"0\" scrolling=\"no\"><\/iframe><\/p>\n<p>&nbsp;<\/p>","protected":false},"excerpt":{"rendered":"<h1>Rodilleras Mizuno VS1 Kneepad Blanco<\/h1>","protected":false},"featured_media":1676,"template":"","meta":{"neve_meta_sidebar":"","neve_meta_container":"","neve_meta_enable_content_width":"off","neve_meta_content_width":100,"neve_meta_title_alignment":"","neve_meta_author_avatar":"","neve_post_elements_order":"","neve_meta_disable_header":"","neve_meta_disable_footer":"","neve_meta_disable_title":"","_joinchat":[]},"product_brand":[],"product_cat":[23,68],"product_tag":[],"class_list":{"0":"post-1671","1":"product","2":"type-product","3":"status-publish","4":"has-post-thumbnail","6":"product_cat-accesorios","7":"product_cat-mizuno","9":"first","10":"instock","11":"taxable","12":"shipping-taxable","13":"product-type-variable"},"yoast_head":"<!-- This site is optimized with the Yoast SEO plugin v27.0 - https:\/\/yoast.com\/product\/yoast-seo-wordpress\/ -->\n<title>Mizuno Rodilleras VS1 Kneepad Blanco - JOGALIA<\/title>\n<meta name=\"description\" content=\"Rodilleras Mizuno VS1 Kneepad dise\u00f1adas para proteger la rodilla en las \u00e1reas media, lateral y frontal. Con sistema de amortiguaci\u00f3n VS-1 contra impactos.\" \/>\n<meta name=\"robots\" content=\"index, follow, max-snippet:-1, max-image-preview:large, max-video-preview:-1\" \/>\n<link rel=\"canonical\" href=\"https:\/\/jogalia.com\/ca\/producte\/rodilleras-mizuno-vs1-kneepad-blanco\/\" \/>\n<meta property=\"og:locale\" content=\"ca_ES\" \/>\n<meta property=\"og:type\" content=\"article\" \/>\n<meta property=\"og:title\" content=\"Mizuno Rodilleras VS1 Kneepad Blanco - JOGALIA\" \/>\n<meta property=\"og:description\" content=\"Rodilleras Mizuno VS1 Kneepad dise\u00f1adas para proteger la rodilla en las \u00e1reas media, lateral y frontal. Con sistema de amortiguaci\u00f3n VS-1 contra impactos.\" \/>\n<meta property=\"og:url\" content=\"https:\/\/jogalia.com\/ca\/producte\/rodilleras-mizuno-vs1-kneepad-blanco\/\" \/>\n<meta property=\"og:site_name\" content=\"JOGALIA\" \/>\n<meta property=\"article:modified_time\" content=\"2025-04-08T17:17:43+00:00\" \/>\n<meta property=\"og:image\" content=\"https:\/\/jogalia.com\/wp-content\/uploads\/2024\/04\/MIZUNO.jpg\" \/>\n\t<meta property=\"og:image:width\" content=\"800\" \/>\n\t<meta property=\"og:image:height\" content=\"800\" \/>\n\t<meta property=\"og:image:type\" content=\"image\/jpeg\" \/>\n<meta name=\"twitter:card\" content=\"summary_large_image\" \/>\n<meta name=\"twitter:label1\" content=\"Temps estimat de lectura\" \/>\n\t<meta name=\"twitter:data1\" content=\"1 minut\" \/>\n<script type=\"application\/ld+json\" class=\"yoast-schema-graph\">{\"@context\":\"https:\/\/schema.org\",\"@graph\":[{\"@type\":\"WebPage\",\"@id\":\"https:\/\/jogalia.com\/producto\/rodilleras-mizuno-vs1-kneepad-blanco\/\",\"url\":\"https:\/\/jogalia.com\/producto\/rodilleras-mizuno-vs1-kneepad-blanco\/\",\"name\":\"Mizuno Rodilleras VS1 Kneepad Blanco - JOGALIA\",\"isPartOf\":{\"@id\":\"https:\/\/jogalia.com\/#website\"},\"primaryImageOfPage\":{\"@id\":\"https:\/\/jogalia.com\/producto\/rodilleras-mizuno-vs1-kneepad-blanco\/#primaryimage\"},\"image\":{\"@id\":\"https:\/\/jogalia.com\/producto\/rodilleras-mizuno-vs1-kneepad-blanco\/#primaryimage\"},\"thumbnailUrl\":\"https:\/\/jogalia.com\/wp-content\/uploads\/2024\/04\/MIZUNO.jpg\",\"datePublished\":\"2024-04-19T16:56:19+00:00\",\"dateModified\":\"2025-04-08T17:17:43+00:00\",\"description\":\"Rodilleras Mizuno VS1 Kneepad dise\u00f1adas para proteger la rodilla en las \u00e1reas media, lateral y frontal. Con sistema de amortiguaci\u00f3n VS-1 contra impactos.\",\"breadcrumb\":{\"@id\":\"https:\/\/jogalia.com\/producto\/rodilleras-mizuno-vs1-kneepad-blanco\/#breadcrumb\"},\"inLanguage\":\"ca\",\"potentialAction\":[{\"@type\":\"ReadAction\",\"target\":[\"https:\/\/jogalia.com\/producto\/rodilleras-mizuno-vs1-kneepad-blanco\/\"]}]},{\"@type\":\"ImageObject\",\"inLanguage\":\"ca\",\"@id\":\"https:\/\/jogalia.com\/producto\/rodilleras-mizuno-vs1-kneepad-blanco\/#primaryimage\",\"url\":\"https:\/\/jogalia.com\/wp-content\/uploads\/2024\/04\/MIZUNO.jpg\",\"contentUrl\":\"https:\/\/jogalia.com\/wp-content\/uploads\/2024\/04\/MIZUNO.jpg\",\"width\":800,\"height\":800,\"caption\":\"Rodilleras Mizuno VS1 Kneepad\"},{\"@type\":\"BreadcrumbList\",\"@id\":\"https:\/\/jogalia.com\/producto\/rodilleras-mizuno-vs1-kneepad-blanco\/#breadcrumb\",\"itemListElement\":[{\"@type\":\"ListItem\",\"position\":1,\"name\":\"Portada\",\"item\":\"https:\/\/jogalia.com\/\"},{\"@type\":\"ListItem\",\"position\":2,\"name\":\"Tienda\",\"item\":\"https:\/\/jogalia.com\/shop\/\"},{\"@type\":\"ListItem\",\"position\":3,\"name\":\"Mizuno Rodilleras VS1 Kneepad Blanco\"}]},{\"@type\":\"WebSite\",\"@id\":\"https:\/\/jogalia.com\/#website\",\"url\":\"https:\/\/jogalia.com\/\",\"name\":\"JOGALIA\",\"description\":\"Encuentra tu estilo perfecto en Jogalia: Moda, deporte y las marcas m\u00e1s exclusivas.\",\"potentialAction\":[{\"@type\":\"SearchAction\",\"target\":{\"@type\":\"EntryPoint\",\"urlTemplate\":\"https:\/\/jogalia.com\/?s={search_term_string}\"},\"query-input\":{\"@type\":\"PropertyValueSpecification\",\"valueRequired\":true,\"valueName\":\"search_term_string\"}}],\"inLanguage\":\"ca\"}]}<\/script>\n<!-- \/ Yoast SEO plugin. -->","yoast_head_json":{"title":"Mizuno Rodilleras VS1 Kneepad Blanco - JOGALIA","description":"Rodilleras Mizuno VS1 Kneepad dise\u00f1adas para proteger la rodilla en las \u00e1reas media, lateral y frontal. Con sistema de amortiguaci\u00f3n VS-1 contra impactos.","robots":{"index":"index","follow":"follow","max-snippet":"max-snippet:-1","max-image-preview":"max-image-preview:large","max-video-preview":"max-video-preview:-1"},"canonical":"https:\/\/jogalia.com\/ca\/producte\/rodilleras-mizuno-vs1-kneepad-blanco\/","og_locale":"ca_ES","og_type":"article","og_title":"Mizuno Rodilleras VS1 Kneepad Blanco - JOGALIA","og_description":"Rodilleras Mizuno VS1 Kneepad dise\u00f1adas para proteger la rodilla en las \u00e1reas media, lateral y frontal. Con sistema de amortiguaci\u00f3n VS-1 contra impactos.","og_url":"https:\/\/jogalia.com\/ca\/producte\/rodilleras-mizuno-vs1-kneepad-blanco\/","og_site_name":"JOGALIA","article_modified_time":"2025-04-08T17:17:43+00:00","og_image":[{"width":800,"height":800,"url":"https:\/\/jogalia.com\/wp-content\/uploads\/2024\/04\/MIZUNO.jpg","type":"image\/jpeg"}],"twitter_card":"summary_large_image","twitter_misc":{"Temps estimat de lectura":"1 minut"},"schema":{"@context":"https:\/\/schema.org","@graph":[{"@type":"WebPage","@id":"https:\/\/jogalia.com\/producto\/rodilleras-mizuno-vs1-kneepad-blanco\/","url":"https:\/\/jogalia.com\/producto\/rodilleras-mizuno-vs1-kneepad-blanco\/","name":"Mizuno Rodilleras VS1 Kneepad Blanco - JOGALIA","isPartOf":{"@id":"https:\/\/jogalia.com\/#website"},"primaryImageOfPage":{"@id":"https:\/\/jogalia.com\/producto\/rodilleras-mizuno-vs1-kneepad-blanco\/#primaryimage"},"image":{"@id":"https:\/\/jogalia.com\/producto\/rodilleras-mizuno-vs1-kneepad-blanco\/#primaryimage"},"thumbnailUrl":"https:\/\/jogalia.com\/wp-content\/uploads\/2024\/04\/MIZUNO.jpg","datePublished":"2024-04-19T16:56:19+00:00","dateModified":"2025-04-08T17:17:43+00:00","description":"Rodilleras Mizuno VS1 Kneepad dise\u00f1adas para proteger la rodilla en las \u00e1reas media, lateral y frontal. Con sistema de amortiguaci\u00f3n VS-1 contra impactos.","breadcrumb":{"@id":"https:\/\/jogalia.com\/producto\/rodilleras-mizuno-vs1-kneepad-blanco\/#breadcrumb"},"inLanguage":"ca","potentialAction":[{"@type":"ReadAction","target":["https:\/\/jogalia.com\/producto\/rodilleras-mizuno-vs1-kneepad-blanco\/"]}]},{"@type":"ImageObject","inLanguage":"ca","@id":"https:\/\/jogalia.com\/producto\/rodilleras-mizuno-vs1-kneepad-blanco\/#primaryimage","url":"https:\/\/jogalia.com\/wp-content\/uploads\/2024\/04\/MIZUNO.jpg","contentUrl":"https:\/\/jogalia.com\/wp-content\/uploads\/2024\/04\/MIZUNO.jpg","width":800,"height":800,"caption":"Rodilleras Mizuno VS1 Kneepad"},{"@type":"BreadcrumbList","@id":"https:\/\/jogalia.com\/producto\/rodilleras-mizuno-vs1-kneepad-blanco\/#breadcrumb","itemListElement":[{"@type":"ListItem","position":1,"name":"Portada","item":"https:\/\/jogalia.com\/"},{"@type":"ListItem","position":2,"name":"Tienda","item":"https:\/\/jogalia.com\/shop\/"},{"@type":"ListItem","position":3,"name":"Mizuno Rodilleras VS1 Kneepad Blanco"}]},{"@type":"WebSite","@id":"https:\/\/jogalia.com\/#website","url":"https:\/\/jogalia.com\/","name":"JOGALIA","description":"Encuentra tu estilo perfecto en Jogalia: Moda, deporte y las marcas m\u00e1s exclusivas.","potentialAction":[{"@type":"SearchAction","target":{"@type":"EntryPoint","urlTemplate":"https:\/\/jogalia.com\/?s={search_term_string}"},"query-input":{"@type":"PropertyValueSpecification","valueRequired":true,"valueName":"search_term_string"}}],"inLanguage":"ca"}]}},"_links":{"self":[{"href":"https:\/\/jogalia.com\/ca\/wp-json\/wp\/v2\/product\/1671","targetHints":{"allow":["GET"]}}],"collection":[{"href":"https:\/\/jogalia.com\/ca\/wp-json\/wp\/v2\/product"}],"about":[{"href":"https:\/\/jogalia.com\/ca\/wp-json\/wp\/v2\/types\/product"}],"wp:featuredmedia":[{"embeddable":true,"href":"https:\/\/jogalia.com\/ca\/wp-json\/wp\/v2\/media\/1676"}],"wp:attachment":[{"href":"https:\/\/jogalia.com\/ca\/wp-json\/wp\/v2\/media?parent=1671"}],"wp:term":[{"taxonomy":"product_brand","embeddable":true,"href":"https:\/\/jogalia.com\/ca\/wp-json\/wp\/v2\/product_brand?post=1671"},{"taxonomy":"product_cat","embeddable":true,"href":"https:\/\/jogalia.com\/ca\/wp-json\/wp\/v2\/product_cat?post=1671"},{"taxonomy":"product_tag","embeddable":true,"href":"https:\/\/jogalia.com\/ca\/wp-json\/wp\/v2\/product_tag?post=1671"}],"curies":[{"name":"wp","href":"https:\/\/api.w.org\/{rel}","templated":true}]}}