{"id":1660,"date":"2024-04-17T12:55:32","date_gmt":"2024-04-17T10:55:32","guid":{"rendered":"https:\/\/jogalia.com\/?post_type=product&#038;p=1660"},"modified":"2025-10-05T13:15:57","modified_gmt":"2025-10-05T11:15:57","slug":"jordan-23-camiseta-de-tirantes-baloncesto","status":"publish","type":"product","link":"https:\/\/jogalia.com\/ca\/producte\/jordan-23-camiseta-de-tirantes-baloncesto\/","title":{"rendered":"Jordan 23 Camiseta de tirantes Jr."},"content":{"rendered":"<p>La camiseta de tirantes Jordan lo tiene todo: es fresca, ligera y c\u00f3moda. Su estilo de baloncesto y un logotipo de DNA de gran tama\u00f1o , que te har\u00e1 destacar.<\/p>","protected":false},"excerpt":{"rendered":"<p>Jordan 23 Camiseta de tirantes Jr.<\/p>\n<p>95A773-R78<\/p>","protected":false},"featured_media":1665,"template":"","meta":{"neve_meta_sidebar":"","neve_meta_container":"","neve_meta_enable_content_width":"off","neve_meta_content_width":100,"neve_meta_title_alignment":"","neve_meta_author_avatar":"","neve_post_elements_order":"","neve_meta_disable_header":"","neve_meta_disable_footer":"","neve_meta_disable_title":"","_joinchat":[]},"product_brand":[],"product_cat":[37,21,72],"product_tag":[],"class_list":{"0":"post-1660","1":"product","2":"type-product","3":"status-publish","4":"has-post-thumbnail","6":"product_cat-jordan","7":"product_cat-textil","8":"product_cat-unisex","10":"first","11":"instock","12":"taxable","13":"shipping-taxable","14":"product-type-variable"},"yoast_head":"<!-- This site is optimized with the Yoast SEO plugin v27.0 - https:\/\/yoast.com\/product\/yoast-seo-wordpress\/ -->\n<title>Jordan 23 Camiseta de tirantes Jr. - JOGALIA<\/title>\n<meta name=\"description\" content=\"Jordan 23 Camiseta baloncesto, para lucir por la calle o jugando al baloncesto, tejido transpirable y muy c\u00f3modo de llevar. Disfrutalo junto a tus amigos\" \/>\n<meta name=\"robots\" content=\"index, follow, max-snippet:-1, max-image-preview:large, max-video-preview:-1\" \/>\n<link rel=\"canonical\" href=\"https:\/\/jogalia.com\/ca\/producte\/jordan-23-camiseta-de-tirantes-baloncesto\/\" \/>\n<meta property=\"og:locale\" content=\"ca_ES\" \/>\n<meta property=\"og:type\" content=\"article\" \/>\n<meta property=\"og:title\" content=\"Jordan 23 Camiseta de tirantes Jr. - JOGALIA\" \/>\n<meta property=\"og:description\" content=\"Jordan 23 Camiseta baloncesto, para lucir por la calle o jugando al baloncesto, tejido transpirable y muy c\u00f3modo de llevar. Disfrutalo junto a tus amigos\" \/>\n<meta property=\"og:url\" content=\"https:\/\/jogalia.com\/ca\/producte\/jordan-23-camiseta-de-tirantes-baloncesto\/\" \/>\n<meta property=\"og:site_name\" content=\"JOGALIA\" \/>\n<meta property=\"article:modified_time\" content=\"2025-10-05T11:15:57+00:00\" \/>\n<meta property=\"og:image\" content=\"https:\/\/jogalia.com\/wp-content\/uploads\/2024\/04\/JORDAN-scaled.webp\" \/>\n\t<meta property=\"og:image:width\" content=\"1773\" \/>\n\t<meta property=\"og:image:height\" content=\"2560\" \/>\n\t<meta property=\"og:image:type\" content=\"image\/webp\" \/>\n<meta name=\"twitter:card\" content=\"summary_large_image\" \/>\n<meta name=\"twitter:label1\" content=\"Temps estimat de lectura\" \/>\n\t<meta name=\"twitter:data1\" content=\"1 minut\" \/>\n<script type=\"application\/ld+json\" class=\"yoast-schema-graph\">{\"@context\":\"https:\/\/schema.org\",\"@graph\":[{\"@type\":\"WebPage\",\"@id\":\"https:\/\/jogalia.com\/producto\/jordan-23-camiseta-de-tirantes-baloncesto\/\",\"url\":\"https:\/\/jogalia.com\/producto\/jordan-23-camiseta-de-tirantes-baloncesto\/\",\"name\":\"Jordan 23 Camiseta de tirantes Jr. - JOGALIA\",\"isPartOf\":{\"@id\":\"https:\/\/jogalia.com\/#website\"},\"primaryImageOfPage\":{\"@id\":\"https:\/\/jogalia.com\/producto\/jordan-23-camiseta-de-tirantes-baloncesto\/#primaryimage\"},\"image\":{\"@id\":\"https:\/\/jogalia.com\/producto\/jordan-23-camiseta-de-tirantes-baloncesto\/#primaryimage\"},\"thumbnailUrl\":\"https:\/\/jogalia.com\/wp-content\/uploads\/2024\/04\/JORDAN-scaled.webp\",\"datePublished\":\"2024-04-17T10:55:32+00:00\",\"dateModified\":\"2025-10-05T11:15:57+00:00\",\"description\":\"Jordan 23 Camiseta baloncesto, para lucir por la calle o jugando al baloncesto, tejido transpirable y muy c\u00f3modo de llevar. Disfrutalo junto a tus amigos\",\"breadcrumb\":{\"@id\":\"https:\/\/jogalia.com\/producto\/jordan-23-camiseta-de-tirantes-baloncesto\/#breadcrumb\"},\"inLanguage\":\"ca\",\"potentialAction\":[{\"@type\":\"ReadAction\",\"target\":[\"https:\/\/jogalia.com\/producto\/jordan-23-camiseta-de-tirantes-baloncesto\/\"]}]},{\"@type\":\"ImageObject\",\"inLanguage\":\"ca\",\"@id\":\"https:\/\/jogalia.com\/producto\/jordan-23-camiseta-de-tirantes-baloncesto\/#primaryimage\",\"url\":\"https:\/\/jogalia.com\/wp-content\/uploads\/2024\/04\/JORDAN-scaled.webp\",\"contentUrl\":\"https:\/\/jogalia.com\/wp-content\/uploads\/2024\/04\/JORDAN-scaled.webp\",\"width\":1773,\"height\":2560,\"caption\":\"Jordan 23 Camiseta baloncesto,\"},{\"@type\":\"BreadcrumbList\",\"@id\":\"https:\/\/jogalia.com\/producto\/jordan-23-camiseta-de-tirantes-baloncesto\/#breadcrumb\",\"itemListElement\":[{\"@type\":\"ListItem\",\"position\":1,\"name\":\"Portada\",\"item\":\"https:\/\/jogalia.com\/\"},{\"@type\":\"ListItem\",\"position\":2,\"name\":\"Tienda\",\"item\":\"https:\/\/jogalia.com\/shop\/\"},{\"@type\":\"ListItem\",\"position\":3,\"name\":\"Jordan 23 Camiseta de tirantes Jr.\"}]},{\"@type\":\"WebSite\",\"@id\":\"https:\/\/jogalia.com\/#website\",\"url\":\"https:\/\/jogalia.com\/\",\"name\":\"JOGALIA\",\"description\":\"Encuentra tu estilo perfecto en Jogalia: Moda, deporte y las marcas m\u00e1s exclusivas.\",\"potentialAction\":[{\"@type\":\"SearchAction\",\"target\":{\"@type\":\"EntryPoint\",\"urlTemplate\":\"https:\/\/jogalia.com\/?s={search_term_string}\"},\"query-input\":{\"@type\":\"PropertyValueSpecification\",\"valueRequired\":true,\"valueName\":\"search_term_string\"}}],\"inLanguage\":\"ca\"}]}<\/script>\n<!-- \/ Yoast SEO plugin. -->","yoast_head_json":{"title":"Jordan 23 Camiseta de tirantes Jr. - JOGALIA","description":"Jordan 23 Camiseta baloncesto, para lucir por la calle o jugando al baloncesto, tejido transpirable y muy c\u00f3modo de llevar. Disfrutalo junto a tus amigos","robots":{"index":"index","follow":"follow","max-snippet":"max-snippet:-1","max-image-preview":"max-image-preview:large","max-video-preview":"max-video-preview:-1"},"canonical":"https:\/\/jogalia.com\/ca\/producte\/jordan-23-camiseta-de-tirantes-baloncesto\/","og_locale":"ca_ES","og_type":"article","og_title":"Jordan 23 Camiseta de tirantes Jr. - JOGALIA","og_description":"Jordan 23 Camiseta baloncesto, para lucir por la calle o jugando al baloncesto, tejido transpirable y muy c\u00f3modo de llevar. Disfrutalo junto a tus amigos","og_url":"https:\/\/jogalia.com\/ca\/producte\/jordan-23-camiseta-de-tirantes-baloncesto\/","og_site_name":"JOGALIA","article_modified_time":"2025-10-05T11:15:57+00:00","og_image":[{"width":1773,"height":2560,"url":"https:\/\/jogalia.com\/wp-content\/uploads\/2024\/04\/JORDAN-scaled.webp","type":"image\/webp"}],"twitter_card":"summary_large_image","twitter_misc":{"Temps estimat de lectura":"1 minut"},"schema":{"@context":"https:\/\/schema.org","@graph":[{"@type":"WebPage","@id":"https:\/\/jogalia.com\/producto\/jordan-23-camiseta-de-tirantes-baloncesto\/","url":"https:\/\/jogalia.com\/producto\/jordan-23-camiseta-de-tirantes-baloncesto\/","name":"Jordan 23 Camiseta de tirantes Jr. - JOGALIA","isPartOf":{"@id":"https:\/\/jogalia.com\/#website"},"primaryImageOfPage":{"@id":"https:\/\/jogalia.com\/producto\/jordan-23-camiseta-de-tirantes-baloncesto\/#primaryimage"},"image":{"@id":"https:\/\/jogalia.com\/producto\/jordan-23-camiseta-de-tirantes-baloncesto\/#primaryimage"},"thumbnailUrl":"https:\/\/jogalia.com\/wp-content\/uploads\/2024\/04\/JORDAN-scaled.webp","datePublished":"2024-04-17T10:55:32+00:00","dateModified":"2025-10-05T11:15:57+00:00","description":"Jordan 23 Camiseta baloncesto, para lucir por la calle o jugando al baloncesto, tejido transpirable y muy c\u00f3modo de llevar. Disfrutalo junto a tus amigos","breadcrumb":{"@id":"https:\/\/jogalia.com\/producto\/jordan-23-camiseta-de-tirantes-baloncesto\/#breadcrumb"},"inLanguage":"ca","potentialAction":[{"@type":"ReadAction","target":["https:\/\/jogalia.com\/producto\/jordan-23-camiseta-de-tirantes-baloncesto\/"]}]},{"@type":"ImageObject","inLanguage":"ca","@id":"https:\/\/jogalia.com\/producto\/jordan-23-camiseta-de-tirantes-baloncesto\/#primaryimage","url":"https:\/\/jogalia.com\/wp-content\/uploads\/2024\/04\/JORDAN-scaled.webp","contentUrl":"https:\/\/jogalia.com\/wp-content\/uploads\/2024\/04\/JORDAN-scaled.webp","width":1773,"height":2560,"caption":"Jordan 23 Camiseta baloncesto,"},{"@type":"BreadcrumbList","@id":"https:\/\/jogalia.com\/producto\/jordan-23-camiseta-de-tirantes-baloncesto\/#breadcrumb","itemListElement":[{"@type":"ListItem","position":1,"name":"Portada","item":"https:\/\/jogalia.com\/"},{"@type":"ListItem","position":2,"name":"Tienda","item":"https:\/\/jogalia.com\/shop\/"},{"@type":"ListItem","position":3,"name":"Jordan 23 Camiseta de tirantes Jr."}]},{"@type":"WebSite","@id":"https:\/\/jogalia.com\/#website","url":"https:\/\/jogalia.com\/","name":"JOGALIA","description":"Encuentra tu estilo perfecto en Jogalia: Moda, deporte y las marcas m\u00e1s exclusivas.","potentialAction":[{"@type":"SearchAction","target":{"@type":"EntryPoint","urlTemplate":"https:\/\/jogalia.com\/?s={search_term_string}"},"query-input":{"@type":"PropertyValueSpecification","valueRequired":true,"valueName":"search_term_string"}}],"inLanguage":"ca"}]}},"_links":{"self":[{"href":"https:\/\/jogalia.com\/ca\/wp-json\/wp\/v2\/product\/1660","targetHints":{"allow":["GET"]}}],"collection":[{"href":"https:\/\/jogalia.com\/ca\/wp-json\/wp\/v2\/product"}],"about":[{"href":"https:\/\/jogalia.com\/ca\/wp-json\/wp\/v2\/types\/product"}],"wp:featuredmedia":[{"embeddable":true,"href":"https:\/\/jogalia.com\/ca\/wp-json\/wp\/v2\/media\/1665"}],"wp:attachment":[{"href":"https:\/\/jogalia.com\/ca\/wp-json\/wp\/v2\/media?parent=1660"}],"wp:term":[{"taxonomy":"product_brand","embeddable":true,"href":"https:\/\/jogalia.com\/ca\/wp-json\/wp\/v2\/product_brand?post=1660"},{"taxonomy":"product_cat","embeddable":true,"href":"https:\/\/jogalia.com\/ca\/wp-json\/wp\/v2\/product_cat?post=1660"},{"taxonomy":"product_tag","embeddable":true,"href":"https:\/\/jogalia.com\/ca\/wp-json\/wp\/v2\/product_tag?post=1660"}],"curies":[{"name":"wp","href":"https:\/\/api.w.org\/{rel}","templated":true}]}}