{"id":1574,"date":"2024-04-09T13:48:08","date_gmt":"2024-04-09T11:48:08","guid":{"rendered":"https:\/\/jogalia.com\/?post_type=product&#038;p=1574"},"modified":"2025-05-05T17:21:27","modified_gmt":"2025-05-05T15:21:27","slug":"cp6030-432-capri-elegant-6-8-azul","status":"publish","type":"product","link":"https:\/\/jogalia.com\/ca\/producte\/cp6030-432-capri-elegant-6-8-azul\/","title":{"rendered":"Ditchil Capri Elegant 6\/8 Azul"},"content":{"rendered":"<h3 class=\"product_name\">Malla Ditchil Capri Elegant 6\/8 Azul Cintura Super Alta<\/h3>\n<h4 class=\"product_name\">Nuestros Capri Elegant son ideales para yoga, senderismo y gimnasio. Con su m\u00e1ximo tacto nos hace sentir el m\u00e1ximo confort en cualquier pr\u00e1ctica de ejercicio.<\/h4>\n<p><strong>CARACTER\u00cdSTICAS<\/strong><\/p>\n<ul>\n<li>M\u00e1xima protecci\u00f3n solar<\/li>\n<li>M\u00e1xima resitencia al roce<\/li>\n<li>Perfecto FIT<\/li>\n<li>Transpirable<\/li>\n<li>Secado r\u00e1pido<\/li>\n<\/ul>","protected":false},"excerpt":{"rendered":"<p>Ditchil Capri Elegant 6\/8 Azul CP6030-432<\/p>","protected":false},"featured_media":1579,"template":"","meta":{"neve_meta_sidebar":"","neve_meta_container":"","neve_meta_enable_content_width":"off","neve_meta_content_width":100,"neve_meta_title_alignment":"","neve_meta_author_avatar":"","neve_post_elements_order":"","neve_meta_disable_header":"","neve_meta_disable_footer":"","neve_meta_disable_title":"","_joinchat":[]},"product_brand":[],"product_cat":[67,70,58],"product_tag":[],"class_list":{"0":"post-1574","1":"product","2":"type-product","3":"status-publish","4":"has-post-thumbnail","6":"product_cat-ditchil","7":"product_cat-mujer","8":"product_cat-textil-deportivo","10":"first","11":"instock","12":"taxable","13":"shipping-taxable","14":"product-type-variable"},"yoast_head":"<!-- This site is optimized with the Yoast SEO plugin v27.0 - https:\/\/yoast.com\/product\/yoast-seo-wordpress\/ -->\n<title>Ditchil Capri Elegant 6\/8 Azul - JOGALIA<\/title>\n<meta name=\"robots\" content=\"index, follow, max-snippet:-1, max-image-preview:large, max-video-preview:-1\" \/>\n<link rel=\"canonical\" href=\"https:\/\/jogalia.com\/ca\/producte\/cp6030-432-capri-elegant-6-8-azul\/\" \/>\n<meta property=\"og:locale\" content=\"ca_ES\" \/>\n<meta property=\"og:type\" content=\"article\" \/>\n<meta property=\"og:title\" content=\"Ditchil Capri Elegant 6\/8 Azul - JOGALIA\" \/>\n<meta property=\"og:description\" content=\"Ditchil Capri Elegant 6\/8 Azul CP6030-432\" \/>\n<meta property=\"og:url\" content=\"https:\/\/jogalia.com\/ca\/producte\/cp6030-432-capri-elegant-6-8-azul\/\" \/>\n<meta property=\"og:site_name\" content=\"JOGALIA\" \/>\n<meta property=\"article:modified_time\" content=\"2025-05-05T15:21:27+00:00\" \/>\n<meta property=\"og:image\" content=\"https:\/\/jogalia.com\/wp-content\/uploads\/2024\/04\/DITCHIL-3.jpg\" \/>\n\t<meta property=\"og:image:width\" content=\"1365\" \/>\n\t<meta property=\"og:image:height\" content=\"2048\" \/>\n\t<meta property=\"og:image:type\" content=\"image\/jpeg\" \/>\n<meta name=\"twitter:card\" content=\"summary_large_image\" \/>\n<meta name=\"twitter:label1\" content=\"Temps estimat de lectura\" \/>\n\t<meta name=\"twitter:data1\" content=\"1 minut\" \/>\n<script type=\"application\/ld+json\" class=\"yoast-schema-graph\">{\"@context\":\"https:\/\/schema.org\",\"@graph\":[{\"@type\":\"WebPage\",\"@id\":\"https:\/\/jogalia.com\/producto\/cp6030-432-capri-elegant-6-8-azul\/\",\"url\":\"https:\/\/jogalia.com\/producto\/cp6030-432-capri-elegant-6-8-azul\/\",\"name\":\"Ditchil Capri Elegant 6\/8 Azul - JOGALIA\",\"isPartOf\":{\"@id\":\"https:\/\/jogalia.com\/#website\"},\"primaryImageOfPage\":{\"@id\":\"https:\/\/jogalia.com\/producto\/cp6030-432-capri-elegant-6-8-azul\/#primaryimage\"},\"image\":{\"@id\":\"https:\/\/jogalia.com\/producto\/cp6030-432-capri-elegant-6-8-azul\/#primaryimage\"},\"thumbnailUrl\":\"https:\/\/jogalia.com\/wp-content\/uploads\/2024\/04\/DITCHIL-3.jpg\",\"datePublished\":\"2024-04-09T11:48:08+00:00\",\"dateModified\":\"2025-05-05T15:21:27+00:00\",\"breadcrumb\":{\"@id\":\"https:\/\/jogalia.com\/producto\/cp6030-432-capri-elegant-6-8-azul\/#breadcrumb\"},\"inLanguage\":\"ca\",\"potentialAction\":[{\"@type\":\"ReadAction\",\"target\":[\"https:\/\/jogalia.com\/producto\/cp6030-432-capri-elegant-6-8-azul\/\"]}]},{\"@type\":\"ImageObject\",\"inLanguage\":\"ca\",\"@id\":\"https:\/\/jogalia.com\/producto\/cp6030-432-capri-elegant-6-8-azul\/#primaryimage\",\"url\":\"https:\/\/jogalia.com\/wp-content\/uploads\/2024\/04\/DITCHIL-3.jpg\",\"contentUrl\":\"https:\/\/jogalia.com\/wp-content\/uploads\/2024\/04\/DITCHIL-3.jpg\",\"width\":1365,\"height\":2048},{\"@type\":\"BreadcrumbList\",\"@id\":\"https:\/\/jogalia.com\/producto\/cp6030-432-capri-elegant-6-8-azul\/#breadcrumb\",\"itemListElement\":[{\"@type\":\"ListItem\",\"position\":1,\"name\":\"Portada\",\"item\":\"https:\/\/jogalia.com\/\"},{\"@type\":\"ListItem\",\"position\":2,\"name\":\"Tienda\",\"item\":\"https:\/\/jogalia.com\/shop\/\"},{\"@type\":\"ListItem\",\"position\":3,\"name\":\"Ditchil Capri Elegant 6\/8 Azul\"}]},{\"@type\":\"WebSite\",\"@id\":\"https:\/\/jogalia.com\/#website\",\"url\":\"https:\/\/jogalia.com\/\",\"name\":\"JOGALIA\",\"description\":\"Encuentra tu estilo perfecto en Jogalia: Moda, deporte y las marcas m\u00e1s exclusivas.\",\"potentialAction\":[{\"@type\":\"SearchAction\",\"target\":{\"@type\":\"EntryPoint\",\"urlTemplate\":\"https:\/\/jogalia.com\/?s={search_term_string}\"},\"query-input\":{\"@type\":\"PropertyValueSpecification\",\"valueRequired\":true,\"valueName\":\"search_term_string\"}}],\"inLanguage\":\"ca\"}]}<\/script>\n<!-- \/ Yoast SEO plugin. -->","yoast_head_json":{"title":"Ditchil Capri Elegant 6\/8 Azul - JOGALIA","robots":{"index":"index","follow":"follow","max-snippet":"max-snippet:-1","max-image-preview":"max-image-preview:large","max-video-preview":"max-video-preview:-1"},"canonical":"https:\/\/jogalia.com\/ca\/producte\/cp6030-432-capri-elegant-6-8-azul\/","og_locale":"ca_ES","og_type":"article","og_title":"Ditchil Capri Elegant 6\/8 Azul - JOGALIA","og_description":"Ditchil Capri Elegant 6\/8 Azul CP6030-432","og_url":"https:\/\/jogalia.com\/ca\/producte\/cp6030-432-capri-elegant-6-8-azul\/","og_site_name":"JOGALIA","article_modified_time":"2025-05-05T15:21:27+00:00","og_image":[{"width":1365,"height":2048,"url":"https:\/\/jogalia.com\/wp-content\/uploads\/2024\/04\/DITCHIL-3.jpg","type":"image\/jpeg"}],"twitter_card":"summary_large_image","twitter_misc":{"Temps estimat de lectura":"1 minut"},"schema":{"@context":"https:\/\/schema.org","@graph":[{"@type":"WebPage","@id":"https:\/\/jogalia.com\/producto\/cp6030-432-capri-elegant-6-8-azul\/","url":"https:\/\/jogalia.com\/producto\/cp6030-432-capri-elegant-6-8-azul\/","name":"Ditchil Capri Elegant 6\/8 Azul - JOGALIA","isPartOf":{"@id":"https:\/\/jogalia.com\/#website"},"primaryImageOfPage":{"@id":"https:\/\/jogalia.com\/producto\/cp6030-432-capri-elegant-6-8-azul\/#primaryimage"},"image":{"@id":"https:\/\/jogalia.com\/producto\/cp6030-432-capri-elegant-6-8-azul\/#primaryimage"},"thumbnailUrl":"https:\/\/jogalia.com\/wp-content\/uploads\/2024\/04\/DITCHIL-3.jpg","datePublished":"2024-04-09T11:48:08+00:00","dateModified":"2025-05-05T15:21:27+00:00","breadcrumb":{"@id":"https:\/\/jogalia.com\/producto\/cp6030-432-capri-elegant-6-8-azul\/#breadcrumb"},"inLanguage":"ca","potentialAction":[{"@type":"ReadAction","target":["https:\/\/jogalia.com\/producto\/cp6030-432-capri-elegant-6-8-azul\/"]}]},{"@type":"ImageObject","inLanguage":"ca","@id":"https:\/\/jogalia.com\/producto\/cp6030-432-capri-elegant-6-8-azul\/#primaryimage","url":"https:\/\/jogalia.com\/wp-content\/uploads\/2024\/04\/DITCHIL-3.jpg","contentUrl":"https:\/\/jogalia.com\/wp-content\/uploads\/2024\/04\/DITCHIL-3.jpg","width":1365,"height":2048},{"@type":"BreadcrumbList","@id":"https:\/\/jogalia.com\/producto\/cp6030-432-capri-elegant-6-8-azul\/#breadcrumb","itemListElement":[{"@type":"ListItem","position":1,"name":"Portada","item":"https:\/\/jogalia.com\/"},{"@type":"ListItem","position":2,"name":"Tienda","item":"https:\/\/jogalia.com\/shop\/"},{"@type":"ListItem","position":3,"name":"Ditchil Capri Elegant 6\/8 Azul"}]},{"@type":"WebSite","@id":"https:\/\/jogalia.com\/#website","url":"https:\/\/jogalia.com\/","name":"JOGALIA","description":"Encuentra tu estilo perfecto en Jogalia: Moda, deporte y las marcas m\u00e1s exclusivas.","potentialAction":[{"@type":"SearchAction","target":{"@type":"EntryPoint","urlTemplate":"https:\/\/jogalia.com\/?s={search_term_string}"},"query-input":{"@type":"PropertyValueSpecification","valueRequired":true,"valueName":"search_term_string"}}],"inLanguage":"ca"}]}},"_links":{"self":[{"href":"https:\/\/jogalia.com\/ca\/wp-json\/wp\/v2\/product\/1574","targetHints":{"allow":["GET"]}}],"collection":[{"href":"https:\/\/jogalia.com\/ca\/wp-json\/wp\/v2\/product"}],"about":[{"href":"https:\/\/jogalia.com\/ca\/wp-json\/wp\/v2\/types\/product"}],"wp:featuredmedia":[{"embeddable":true,"href":"https:\/\/jogalia.com\/ca\/wp-json\/wp\/v2\/media\/1579"}],"wp:attachment":[{"href":"https:\/\/jogalia.com\/ca\/wp-json\/wp\/v2\/media?parent=1574"}],"wp:term":[{"taxonomy":"product_brand","embeddable":true,"href":"https:\/\/jogalia.com\/ca\/wp-json\/wp\/v2\/product_brand?post=1574"},{"taxonomy":"product_cat","embeddable":true,"href":"https:\/\/jogalia.com\/ca\/wp-json\/wp\/v2\/product_cat?post=1574"},{"taxonomy":"product_tag","embeddable":true,"href":"https:\/\/jogalia.com\/ca\/wp-json\/wp\/v2\/product_tag?post=1574"}],"curies":[{"name":"wp","href":"https:\/\/api.w.org\/{rel}","templated":true}]}}