{"id":1557,"date":"2024-04-09T12:55:34","date_gmt":"2024-04-09T10:55:34","guid":{"rendered":"https:\/\/jogalia.com\/?post_type=product&#038;p=1557"},"modified":"2025-05-05T17:22:47","modified_gmt":"2025-05-05T15:22:47","slug":"kelme-precision-futsal-blanca-55211","status":"publish","type":"product","link":"https:\/\/jogalia.com\/ca\/producte\/kelme-precision-futsal-blanca-55211\/","title":{"rendered":"Kelme Precision Futsal Blanca"},"content":{"rendered":"<p>Dise\u00f1o tradicional en completo color blanco con peque\u00f1os detalles en color negro.<\/p>\n<p><strong>CARACTER\u00cdSTICAS<\/strong><\/p>\n<p>\u2022 Suela de goma non-marking, que no deja marca de goma en la pista.<\/p>\n<p>\u2022 Sistema K-FLEX para una mayor flexibilidad favoreciendo los movimientos de torsi\u00f3n.<\/p>\n<p>\u2022 Incorpora una mediasuela m\u00e1s gruesa y m\u00e1s blanda que ofrece mayor comodidad.<\/p>\n<p>\u2022 Material sint\u00e9tico, retropi\u00e9 de piel sint\u00e9tica y malla transpirable, facilitando un buen toque de bal\u00f3n por su comodidad y ligereza.<\/p>\n<p>\u2022 Material sint\u00e9tico con costuras para evitar que ceda en exceso manteniendo su forma natural ajustada al pie.<\/p>","protected":false},"excerpt":{"rendered":"<p>Zapatillas Kelme Precision Futsal 55211<\/p>","protected":false},"featured_media":1558,"template":"","meta":{"neve_meta_sidebar":"","neve_meta_container":"","neve_meta_enable_content_width":"off","neve_meta_content_width":100,"neve_meta_title_alignment":"","neve_meta_author_avatar":"","neve_post_elements_order":"","neve_meta_disable_header":"","neve_meta_disable_footer":"","neve_meta_disable_title":"","_joinchat":[]},"product_brand":[],"product_cat":[51,71,66,72],"product_tag":[],"class_list":{"0":"post-1557","1":"product","2":"type-product","3":"status-publish","4":"has-post-thumbnail","6":"product_cat-calzado-deportivo","7":"product_cat-hombre","8":"product_cat-kelme","9":"product_cat-unisex","11":"first","12":"instock","13":"taxable","14":"shipping-taxable","15":"product-type-variable"},"yoast_head":"<!-- This site is optimized with the Yoast SEO plugin v27.0 - https:\/\/yoast.com\/product\/yoast-seo-wordpress\/ -->\n<title>Kelme Precision Futsal Blanca - JOGALIA<\/title>\n<meta name=\"robots\" content=\"index, follow, max-snippet:-1, max-image-preview:large, max-video-preview:-1\" \/>\n<link rel=\"canonical\" href=\"https:\/\/jogalia.com\/ca\/producte\/kelme-precision-futsal-blanca-55211\/\" \/>\n<meta property=\"og:locale\" content=\"ca_ES\" \/>\n<meta property=\"og:type\" content=\"article\" \/>\n<meta property=\"og:title\" content=\"Kelme Precision Futsal Blanca - JOGALIA\" \/>\n<meta property=\"og:description\" content=\"Zapatillas Kelme Precision Futsal 55211\" \/>\n<meta property=\"og:url\" content=\"https:\/\/jogalia.com\/ca\/producte\/kelme-precision-futsal-blanca-55211\/\" \/>\n<meta property=\"og:site_name\" content=\"JOGALIA\" \/>\n<meta property=\"article:modified_time\" content=\"2025-05-05T15:22:47+00:00\" \/>\n<meta property=\"og:image\" content=\"https:\/\/jogalia.com\/wp-content\/uploads\/2024\/04\/KELME.jpg\" \/>\n\t<meta property=\"og:image:width\" content=\"1500\" \/>\n\t<meta property=\"og:image:height\" content=\"1500\" \/>\n\t<meta property=\"og:image:type\" content=\"image\/jpeg\" \/>\n<meta name=\"twitter:card\" content=\"summary_large_image\" \/>\n<meta name=\"twitter:label1\" content=\"Temps estimat de lectura\" \/>\n\t<meta name=\"twitter:data1\" content=\"1 minut\" \/>\n<script type=\"application\/ld+json\" class=\"yoast-schema-graph\">{\"@context\":\"https:\/\/schema.org\",\"@graph\":[{\"@type\":\"WebPage\",\"@id\":\"https:\/\/jogalia.com\/producto\/kelme-precision-futsal-blanca-55211\/\",\"url\":\"https:\/\/jogalia.com\/producto\/kelme-precision-futsal-blanca-55211\/\",\"name\":\"Kelme Precision Futsal Blanca - JOGALIA\",\"isPartOf\":{\"@id\":\"https:\/\/jogalia.com\/#website\"},\"primaryImageOfPage\":{\"@id\":\"https:\/\/jogalia.com\/producto\/kelme-precision-futsal-blanca-55211\/#primaryimage\"},\"image\":{\"@id\":\"https:\/\/jogalia.com\/producto\/kelme-precision-futsal-blanca-55211\/#primaryimage\"},\"thumbnailUrl\":\"https:\/\/jogalia.com\/wp-content\/uploads\/2024\/04\/KELME.jpg\",\"datePublished\":\"2024-04-09T10:55:34+00:00\",\"dateModified\":\"2025-05-05T15:22:47+00:00\",\"breadcrumb\":{\"@id\":\"https:\/\/jogalia.com\/producto\/kelme-precision-futsal-blanca-55211\/#breadcrumb\"},\"inLanguage\":\"ca\",\"potentialAction\":[{\"@type\":\"ReadAction\",\"target\":[\"https:\/\/jogalia.com\/producto\/kelme-precision-futsal-blanca-55211\/\"]}]},{\"@type\":\"ImageObject\",\"inLanguage\":\"ca\",\"@id\":\"https:\/\/jogalia.com\/producto\/kelme-precision-futsal-blanca-55211\/#primaryimage\",\"url\":\"https:\/\/jogalia.com\/wp-content\/uploads\/2024\/04\/KELME.jpg\",\"contentUrl\":\"https:\/\/jogalia.com\/wp-content\/uploads\/2024\/04\/KELME.jpg\",\"width\":1500,\"height\":1500},{\"@type\":\"BreadcrumbList\",\"@id\":\"https:\/\/jogalia.com\/producto\/kelme-precision-futsal-blanca-55211\/#breadcrumb\",\"itemListElement\":[{\"@type\":\"ListItem\",\"position\":1,\"name\":\"Portada\",\"item\":\"https:\/\/jogalia.com\/\"},{\"@type\":\"ListItem\",\"position\":2,\"name\":\"Tienda\",\"item\":\"https:\/\/jogalia.com\/shop\/\"},{\"@type\":\"ListItem\",\"position\":3,\"name\":\"Kelme Precision Futsal Blanca\"}]},{\"@type\":\"WebSite\",\"@id\":\"https:\/\/jogalia.com\/#website\",\"url\":\"https:\/\/jogalia.com\/\",\"name\":\"JOGALIA\",\"description\":\"Encuentra tu estilo perfecto en Jogalia: Moda, deporte y las marcas m\u00e1s exclusivas.\",\"potentialAction\":[{\"@type\":\"SearchAction\",\"target\":{\"@type\":\"EntryPoint\",\"urlTemplate\":\"https:\/\/jogalia.com\/?s={search_term_string}\"},\"query-input\":{\"@type\":\"PropertyValueSpecification\",\"valueRequired\":true,\"valueName\":\"search_term_string\"}}],\"inLanguage\":\"ca\"}]}<\/script>\n<!-- \/ Yoast SEO plugin. -->","yoast_head_json":{"title":"Kelme Precision Futsal Blanca - JOGALIA","robots":{"index":"index","follow":"follow","max-snippet":"max-snippet:-1","max-image-preview":"max-image-preview:large","max-video-preview":"max-video-preview:-1"},"canonical":"https:\/\/jogalia.com\/ca\/producte\/kelme-precision-futsal-blanca-55211\/","og_locale":"ca_ES","og_type":"article","og_title":"Kelme Precision Futsal Blanca - JOGALIA","og_description":"Zapatillas Kelme Precision Futsal 55211","og_url":"https:\/\/jogalia.com\/ca\/producte\/kelme-precision-futsal-blanca-55211\/","og_site_name":"JOGALIA","article_modified_time":"2025-05-05T15:22:47+00:00","og_image":[{"width":1500,"height":1500,"url":"https:\/\/jogalia.com\/wp-content\/uploads\/2024\/04\/KELME.jpg","type":"image\/jpeg"}],"twitter_card":"summary_large_image","twitter_misc":{"Temps estimat de lectura":"1 minut"},"schema":{"@context":"https:\/\/schema.org","@graph":[{"@type":"WebPage","@id":"https:\/\/jogalia.com\/producto\/kelme-precision-futsal-blanca-55211\/","url":"https:\/\/jogalia.com\/producto\/kelme-precision-futsal-blanca-55211\/","name":"Kelme Precision Futsal Blanca - JOGALIA","isPartOf":{"@id":"https:\/\/jogalia.com\/#website"},"primaryImageOfPage":{"@id":"https:\/\/jogalia.com\/producto\/kelme-precision-futsal-blanca-55211\/#primaryimage"},"image":{"@id":"https:\/\/jogalia.com\/producto\/kelme-precision-futsal-blanca-55211\/#primaryimage"},"thumbnailUrl":"https:\/\/jogalia.com\/wp-content\/uploads\/2024\/04\/KELME.jpg","datePublished":"2024-04-09T10:55:34+00:00","dateModified":"2025-05-05T15:22:47+00:00","breadcrumb":{"@id":"https:\/\/jogalia.com\/producto\/kelme-precision-futsal-blanca-55211\/#breadcrumb"},"inLanguage":"ca","potentialAction":[{"@type":"ReadAction","target":["https:\/\/jogalia.com\/producto\/kelme-precision-futsal-blanca-55211\/"]}]},{"@type":"ImageObject","inLanguage":"ca","@id":"https:\/\/jogalia.com\/producto\/kelme-precision-futsal-blanca-55211\/#primaryimage","url":"https:\/\/jogalia.com\/wp-content\/uploads\/2024\/04\/KELME.jpg","contentUrl":"https:\/\/jogalia.com\/wp-content\/uploads\/2024\/04\/KELME.jpg","width":1500,"height":1500},{"@type":"BreadcrumbList","@id":"https:\/\/jogalia.com\/producto\/kelme-precision-futsal-blanca-55211\/#breadcrumb","itemListElement":[{"@type":"ListItem","position":1,"name":"Portada","item":"https:\/\/jogalia.com\/"},{"@type":"ListItem","position":2,"name":"Tienda","item":"https:\/\/jogalia.com\/shop\/"},{"@type":"ListItem","position":3,"name":"Kelme Precision Futsal Blanca"}]},{"@type":"WebSite","@id":"https:\/\/jogalia.com\/#website","url":"https:\/\/jogalia.com\/","name":"JOGALIA","description":"Encuentra tu estilo perfecto en Jogalia: Moda, deporte y las marcas m\u00e1s exclusivas.","potentialAction":[{"@type":"SearchAction","target":{"@type":"EntryPoint","urlTemplate":"https:\/\/jogalia.com\/?s={search_term_string}"},"query-input":{"@type":"PropertyValueSpecification","valueRequired":true,"valueName":"search_term_string"}}],"inLanguage":"ca"}]}},"_links":{"self":[{"href":"https:\/\/jogalia.com\/ca\/wp-json\/wp\/v2\/product\/1557","targetHints":{"allow":["GET"]}}],"collection":[{"href":"https:\/\/jogalia.com\/ca\/wp-json\/wp\/v2\/product"}],"about":[{"href":"https:\/\/jogalia.com\/ca\/wp-json\/wp\/v2\/types\/product"}],"wp:featuredmedia":[{"embeddable":true,"href":"https:\/\/jogalia.com\/ca\/wp-json\/wp\/v2\/media\/1558"}],"wp:attachment":[{"href":"https:\/\/jogalia.com\/ca\/wp-json\/wp\/v2\/media?parent=1557"}],"wp:term":[{"taxonomy":"product_brand","embeddable":true,"href":"https:\/\/jogalia.com\/ca\/wp-json\/wp\/v2\/product_brand?post=1557"},{"taxonomy":"product_cat","embeddable":true,"href":"https:\/\/jogalia.com\/ca\/wp-json\/wp\/v2\/product_cat?post=1557"},{"taxonomy":"product_tag","embeddable":true,"href":"https:\/\/jogalia.com\/ca\/wp-json\/wp\/v2\/product_tag?post=1557"}],"curies":[{"name":"wp","href":"https:\/\/api.w.org\/{rel}","templated":true}]}}