{"id":1469,"date":"2024-03-21T12:24:57","date_gmt":"2024-03-21T11:24:57","guid":{"rendered":"https:\/\/jogalia.com\/?post_type=product&#038;p=1469"},"modified":"2025-09-01T11:43:15","modified_gmt":"2025-09-01T09:43:15","slug":"top-nike-light-support-dx6817-010","status":"publish","type":"product","link":"https:\/\/jogalia.com\/ca\/producte\/top-nike-light-support-dx6817-010\/","title":{"rendered":"Top Nike Light Support Negro"},"content":{"rendered":"<p>Encuentra el equilibrio perfecto entre protecci\u00f3n y comodidad con este sujetador deportivo sin relleno. La sujeci\u00f3n ligera ofrece suavidad y una gran libertad perfectas para los entrenamientos de bajo impacto o para ofrecer comodidad durante todo el d\u00eda. El material adaptable con transpiraci\u00f3n del sudor recupera r\u00e1pidamente su forma para mantener la comodidad.<\/p>\n<p><b class=\"headline-5\">Detalles del producto<\/b><\/p>\n<ul>\n<li>Cuerpo: 82\u00a0% poli\u00e9ster\/18\u00a0% spandex. Forro: 82\u00a0% poli\u00e9ster\/18\u00a0% spandex.<\/li>\n<li>Lavar a m\u00e1quina<\/li>\n<\/ul>","protected":false},"excerpt":{"rendered":"<p>Top Nike Light Support DX6817-010<\/p>\n<p>Sujetador deportivo sin acolchado &#8211; Mujer<\/p>\n<p>&nbsp;<\/p>","protected":false},"featured_media":1471,"template":"","meta":{"neve_meta_sidebar":"","neve_meta_container":"","neve_meta_enable_content_width":"off","neve_meta_content_width":100,"neve_meta_title_alignment":"","neve_meta_author_avatar":"","neve_post_elements_order":"","neve_meta_disable_header":"","neve_meta_disable_footer":"","neve_meta_disable_title":"","_joinchat":[]},"product_brand":[],"product_cat":[70,35,58],"product_tag":[],"class_list":{"0":"post-1469","1":"product","2":"type-product","3":"status-publish","4":"has-post-thumbnail","6":"product_cat-mujer","7":"product_cat-nike","8":"product_cat-textil-deportivo","10":"first","11":"instock","12":"taxable","13":"shipping-taxable","14":"product-type-variable"},"yoast_head":"<!-- This site is optimized with the Yoast SEO plugin v27.0 - https:\/\/yoast.com\/product\/yoast-seo-wordpress\/ -->\n<title>Top Nike Light Support Negro - JOGALIA<\/title>\n<meta name=\"robots\" content=\"index, follow, max-snippet:-1, max-image-preview:large, max-video-preview:-1\" \/>\n<link rel=\"canonical\" href=\"https:\/\/jogalia.com\/ca\/producte\/top-nike-light-support-dx6817-010\/\" \/>\n<meta property=\"og:locale\" content=\"ca_ES\" \/>\n<meta property=\"og:type\" content=\"article\" \/>\n<meta property=\"og:title\" content=\"Top Nike Light Support Negro - JOGALIA\" \/>\n<meta property=\"og:description\" content=\"Top Nike Light Support DX6817-010  Sujetador deportivo sin acolchado - Mujer  &nbsp;\" \/>\n<meta property=\"og:url\" content=\"https:\/\/jogalia.com\/ca\/producte\/top-nike-light-support-dx6817-010\/\" \/>\n<meta property=\"og:site_name\" content=\"JOGALIA\" \/>\n<meta property=\"article:modified_time\" content=\"2025-09-01T09:43:15+00:00\" \/>\n<meta property=\"og:image\" content=\"https:\/\/jogalia.com\/wp-content\/uploads\/2024\/03\/TOP.webp\" \/>\n\t<meta property=\"og:image:width\" content=\"1728\" \/>\n\t<meta property=\"og:image:height\" content=\"2160\" \/>\n\t<meta property=\"og:image:type\" content=\"image\/webp\" \/>\n<meta name=\"twitter:card\" content=\"summary_large_image\" \/>\n<meta name=\"twitter:label1\" content=\"Temps estimat de lectura\" \/>\n\t<meta name=\"twitter:data1\" content=\"1 minut\" \/>\n<script type=\"application\/ld+json\" class=\"yoast-schema-graph\">{\"@context\":\"https:\/\/schema.org\",\"@graph\":[{\"@type\":\"WebPage\",\"@id\":\"https:\/\/jogalia.com\/producto\/top-nike-light-support-dx6817-010\/\",\"url\":\"https:\/\/jogalia.com\/producto\/top-nike-light-support-dx6817-010\/\",\"name\":\"Top Nike Light Support Negro - JOGALIA\",\"isPartOf\":{\"@id\":\"https:\/\/jogalia.com\/#website\"},\"primaryImageOfPage\":{\"@id\":\"https:\/\/jogalia.com\/producto\/top-nike-light-support-dx6817-010\/#primaryimage\"},\"image\":{\"@id\":\"https:\/\/jogalia.com\/producto\/top-nike-light-support-dx6817-010\/#primaryimage\"},\"thumbnailUrl\":\"https:\/\/jogalia.com\/wp-content\/uploads\/2024\/03\/TOP.webp\",\"datePublished\":\"2024-03-21T11:24:57+00:00\",\"dateModified\":\"2025-09-01T09:43:15+00:00\",\"breadcrumb\":{\"@id\":\"https:\/\/jogalia.com\/producto\/top-nike-light-support-dx6817-010\/#breadcrumb\"},\"inLanguage\":\"ca\",\"potentialAction\":[{\"@type\":\"ReadAction\",\"target\":[\"https:\/\/jogalia.com\/producto\/top-nike-light-support-dx6817-010\/\"]}]},{\"@type\":\"ImageObject\",\"inLanguage\":\"ca\",\"@id\":\"https:\/\/jogalia.com\/producto\/top-nike-light-support-dx6817-010\/#primaryimage\",\"url\":\"https:\/\/jogalia.com\/wp-content\/uploads\/2024\/03\/TOP.webp\",\"contentUrl\":\"https:\/\/jogalia.com\/wp-content\/uploads\/2024\/03\/TOP.webp\",\"width\":1728,\"height\":2160},{\"@type\":\"BreadcrumbList\",\"@id\":\"https:\/\/jogalia.com\/producto\/top-nike-light-support-dx6817-010\/#breadcrumb\",\"itemListElement\":[{\"@type\":\"ListItem\",\"position\":1,\"name\":\"Portada\",\"item\":\"https:\/\/jogalia.com\/\"},{\"@type\":\"ListItem\",\"position\":2,\"name\":\"Tienda\",\"item\":\"https:\/\/jogalia.com\/shop\/\"},{\"@type\":\"ListItem\",\"position\":3,\"name\":\"Top Nike Light Support Negro\"}]},{\"@type\":\"WebSite\",\"@id\":\"https:\/\/jogalia.com\/#website\",\"url\":\"https:\/\/jogalia.com\/\",\"name\":\"JOGALIA\",\"description\":\"Encuentra tu estilo perfecto en Jogalia: Moda, deporte y las marcas m\u00e1s exclusivas.\",\"potentialAction\":[{\"@type\":\"SearchAction\",\"target\":{\"@type\":\"EntryPoint\",\"urlTemplate\":\"https:\/\/jogalia.com\/?s={search_term_string}\"},\"query-input\":{\"@type\":\"PropertyValueSpecification\",\"valueRequired\":true,\"valueName\":\"search_term_string\"}}],\"inLanguage\":\"ca\"}]}<\/script>\n<!-- \/ Yoast SEO plugin. -->","yoast_head_json":{"title":"Top Nike Light Support Negro - JOGALIA","robots":{"index":"index","follow":"follow","max-snippet":"max-snippet:-1","max-image-preview":"max-image-preview:large","max-video-preview":"max-video-preview:-1"},"canonical":"https:\/\/jogalia.com\/ca\/producte\/top-nike-light-support-dx6817-010\/","og_locale":"ca_ES","og_type":"article","og_title":"Top Nike Light Support Negro - JOGALIA","og_description":"Top Nike Light Support DX6817-010  Sujetador deportivo sin acolchado - Mujer  &nbsp;","og_url":"https:\/\/jogalia.com\/ca\/producte\/top-nike-light-support-dx6817-010\/","og_site_name":"JOGALIA","article_modified_time":"2025-09-01T09:43:15+00:00","og_image":[{"width":1728,"height":2160,"url":"https:\/\/jogalia.com\/wp-content\/uploads\/2024\/03\/TOP.webp","type":"image\/webp"}],"twitter_card":"summary_large_image","twitter_misc":{"Temps estimat de lectura":"1 minut"},"schema":{"@context":"https:\/\/schema.org","@graph":[{"@type":"WebPage","@id":"https:\/\/jogalia.com\/producto\/top-nike-light-support-dx6817-010\/","url":"https:\/\/jogalia.com\/producto\/top-nike-light-support-dx6817-010\/","name":"Top Nike Light Support Negro - JOGALIA","isPartOf":{"@id":"https:\/\/jogalia.com\/#website"},"primaryImageOfPage":{"@id":"https:\/\/jogalia.com\/producto\/top-nike-light-support-dx6817-010\/#primaryimage"},"image":{"@id":"https:\/\/jogalia.com\/producto\/top-nike-light-support-dx6817-010\/#primaryimage"},"thumbnailUrl":"https:\/\/jogalia.com\/wp-content\/uploads\/2024\/03\/TOP.webp","datePublished":"2024-03-21T11:24:57+00:00","dateModified":"2025-09-01T09:43:15+00:00","breadcrumb":{"@id":"https:\/\/jogalia.com\/producto\/top-nike-light-support-dx6817-010\/#breadcrumb"},"inLanguage":"ca","potentialAction":[{"@type":"ReadAction","target":["https:\/\/jogalia.com\/producto\/top-nike-light-support-dx6817-010\/"]}]},{"@type":"ImageObject","inLanguage":"ca","@id":"https:\/\/jogalia.com\/producto\/top-nike-light-support-dx6817-010\/#primaryimage","url":"https:\/\/jogalia.com\/wp-content\/uploads\/2024\/03\/TOP.webp","contentUrl":"https:\/\/jogalia.com\/wp-content\/uploads\/2024\/03\/TOP.webp","width":1728,"height":2160},{"@type":"BreadcrumbList","@id":"https:\/\/jogalia.com\/producto\/top-nike-light-support-dx6817-010\/#breadcrumb","itemListElement":[{"@type":"ListItem","position":1,"name":"Portada","item":"https:\/\/jogalia.com\/"},{"@type":"ListItem","position":2,"name":"Tienda","item":"https:\/\/jogalia.com\/shop\/"},{"@type":"ListItem","position":3,"name":"Top Nike Light Support Negro"}]},{"@type":"WebSite","@id":"https:\/\/jogalia.com\/#website","url":"https:\/\/jogalia.com\/","name":"JOGALIA","description":"Encuentra tu estilo perfecto en Jogalia: Moda, deporte y las marcas m\u00e1s exclusivas.","potentialAction":[{"@type":"SearchAction","target":{"@type":"EntryPoint","urlTemplate":"https:\/\/jogalia.com\/?s={search_term_string}"},"query-input":{"@type":"PropertyValueSpecification","valueRequired":true,"valueName":"search_term_string"}}],"inLanguage":"ca"}]}},"_links":{"self":[{"href":"https:\/\/jogalia.com\/ca\/wp-json\/wp\/v2\/product\/1469","targetHints":{"allow":["GET"]}}],"collection":[{"href":"https:\/\/jogalia.com\/ca\/wp-json\/wp\/v2\/product"}],"about":[{"href":"https:\/\/jogalia.com\/ca\/wp-json\/wp\/v2\/types\/product"}],"wp:featuredmedia":[{"embeddable":true,"href":"https:\/\/jogalia.com\/ca\/wp-json\/wp\/v2\/media\/1471"}],"wp:attachment":[{"href":"https:\/\/jogalia.com\/ca\/wp-json\/wp\/v2\/media?parent=1469"}],"wp:term":[{"taxonomy":"product_brand","embeddable":true,"href":"https:\/\/jogalia.com\/ca\/wp-json\/wp\/v2\/product_brand?post=1469"},{"taxonomy":"product_cat","embeddable":true,"href":"https:\/\/jogalia.com\/ca\/wp-json\/wp\/v2\/product_cat?post=1469"},{"taxonomy":"product_tag","embeddable":true,"href":"https:\/\/jogalia.com\/ca\/wp-json\/wp\/v2\/product_tag?post=1469"}],"curies":[{"name":"wp","href":"https:\/\/api.w.org\/{rel}","templated":true}]}}