{"id":1337,"date":"2024-03-16T13:37:53","date_gmt":"2024-03-16T12:37:53","guid":{"rendered":"https:\/\/jogalia.com\/?post_type=product&#038;p=1337"},"modified":"2025-01-11T11:08:58","modified_gmt":"2025-01-11T10:08:58","slug":"puma-carina-street-mujer-white-389390-01","status":"publish","type":"product","link":"https:\/\/jogalia.com\/ca\/producte\/puma-carina-street-mujer-white-389390-01\/","title":{"rendered":"Puma Carina Street Mujer White"},"content":{"rendered":"<h3 class=\"subtitle\">Descripci\u00f3n<\/h3>\n<div id=\"description\" class=\"tab-pane in active\">\n<div class=\"product-description\">\n<div class=\"rte-content\">Las zapatillas Puma Carina Street para mujer son ideales para un look sportwear. Con su suela de plataforma y ajuste de cordones, te brindar\u00e1n un estilo \u00fanico y moderno. Adem\u00e1s, su suela de goma te asegura una mayor durabilidad y tracci\u00f3n. Son transpirables, lo que te permitir\u00e1 mantener tus pies frescos y secos durante todo el d\u00eda. Comb\u00ednalas con tus outfits favoritos y brilla siempre a la moda.<\/div>\n<\/div>\n<\/div>\n<p>&nbsp;<\/p>\n<h3 class=\"subtitle\">Caracter\u00edsticas<\/h3>\n<div id=\"product-details-tab-2\" class=\"tab-pane in active\">\n<ul class=\"features-product\">\n<li>Suela de plataforma<\/li>\n<li>Ajuste de cordones<\/li>\n<li>Transpirables<\/li>\n<li>Suela de goma<\/li>\n<\/ul>\n<\/div>","protected":false},"excerpt":{"rendered":"<p>Puma Carina Street Mujer White 389390-01<\/p>","protected":false},"featured_media":1343,"template":"","meta":{"neve_meta_sidebar":"","neve_meta_container":"","neve_meta_enable_content_width":"off","neve_meta_content_width":100,"neve_meta_title_alignment":"","neve_meta_author_avatar":"","neve_post_elements_order":"","neve_meta_disable_header":"","neve_meta_disable_footer":"","neve_meta_disable_title":"","_joinchat":[]},"product_brand":[],"product_cat":[22,70,52],"product_tag":[],"class_list":{"0":"post-1337","1":"product","2":"type-product","3":"status-publish","4":"has-post-thumbnail","6":"product_cat-calzado","7":"product_cat-mujer","8":"product_cat-puma","10":"first","11":"instock","12":"taxable","13":"shipping-taxable","14":"product-type-variable"},"yoast_head":"<!-- This site is optimized with the Yoast SEO plugin v27.0 - https:\/\/yoast.com\/product\/yoast-seo-wordpress\/ -->\n<title>Puma Carina Street Mujer White - JOGALIA<\/title>\n<meta name=\"description\" content=\"Zapatillas Puma Carina Street. Con su suela de plataforma y ajuste de cordones, te brindar\u00e1n un estilo \u00fanico y moderno, son ideales para un look sportwear\" \/>\n<meta name=\"robots\" content=\"index, follow, max-snippet:-1, max-image-preview:large, max-video-preview:-1\" \/>\n<link rel=\"canonical\" href=\"https:\/\/jogalia.com\/ca\/producte\/puma-carina-street-mujer-white-389390-01\/\" \/>\n<meta property=\"og:locale\" content=\"ca_ES\" \/>\n<meta property=\"og:type\" content=\"article\" \/>\n<meta property=\"og:title\" content=\"Puma Carina Street Mujer White - JOGALIA\" \/>\n<meta property=\"og:description\" content=\"Zapatillas Puma Carina Street. Con su suela de plataforma y ajuste de cordones, te brindar\u00e1n un estilo \u00fanico y moderno, son ideales para un look sportwear\" \/>\n<meta property=\"og:url\" content=\"https:\/\/jogalia.com\/ca\/producte\/puma-carina-street-mujer-white-389390-01\/\" \/>\n<meta property=\"og:site_name\" content=\"JOGALIA\" \/>\n<meta property=\"article:modified_time\" content=\"2025-01-11T10:08:58+00:00\" \/>\n<meta property=\"og:image\" content=\"https:\/\/jogalia.com\/wp-content\/uploads\/2024\/03\/zapatillas-puma-carina-street-mujer-white.webp\" \/>\n\t<meta property=\"og:image:width\" content=\"661\" \/>\n\t<meta property=\"og:image:height\" content=\"783\" \/>\n\t<meta property=\"og:image:type\" content=\"image\/webp\" \/>\n<meta name=\"twitter:card\" content=\"summary_large_image\" \/>\n<meta name=\"twitter:label1\" content=\"Temps estimat de lectura\" \/>\n\t<meta name=\"twitter:data1\" content=\"1 minut\" \/>\n<script type=\"application\/ld+json\" class=\"yoast-schema-graph\">{\"@context\":\"https:\/\/schema.org\",\"@graph\":[{\"@type\":\"WebPage\",\"@id\":\"https:\/\/jogalia.com\/producto\/puma-carina-street-mujer-white-389390-01\/\",\"url\":\"https:\/\/jogalia.com\/producto\/puma-carina-street-mujer-white-389390-01\/\",\"name\":\"Puma Carina Street Mujer White - JOGALIA\",\"isPartOf\":{\"@id\":\"https:\/\/jogalia.com\/#website\"},\"primaryImageOfPage\":{\"@id\":\"https:\/\/jogalia.com\/producto\/puma-carina-street-mujer-white-389390-01\/#primaryimage\"},\"image\":{\"@id\":\"https:\/\/jogalia.com\/producto\/puma-carina-street-mujer-white-389390-01\/#primaryimage\"},\"thumbnailUrl\":\"https:\/\/jogalia.com\/wp-content\/uploads\/2024\/03\/zapatillas-puma-carina-street-mujer-white.webp\",\"datePublished\":\"2024-03-16T12:37:53+00:00\",\"dateModified\":\"2025-01-11T10:08:58+00:00\",\"description\":\"Zapatillas Puma Carina Street. Con su suela de plataforma y ajuste de cordones, te brindar\u00e1n un estilo \u00fanico y moderno, son ideales para un look sportwear\",\"breadcrumb\":{\"@id\":\"https:\/\/jogalia.com\/producto\/puma-carina-street-mujer-white-389390-01\/#breadcrumb\"},\"inLanguage\":\"ca\",\"potentialAction\":[{\"@type\":\"ReadAction\",\"target\":[\"https:\/\/jogalia.com\/producto\/puma-carina-street-mujer-white-389390-01\/\"]}]},{\"@type\":\"ImageObject\",\"inLanguage\":\"ca\",\"@id\":\"https:\/\/jogalia.com\/producto\/puma-carina-street-mujer-white-389390-01\/#primaryimage\",\"url\":\"https:\/\/jogalia.com\/wp-content\/uploads\/2024\/03\/zapatillas-puma-carina-street-mujer-white.webp\",\"contentUrl\":\"https:\/\/jogalia.com\/wp-content\/uploads\/2024\/03\/zapatillas-puma-carina-street-mujer-white.webp\",\"width\":661,\"height\":783},{\"@type\":\"BreadcrumbList\",\"@id\":\"https:\/\/jogalia.com\/producto\/puma-carina-street-mujer-white-389390-01\/#breadcrumb\",\"itemListElement\":[{\"@type\":\"ListItem\",\"position\":1,\"name\":\"Portada\",\"item\":\"https:\/\/jogalia.com\/\"},{\"@type\":\"ListItem\",\"position\":2,\"name\":\"Tienda\",\"item\":\"https:\/\/jogalia.com\/shop\/\"},{\"@type\":\"ListItem\",\"position\":3,\"name\":\"Puma Carina Street Mujer White\"}]},{\"@type\":\"WebSite\",\"@id\":\"https:\/\/jogalia.com\/#website\",\"url\":\"https:\/\/jogalia.com\/\",\"name\":\"JOGALIA\",\"description\":\"Encuentra tu estilo perfecto en Jogalia: Moda, deporte y las marcas m\u00e1s exclusivas.\",\"potentialAction\":[{\"@type\":\"SearchAction\",\"target\":{\"@type\":\"EntryPoint\",\"urlTemplate\":\"https:\/\/jogalia.com\/?s={search_term_string}\"},\"query-input\":{\"@type\":\"PropertyValueSpecification\",\"valueRequired\":true,\"valueName\":\"search_term_string\"}}],\"inLanguage\":\"ca\"}]}<\/script>\n<!-- \/ Yoast SEO plugin. -->","yoast_head_json":{"title":"Puma Carina Street Mujer White - JOGALIA","description":"Zapatillas Puma Carina Street. Con su suela de plataforma y ajuste de cordones, te brindar\u00e1n un estilo \u00fanico y moderno, son ideales para un look sportwear","robots":{"index":"index","follow":"follow","max-snippet":"max-snippet:-1","max-image-preview":"max-image-preview:large","max-video-preview":"max-video-preview:-1"},"canonical":"https:\/\/jogalia.com\/ca\/producte\/puma-carina-street-mujer-white-389390-01\/","og_locale":"ca_ES","og_type":"article","og_title":"Puma Carina Street Mujer White - JOGALIA","og_description":"Zapatillas Puma Carina Street. Con su suela de plataforma y ajuste de cordones, te brindar\u00e1n un estilo \u00fanico y moderno, son ideales para un look sportwear","og_url":"https:\/\/jogalia.com\/ca\/producte\/puma-carina-street-mujer-white-389390-01\/","og_site_name":"JOGALIA","article_modified_time":"2025-01-11T10:08:58+00:00","og_image":[{"width":661,"height":783,"url":"https:\/\/jogalia.com\/wp-content\/uploads\/2024\/03\/zapatillas-puma-carina-street-mujer-white.webp","type":"image\/webp"}],"twitter_card":"summary_large_image","twitter_misc":{"Temps estimat de lectura":"1 minut"},"schema":{"@context":"https:\/\/schema.org","@graph":[{"@type":"WebPage","@id":"https:\/\/jogalia.com\/producto\/puma-carina-street-mujer-white-389390-01\/","url":"https:\/\/jogalia.com\/producto\/puma-carina-street-mujer-white-389390-01\/","name":"Puma Carina Street Mujer White - JOGALIA","isPartOf":{"@id":"https:\/\/jogalia.com\/#website"},"primaryImageOfPage":{"@id":"https:\/\/jogalia.com\/producto\/puma-carina-street-mujer-white-389390-01\/#primaryimage"},"image":{"@id":"https:\/\/jogalia.com\/producto\/puma-carina-street-mujer-white-389390-01\/#primaryimage"},"thumbnailUrl":"https:\/\/jogalia.com\/wp-content\/uploads\/2024\/03\/zapatillas-puma-carina-street-mujer-white.webp","datePublished":"2024-03-16T12:37:53+00:00","dateModified":"2025-01-11T10:08:58+00:00","description":"Zapatillas Puma Carina Street. Con su suela de plataforma y ajuste de cordones, te brindar\u00e1n un estilo \u00fanico y moderno, son ideales para un look sportwear","breadcrumb":{"@id":"https:\/\/jogalia.com\/producto\/puma-carina-street-mujer-white-389390-01\/#breadcrumb"},"inLanguage":"ca","potentialAction":[{"@type":"ReadAction","target":["https:\/\/jogalia.com\/producto\/puma-carina-street-mujer-white-389390-01\/"]}]},{"@type":"ImageObject","inLanguage":"ca","@id":"https:\/\/jogalia.com\/producto\/puma-carina-street-mujer-white-389390-01\/#primaryimage","url":"https:\/\/jogalia.com\/wp-content\/uploads\/2024\/03\/zapatillas-puma-carina-street-mujer-white.webp","contentUrl":"https:\/\/jogalia.com\/wp-content\/uploads\/2024\/03\/zapatillas-puma-carina-street-mujer-white.webp","width":661,"height":783},{"@type":"BreadcrumbList","@id":"https:\/\/jogalia.com\/producto\/puma-carina-street-mujer-white-389390-01\/#breadcrumb","itemListElement":[{"@type":"ListItem","position":1,"name":"Portada","item":"https:\/\/jogalia.com\/"},{"@type":"ListItem","position":2,"name":"Tienda","item":"https:\/\/jogalia.com\/shop\/"},{"@type":"ListItem","position":3,"name":"Puma Carina Street Mujer White"}]},{"@type":"WebSite","@id":"https:\/\/jogalia.com\/#website","url":"https:\/\/jogalia.com\/","name":"JOGALIA","description":"Encuentra tu estilo perfecto en Jogalia: Moda, deporte y las marcas m\u00e1s exclusivas.","potentialAction":[{"@type":"SearchAction","target":{"@type":"EntryPoint","urlTemplate":"https:\/\/jogalia.com\/?s={search_term_string}"},"query-input":{"@type":"PropertyValueSpecification","valueRequired":true,"valueName":"search_term_string"}}],"inLanguage":"ca"}]}},"_links":{"self":[{"href":"https:\/\/jogalia.com\/ca\/wp-json\/wp\/v2\/product\/1337","targetHints":{"allow":["GET"]}}],"collection":[{"href":"https:\/\/jogalia.com\/ca\/wp-json\/wp\/v2\/product"}],"about":[{"href":"https:\/\/jogalia.com\/ca\/wp-json\/wp\/v2\/types\/product"}],"wp:featuredmedia":[{"embeddable":true,"href":"https:\/\/jogalia.com\/ca\/wp-json\/wp\/v2\/media\/1343"}],"wp:attachment":[{"href":"https:\/\/jogalia.com\/ca\/wp-json\/wp\/v2\/media?parent=1337"}],"wp:term":[{"taxonomy":"product_brand","embeddable":true,"href":"https:\/\/jogalia.com\/ca\/wp-json\/wp\/v2\/product_brand?post=1337"},{"taxonomy":"product_cat","embeddable":true,"href":"https:\/\/jogalia.com\/ca\/wp-json\/wp\/v2\/product_cat?post=1337"},{"taxonomy":"product_tag","embeddable":true,"href":"https:\/\/jogalia.com\/ca\/wp-json\/wp\/v2\/product_tag?post=1337"}],"curies":[{"name":"wp","href":"https:\/\/api.w.org\/{rel}","templated":true}]}}