{"id":1316,"date":"2024-03-14T18:09:13","date_gmt":"2024-03-14T17:09:13","guid":{"rendered":"https:\/\/jogalia.com\/?post_type=product&#038;p=1316"},"modified":"2025-03-07T19:42:29","modified_gmt":"2025-03-07T18:42:29","slug":"gorra-nino-a-jordan-rdan-hw-caps-9a0823-023","status":"publish","type":"product","link":"https:\/\/jogalia.com\/ca\/producte\/gorra-nino-a-jordan-rdan-hw-caps-9a0823-023\/","title":{"rendered":"Gorra Ni\u00f1o\/a Jordan rdan Hw Caps Negro"},"content":{"rendered":"<p>\u00bfTe falta una gorra dad sutil para completar tu look y mostrar tu orgullo por Jordan? La tenemos. Este ajuste estructurado y cl\u00e1sico cuenta con una corona en pendiente y una visera curva para conseguir un look informal. Adem\u00e1s, el emblema Jumpman metalizado es toda una declaraci\u00f3n de intenciones perfectamente sutil.<\/p>\n<p>&nbsp;<\/p>\n<p><b class=\"headline-5\">Ventajas<\/b><\/p>\n<ul>\n<li>Correa regulable en la parte posterior para que puedas personalizar el ajuste.<\/li>\n<li>Banda para la frente para ofrecer una mayor frescura y comodidad.<\/li>\n<\/ul>\n<p>&nbsp;<\/p>\n<p><b class=\"headline-5\">Detalles del producto<\/b><\/p>\n<ul>\n<li>Cuerpo: 100\u00a0% nylon. Forro del panel delantero: 65\u00a0% poli\u00e9ster\/35\u00a0% algod\u00f3n.<\/li>\n<\/ul>","protected":false},"excerpt":{"rendered":"<h1 class=\"soy_product_name\">Gorra Ni\u00f1o\/a Jordan rdan Hw Caps 9A0823-023<\/h1>","protected":false},"featured_media":1323,"template":"","meta":{"neve_meta_sidebar":"","neve_meta_container":"","neve_meta_enable_content_width":"off","neve_meta_content_width":100,"neve_meta_title_alignment":"","neve_meta_author_avatar":"","neve_post_elements_order":"","neve_meta_disable_header":"","neve_meta_disable_footer":"","neve_meta_disable_title":"","_joinchat":[]},"product_brand":[],"product_cat":[60,37],"product_tag":[],"class_list":{"0":"post-1316","1":"product","2":"type-product","3":"status-publish","4":"has-post-thumbnail","6":"product_cat-gorras","7":"product_cat-jordan","9":"first","10":"outofstock","11":"taxable","12":"shipping-taxable","13":"purchasable","14":"product-type-simple"},"yoast_head":"<!-- This site is optimized with the Yoast SEO plugin v27.0 - https:\/\/yoast.com\/product\/yoast-seo-wordpress\/ -->\n<title>Gorra Ni\u00f1o\/a Jordan rdan Hw Caps Negro - JOGALIA<\/title>\n<meta name=\"robots\" content=\"index, follow, max-snippet:-1, max-image-preview:large, max-video-preview:-1\" \/>\n<link rel=\"canonical\" href=\"https:\/\/jogalia.com\/ca\/producte\/gorra-nino-a-jordan-rdan-hw-caps-9a0823-023\/\" \/>\n<meta property=\"og:locale\" content=\"ca_ES\" \/>\n<meta property=\"og:type\" content=\"article\" \/>\n<meta property=\"og:title\" content=\"Gorra Ni\u00f1o\/a Jordan rdan Hw Caps Negro - JOGALIA\" \/>\n<meta property=\"og:description\" content=\"Gorra Ni\u00f1o\/a Jordan rdan Hw Caps 9A0823-023\" \/>\n<meta property=\"og:url\" content=\"https:\/\/jogalia.com\/ca\/producte\/gorra-nino-a-jordan-rdan-hw-caps-9a0823-023\/\" \/>\n<meta property=\"og:site_name\" content=\"JOGALIA\" \/>\n<meta property=\"article:modified_time\" content=\"2025-03-07T18:42:29+00:00\" \/>\n<meta property=\"og:image\" content=\"https:\/\/jogalia.com\/wp-content\/uploads\/2024\/03\/nike-jordan-clc99-metal_0365843_00_4_1492213248.jpg\" \/>\n\t<meta property=\"og:image:width\" content=\"512\" \/>\n\t<meta property=\"og:image:height\" content=\"512\" \/>\n\t<meta property=\"og:image:type\" content=\"image\/jpeg\" \/>\n<meta name=\"twitter:card\" content=\"summary_large_image\" \/>\n<meta name=\"twitter:label1\" content=\"Temps estimat de lectura\" \/>\n\t<meta name=\"twitter:data1\" content=\"1 minut\" \/>\n<script type=\"application\/ld+json\" class=\"yoast-schema-graph\">{\"@context\":\"https:\/\/schema.org\",\"@graph\":[{\"@type\":\"WebPage\",\"@id\":\"https:\/\/jogalia.com\/producto\/gorra-nino-a-jordan-rdan-hw-caps-9a0823-023\/\",\"url\":\"https:\/\/jogalia.com\/producto\/gorra-nino-a-jordan-rdan-hw-caps-9a0823-023\/\",\"name\":\"Gorra Ni\u00f1o\/a Jordan rdan Hw Caps Negro - JOGALIA\",\"isPartOf\":{\"@id\":\"https:\/\/jogalia.com\/#website\"},\"primaryImageOfPage\":{\"@id\":\"https:\/\/jogalia.com\/producto\/gorra-nino-a-jordan-rdan-hw-caps-9a0823-023\/#primaryimage\"},\"image\":{\"@id\":\"https:\/\/jogalia.com\/producto\/gorra-nino-a-jordan-rdan-hw-caps-9a0823-023\/#primaryimage\"},\"thumbnailUrl\":\"https:\/\/jogalia.com\/wp-content\/uploads\/2024\/03\/nike-jordan-clc99-metal_0365843_00_4_1492213248.jpg\",\"datePublished\":\"2024-03-14T17:09:13+00:00\",\"dateModified\":\"2025-03-07T18:42:29+00:00\",\"breadcrumb\":{\"@id\":\"https:\/\/jogalia.com\/producto\/gorra-nino-a-jordan-rdan-hw-caps-9a0823-023\/#breadcrumb\"},\"inLanguage\":\"ca\",\"potentialAction\":[{\"@type\":\"ReadAction\",\"target\":[\"https:\/\/jogalia.com\/producto\/gorra-nino-a-jordan-rdan-hw-caps-9a0823-023\/\"]}]},{\"@type\":\"ImageObject\",\"inLanguage\":\"ca\",\"@id\":\"https:\/\/jogalia.com\/producto\/gorra-nino-a-jordan-rdan-hw-caps-9a0823-023\/#primaryimage\",\"url\":\"https:\/\/jogalia.com\/wp-content\/uploads\/2024\/03\/nike-jordan-clc99-metal_0365843_00_4_1492213248.jpg\",\"contentUrl\":\"https:\/\/jogalia.com\/wp-content\/uploads\/2024\/03\/nike-jordan-clc99-metal_0365843_00_4_1492213248.jpg\",\"width\":512,\"height\":512},{\"@type\":\"BreadcrumbList\",\"@id\":\"https:\/\/jogalia.com\/producto\/gorra-nino-a-jordan-rdan-hw-caps-9a0823-023\/#breadcrumb\",\"itemListElement\":[{\"@type\":\"ListItem\",\"position\":1,\"name\":\"Portada\",\"item\":\"https:\/\/jogalia.com\/\"},{\"@type\":\"ListItem\",\"position\":2,\"name\":\"Tienda\",\"item\":\"https:\/\/jogalia.com\/shop\/\"},{\"@type\":\"ListItem\",\"position\":3,\"name\":\"Gorra Ni\u00f1o\/a Jordan rdan Hw Caps Negro\"}]},{\"@type\":\"WebSite\",\"@id\":\"https:\/\/jogalia.com\/#website\",\"url\":\"https:\/\/jogalia.com\/\",\"name\":\"JOGALIA\",\"description\":\"Encuentra tu estilo perfecto en Jogalia: Moda, deporte y las marcas m\u00e1s exclusivas.\",\"potentialAction\":[{\"@type\":\"SearchAction\",\"target\":{\"@type\":\"EntryPoint\",\"urlTemplate\":\"https:\/\/jogalia.com\/?s={search_term_string}\"},\"query-input\":{\"@type\":\"PropertyValueSpecification\",\"valueRequired\":true,\"valueName\":\"search_term_string\"}}],\"inLanguage\":\"ca\"}]}<\/script>\n<!-- \/ Yoast SEO plugin. -->","yoast_head_json":{"title":"Gorra Ni\u00f1o\/a Jordan rdan Hw Caps Negro - JOGALIA","robots":{"index":"index","follow":"follow","max-snippet":"max-snippet:-1","max-image-preview":"max-image-preview:large","max-video-preview":"max-video-preview:-1"},"canonical":"https:\/\/jogalia.com\/ca\/producte\/gorra-nino-a-jordan-rdan-hw-caps-9a0823-023\/","og_locale":"ca_ES","og_type":"article","og_title":"Gorra Ni\u00f1o\/a Jordan rdan Hw Caps Negro - JOGALIA","og_description":"Gorra Ni\u00f1o\/a Jordan rdan Hw Caps 9A0823-023","og_url":"https:\/\/jogalia.com\/ca\/producte\/gorra-nino-a-jordan-rdan-hw-caps-9a0823-023\/","og_site_name":"JOGALIA","article_modified_time":"2025-03-07T18:42:29+00:00","og_image":[{"width":512,"height":512,"url":"https:\/\/jogalia.com\/wp-content\/uploads\/2024\/03\/nike-jordan-clc99-metal_0365843_00_4_1492213248.jpg","type":"image\/jpeg"}],"twitter_card":"summary_large_image","twitter_misc":{"Temps estimat de lectura":"1 minut"},"schema":{"@context":"https:\/\/schema.org","@graph":[{"@type":"WebPage","@id":"https:\/\/jogalia.com\/producto\/gorra-nino-a-jordan-rdan-hw-caps-9a0823-023\/","url":"https:\/\/jogalia.com\/producto\/gorra-nino-a-jordan-rdan-hw-caps-9a0823-023\/","name":"Gorra Ni\u00f1o\/a Jordan rdan Hw Caps Negro - JOGALIA","isPartOf":{"@id":"https:\/\/jogalia.com\/#website"},"primaryImageOfPage":{"@id":"https:\/\/jogalia.com\/producto\/gorra-nino-a-jordan-rdan-hw-caps-9a0823-023\/#primaryimage"},"image":{"@id":"https:\/\/jogalia.com\/producto\/gorra-nino-a-jordan-rdan-hw-caps-9a0823-023\/#primaryimage"},"thumbnailUrl":"https:\/\/jogalia.com\/wp-content\/uploads\/2024\/03\/nike-jordan-clc99-metal_0365843_00_4_1492213248.jpg","datePublished":"2024-03-14T17:09:13+00:00","dateModified":"2025-03-07T18:42:29+00:00","breadcrumb":{"@id":"https:\/\/jogalia.com\/producto\/gorra-nino-a-jordan-rdan-hw-caps-9a0823-023\/#breadcrumb"},"inLanguage":"ca","potentialAction":[{"@type":"ReadAction","target":["https:\/\/jogalia.com\/producto\/gorra-nino-a-jordan-rdan-hw-caps-9a0823-023\/"]}]},{"@type":"ImageObject","inLanguage":"ca","@id":"https:\/\/jogalia.com\/producto\/gorra-nino-a-jordan-rdan-hw-caps-9a0823-023\/#primaryimage","url":"https:\/\/jogalia.com\/wp-content\/uploads\/2024\/03\/nike-jordan-clc99-metal_0365843_00_4_1492213248.jpg","contentUrl":"https:\/\/jogalia.com\/wp-content\/uploads\/2024\/03\/nike-jordan-clc99-metal_0365843_00_4_1492213248.jpg","width":512,"height":512},{"@type":"BreadcrumbList","@id":"https:\/\/jogalia.com\/producto\/gorra-nino-a-jordan-rdan-hw-caps-9a0823-023\/#breadcrumb","itemListElement":[{"@type":"ListItem","position":1,"name":"Portada","item":"https:\/\/jogalia.com\/"},{"@type":"ListItem","position":2,"name":"Tienda","item":"https:\/\/jogalia.com\/shop\/"},{"@type":"ListItem","position":3,"name":"Gorra Ni\u00f1o\/a Jordan rdan Hw Caps Negro"}]},{"@type":"WebSite","@id":"https:\/\/jogalia.com\/#website","url":"https:\/\/jogalia.com\/","name":"JOGALIA","description":"Encuentra tu estilo perfecto en Jogalia: Moda, deporte y las marcas m\u00e1s exclusivas.","potentialAction":[{"@type":"SearchAction","target":{"@type":"EntryPoint","urlTemplate":"https:\/\/jogalia.com\/?s={search_term_string}"},"query-input":{"@type":"PropertyValueSpecification","valueRequired":true,"valueName":"search_term_string"}}],"inLanguage":"ca"}]}},"_links":{"self":[{"href":"https:\/\/jogalia.com\/ca\/wp-json\/wp\/v2\/product\/1316","targetHints":{"allow":["GET"]}}],"collection":[{"href":"https:\/\/jogalia.com\/ca\/wp-json\/wp\/v2\/product"}],"about":[{"href":"https:\/\/jogalia.com\/ca\/wp-json\/wp\/v2\/types\/product"}],"wp:featuredmedia":[{"embeddable":true,"href":"https:\/\/jogalia.com\/ca\/wp-json\/wp\/v2\/media\/1323"}],"wp:attachment":[{"href":"https:\/\/jogalia.com\/ca\/wp-json\/wp\/v2\/media?parent=1316"}],"wp:term":[{"taxonomy":"product_brand","embeddable":true,"href":"https:\/\/jogalia.com\/ca\/wp-json\/wp\/v2\/product_brand?post=1316"},{"taxonomy":"product_cat","embeddable":true,"href":"https:\/\/jogalia.com\/ca\/wp-json\/wp\/v2\/product_cat?post=1316"},{"taxonomy":"product_tag","embeddable":true,"href":"https:\/\/jogalia.com\/ca\/wp-json\/wp\/v2\/product_tag?post=1316"}],"curies":[{"name":"wp","href":"https:\/\/api.w.org\/{rel}","templated":true}]}}