{"id":1282,"date":"2024-03-12T17:42:10","date_gmt":"2024-03-12T16:42:10","guid":{"rendered":"https:\/\/jogalia.com\/?post_type=product&#038;p=1282"},"modified":"2025-10-07T19:18:07","modified_gmt":"2025-10-07T17:18:07","slug":"nike-pro-cz9857-010","status":"publish","type":"product","link":"https:\/\/jogalia.com\/ca\/producte\/nike-pro-cz9857-010\/","title":{"rendered":"Nike PRO Short negro\/blanco"},"content":{"rendered":"<p>El pantal\u00f3n corto Nike Pro est\u00e1 confeccionado con un tejido elegante y el\u00e1stico que ofrece sujeci\u00f3n e incorpora tecnolog\u00eda de capilarizaci\u00f3n del sudor para mantener la transpirabilidad y la comodidad durante los entrenamientos.<\/p>\n<p><b class=\"headline-5\">Ventajas<\/b><\/p>\n<ul>\n<li>Tecnolog\u00eda Nike\u00a0Dri-FIT para mantener la transpirabilidad, la comodidad y la concentraci\u00f3n.<\/li>\n<li>Cintura el\u00e1stica y ancha de talle medio para ofrecer sujeci\u00f3n alrededor del torso.<\/li>\n<\/ul>\n<p>&nbsp;<\/p>\n<p><b class=\"headline-5\">Detalles del producto<\/b><\/p>\n<ul>\n<li>Ajuste ce\u00f1ido que se adapta al cuerpo<\/li>\n<li>78-83 % poli\u00e9ster\/17-22 % spandex<\/li>\n<\/ul>","protected":false},"excerpt":{"rendered":"<h1 id=\"pdp_product_title\" class=\"headline-2 css-16cqcdq\" data-test=\"product-title\">Nike Pro<\/h1>\n<h2 class=\"headline-5 pb1-sm d-sm-ib\" data-test=\"product-sub-title\">Pantal\u00f3n corto de 8 cm &#8211; Mujer<\/h2>","protected":false},"featured_media":1283,"template":"","meta":{"neve_meta_sidebar":"","neve_meta_container":"","neve_meta_enable_content_width":"off","neve_meta_content_width":100,"neve_meta_title_alignment":"","neve_meta_author_avatar":"","neve_post_elements_order":"","neve_meta_disable_header":"","neve_meta_disable_footer":"","neve_meta_disable_title":"","_joinchat":[]},"product_brand":[],"product_cat":[70,35,58],"product_tag":[],"class_list":{"0":"post-1282","1":"product","2":"type-product","3":"status-publish","4":"has-post-thumbnail","6":"product_cat-mujer","7":"product_cat-nike","8":"product_cat-textil-deportivo","10":"first","11":"instock","12":"taxable","13":"shipping-taxable","14":"product-type-variable"},"yoast_head":"<!-- This site is optimized with the Yoast SEO plugin v27.0 - https:\/\/yoast.com\/product\/yoast-seo-wordpress\/ -->\n<title>Nike PRO Short negro\/blanco - JOGALIA<\/title>\n<meta name=\"robots\" content=\"index, follow, max-snippet:-1, max-image-preview:large, max-video-preview:-1\" \/>\n<link rel=\"canonical\" href=\"https:\/\/jogalia.com\/ca\/producte\/nike-pro-cz9857-010\/\" \/>\n<meta property=\"og:locale\" content=\"ca_ES\" \/>\n<meta property=\"og:type\" content=\"article\" \/>\n<meta property=\"og:title\" content=\"Nike PRO Short negro\/blanco - JOGALIA\" \/>\n<meta property=\"og:description\" content=\"Nike Pro Pantal\u00f3n corto de 8 cm - Mujer\" \/>\n<meta property=\"og:url\" content=\"https:\/\/jogalia.com\/ca\/producte\/nike-pro-cz9857-010\/\" \/>\n<meta property=\"og:site_name\" content=\"JOGALIA\" \/>\n<meta property=\"article:modified_time\" content=\"2025-10-07T17:18:07+00:00\" \/>\n<meta property=\"og:image\" content=\"https:\/\/jogalia.com\/wp-content\/uploads\/2024\/03\/NIKE-PRO.jpg\" \/>\n\t<meta property=\"og:image:width\" content=\"1000\" \/>\n\t<meta property=\"og:image:height\" content=\"1000\" \/>\n\t<meta property=\"og:image:type\" content=\"image\/jpeg\" \/>\n<meta name=\"twitter:card\" content=\"summary_large_image\" \/>\n<meta name=\"twitter:label1\" content=\"Temps estimat de lectura\" \/>\n\t<meta name=\"twitter:data1\" content=\"1 minut\" \/>\n<script type=\"application\/ld+json\" class=\"yoast-schema-graph\">{\"@context\":\"https:\/\/schema.org\",\"@graph\":[{\"@type\":\"WebPage\",\"@id\":\"https:\/\/jogalia.com\/producto\/nike-pro-cz9857-010\/\",\"url\":\"https:\/\/jogalia.com\/producto\/nike-pro-cz9857-010\/\",\"name\":\"Nike PRO Short negro\/blanco - JOGALIA\",\"isPartOf\":{\"@id\":\"https:\/\/jogalia.com\/#website\"},\"primaryImageOfPage\":{\"@id\":\"https:\/\/jogalia.com\/producto\/nike-pro-cz9857-010\/#primaryimage\"},\"image\":{\"@id\":\"https:\/\/jogalia.com\/producto\/nike-pro-cz9857-010\/#primaryimage\"},\"thumbnailUrl\":\"https:\/\/jogalia.com\/wp-content\/uploads\/2024\/03\/NIKE-PRO.jpg\",\"datePublished\":\"2024-03-12T16:42:10+00:00\",\"dateModified\":\"2025-10-07T17:18:07+00:00\",\"breadcrumb\":{\"@id\":\"https:\/\/jogalia.com\/producto\/nike-pro-cz9857-010\/#breadcrumb\"},\"inLanguage\":\"ca\",\"potentialAction\":[{\"@type\":\"ReadAction\",\"target\":[\"https:\/\/jogalia.com\/producto\/nike-pro-cz9857-010\/\"]}]},{\"@type\":\"ImageObject\",\"inLanguage\":\"ca\",\"@id\":\"https:\/\/jogalia.com\/producto\/nike-pro-cz9857-010\/#primaryimage\",\"url\":\"https:\/\/jogalia.com\/wp-content\/uploads\/2024\/03\/NIKE-PRO.jpg\",\"contentUrl\":\"https:\/\/jogalia.com\/wp-content\/uploads\/2024\/03\/NIKE-PRO.jpg\",\"width\":1000,\"height\":1000},{\"@type\":\"BreadcrumbList\",\"@id\":\"https:\/\/jogalia.com\/producto\/nike-pro-cz9857-010\/#breadcrumb\",\"itemListElement\":[{\"@type\":\"ListItem\",\"position\":1,\"name\":\"Portada\",\"item\":\"https:\/\/jogalia.com\/\"},{\"@type\":\"ListItem\",\"position\":2,\"name\":\"Tienda\",\"item\":\"https:\/\/jogalia.com\/shop\/\"},{\"@type\":\"ListItem\",\"position\":3,\"name\":\"Nike PRO Short negro\/blanco\"}]},{\"@type\":\"WebSite\",\"@id\":\"https:\/\/jogalia.com\/#website\",\"url\":\"https:\/\/jogalia.com\/\",\"name\":\"JOGALIA\",\"description\":\"Encuentra tu estilo perfecto en Jogalia: Moda, deporte y las marcas m\u00e1s exclusivas.\",\"potentialAction\":[{\"@type\":\"SearchAction\",\"target\":{\"@type\":\"EntryPoint\",\"urlTemplate\":\"https:\/\/jogalia.com\/?s={search_term_string}\"},\"query-input\":{\"@type\":\"PropertyValueSpecification\",\"valueRequired\":true,\"valueName\":\"search_term_string\"}}],\"inLanguage\":\"ca\"}]}<\/script>\n<!-- \/ Yoast SEO plugin. -->","yoast_head_json":{"title":"Nike PRO Short negro\/blanco - JOGALIA","robots":{"index":"index","follow":"follow","max-snippet":"max-snippet:-1","max-image-preview":"max-image-preview:large","max-video-preview":"max-video-preview:-1"},"canonical":"https:\/\/jogalia.com\/ca\/producte\/nike-pro-cz9857-010\/","og_locale":"ca_ES","og_type":"article","og_title":"Nike PRO Short negro\/blanco - JOGALIA","og_description":"Nike Pro Pantal\u00f3n corto de 8 cm - Mujer","og_url":"https:\/\/jogalia.com\/ca\/producte\/nike-pro-cz9857-010\/","og_site_name":"JOGALIA","article_modified_time":"2025-10-07T17:18:07+00:00","og_image":[{"width":1000,"height":1000,"url":"https:\/\/jogalia.com\/wp-content\/uploads\/2024\/03\/NIKE-PRO.jpg","type":"image\/jpeg"}],"twitter_card":"summary_large_image","twitter_misc":{"Temps estimat de lectura":"1 minut"},"schema":{"@context":"https:\/\/schema.org","@graph":[{"@type":"WebPage","@id":"https:\/\/jogalia.com\/producto\/nike-pro-cz9857-010\/","url":"https:\/\/jogalia.com\/producto\/nike-pro-cz9857-010\/","name":"Nike PRO Short negro\/blanco - JOGALIA","isPartOf":{"@id":"https:\/\/jogalia.com\/#website"},"primaryImageOfPage":{"@id":"https:\/\/jogalia.com\/producto\/nike-pro-cz9857-010\/#primaryimage"},"image":{"@id":"https:\/\/jogalia.com\/producto\/nike-pro-cz9857-010\/#primaryimage"},"thumbnailUrl":"https:\/\/jogalia.com\/wp-content\/uploads\/2024\/03\/NIKE-PRO.jpg","datePublished":"2024-03-12T16:42:10+00:00","dateModified":"2025-10-07T17:18:07+00:00","breadcrumb":{"@id":"https:\/\/jogalia.com\/producto\/nike-pro-cz9857-010\/#breadcrumb"},"inLanguage":"ca","potentialAction":[{"@type":"ReadAction","target":["https:\/\/jogalia.com\/producto\/nike-pro-cz9857-010\/"]}]},{"@type":"ImageObject","inLanguage":"ca","@id":"https:\/\/jogalia.com\/producto\/nike-pro-cz9857-010\/#primaryimage","url":"https:\/\/jogalia.com\/wp-content\/uploads\/2024\/03\/NIKE-PRO.jpg","contentUrl":"https:\/\/jogalia.com\/wp-content\/uploads\/2024\/03\/NIKE-PRO.jpg","width":1000,"height":1000},{"@type":"BreadcrumbList","@id":"https:\/\/jogalia.com\/producto\/nike-pro-cz9857-010\/#breadcrumb","itemListElement":[{"@type":"ListItem","position":1,"name":"Portada","item":"https:\/\/jogalia.com\/"},{"@type":"ListItem","position":2,"name":"Tienda","item":"https:\/\/jogalia.com\/shop\/"},{"@type":"ListItem","position":3,"name":"Nike PRO Short negro\/blanco"}]},{"@type":"WebSite","@id":"https:\/\/jogalia.com\/#website","url":"https:\/\/jogalia.com\/","name":"JOGALIA","description":"Encuentra tu estilo perfecto en Jogalia: Moda, deporte y las marcas m\u00e1s exclusivas.","potentialAction":[{"@type":"SearchAction","target":{"@type":"EntryPoint","urlTemplate":"https:\/\/jogalia.com\/?s={search_term_string}"},"query-input":{"@type":"PropertyValueSpecification","valueRequired":true,"valueName":"search_term_string"}}],"inLanguage":"ca"}]}},"_links":{"self":[{"href":"https:\/\/jogalia.com\/ca\/wp-json\/wp\/v2\/product\/1282","targetHints":{"allow":["GET"]}}],"collection":[{"href":"https:\/\/jogalia.com\/ca\/wp-json\/wp\/v2\/product"}],"about":[{"href":"https:\/\/jogalia.com\/ca\/wp-json\/wp\/v2\/types\/product"}],"wp:featuredmedia":[{"embeddable":true,"href":"https:\/\/jogalia.com\/ca\/wp-json\/wp\/v2\/media\/1283"}],"wp:attachment":[{"href":"https:\/\/jogalia.com\/ca\/wp-json\/wp\/v2\/media?parent=1282"}],"wp:term":[{"taxonomy":"product_brand","embeddable":true,"href":"https:\/\/jogalia.com\/ca\/wp-json\/wp\/v2\/product_brand?post=1282"},{"taxonomy":"product_cat","embeddable":true,"href":"https:\/\/jogalia.com\/ca\/wp-json\/wp\/v2\/product_cat?post=1282"},{"taxonomy":"product_tag","embeddable":true,"href":"https:\/\/jogalia.com\/ca\/wp-json\/wp\/v2\/product_tag?post=1282"}],"curies":[{"name":"wp","href":"https:\/\/api.w.org\/{rel}","templated":true}]}}