{"id":1270,"date":"2024-03-12T16:49:47","date_gmt":"2024-03-12T15:49:47","guid":{"rendered":"https:\/\/jogalia.com\/?post_type=product&#038;p=1270"},"modified":"2025-05-07T19:41:01","modified_gmt":"2025-05-07T17:41:01","slug":"nike-mc-trainer-2-violet-dust-sail-dm0824-500","status":"publish","type":"product","link":"https:\/\/jogalia.com\/ca\/producte\/nike-mc-trainer-2-violet-dust-sail-dm0824-500\/","title":{"rendered":"Nike MC Trainer 2 Violet Dust\/Sail"},"content":{"rendered":"<p>El Nike MC Trainer 2 te permite pasar del entrenamiento de circuito en la sala de pesas al suelo sint\u00e9tico para que puedas hacer ejercicios de tonificaci\u00f3n r\u00e1pidamente y sin problemas. Es un calzado completo que combina versatilidad y estabilidad para mantenerte firme durante tu entrenamiento.<\/p>\n<p><b class=\"headline-5\">Fuerza estable<\/b><\/p>\n<p>La base plana es m\u00e1s ancha alrededor del tal\u00f3n para ayudar a estabilizar el pie mientras trabajas con pesas.<\/p>\n<p><b class=\"headline-5\">Mu\u00e9vete de lado a lado<\/b><\/p>\n<p>El soporte envuelve el tal\u00f3n hasta los laterales para brindar un cierre c\u00f3modo cuando te ajustas las zapatillas. La espuma suave proporciona amortiguaci\u00f3n con soporte y se eleva en los laterales para ayudar a estabilizar el pie durante los movimientos laterales.<\/p>\n<p>&nbsp;<\/p>\n<p><b class=\"headline-5\">Tracci\u00f3n gruesa y delgada<\/b><\/p>\n<p>El patr\u00f3n de goma proporciona tracci\u00f3n para que pases del suelo sint\u00e9tico al suelo de la sala entrenamiento. Es m\u00e1s grueso en el tal\u00f3n para brindar estabilidad mientras levantas peso y m\u00e1s delgado en la parte delantera para brindar flexibilidad durante carreras cortas o ejercicios de velocidad.<\/p>\n<p>&nbsp;<\/p>","protected":false},"excerpt":{"rendered":"<p>Nike MC Trainer 2 DM0824-500<\/p>","protected":false},"featured_media":1271,"template":"","meta":{"neve_meta_sidebar":"","neve_meta_container":"","neve_meta_enable_content_width":"off","neve_meta_content_width":100,"neve_meta_title_alignment":"","neve_meta_author_avatar":"","neve_post_elements_order":"","neve_meta_disable_header":"","neve_meta_disable_footer":"","neve_meta_disable_title":"","_joinchat":[]},"product_brand":[],"product_cat":[51,70,35],"product_tag":[],"class_list":{"0":"post-1270","1":"product","2":"type-product","3":"status-publish","4":"has-post-thumbnail","6":"product_cat-calzado-deportivo","7":"product_cat-mujer","8":"product_cat-nike","10":"first","11":"instock","12":"taxable","13":"shipping-taxable","14":"product-type-variable"},"yoast_head":"<!-- This site is optimized with the Yoast SEO plugin v27.0 - https:\/\/yoast.com\/product\/yoast-seo-wordpress\/ -->\n<title>Nike MC Trainer 2 Violet Dust\/Sail - JOGALIA<\/title>\n<meta name=\"robots\" content=\"index, follow, max-snippet:-1, max-image-preview:large, max-video-preview:-1\" \/>\n<link rel=\"canonical\" href=\"https:\/\/jogalia.com\/ca\/producte\/nike-mc-trainer-2-violet-dust-sail-dm0824-500\/\" \/>\n<meta property=\"og:locale\" content=\"ca_ES\" \/>\n<meta property=\"og:type\" content=\"article\" \/>\n<meta property=\"og:title\" content=\"Nike MC Trainer 2 Violet Dust\/Sail - JOGALIA\" \/>\n<meta property=\"og:description\" content=\"Nike MC Trainer 2 DM0824-500\" \/>\n<meta property=\"og:url\" content=\"https:\/\/jogalia.com\/ca\/producte\/nike-mc-trainer-2-violet-dust-sail-dm0824-500\/\" \/>\n<meta property=\"og:site_name\" content=\"JOGALIA\" \/>\n<meta property=\"article:modified_time\" content=\"2025-05-07T17:41:01+00:00\" \/>\n<meta property=\"og:image\" content=\"https:\/\/jogalia.com\/wp-content\/uploads\/2024\/03\/nikedm0824500_2.webp\" \/>\n\t<meta property=\"og:image:width\" content=\"800\" \/>\n\t<meta property=\"og:image:height\" content=\"800\" \/>\n\t<meta property=\"og:image:type\" content=\"image\/webp\" \/>\n<meta name=\"twitter:card\" content=\"summary_large_image\" \/>\n<meta name=\"twitter:label1\" content=\"Temps estimat de lectura\" \/>\n\t<meta name=\"twitter:data1\" content=\"1 minut\" \/>\n<script type=\"application\/ld+json\" class=\"yoast-schema-graph\">{\"@context\":\"https:\/\/schema.org\",\"@graph\":[{\"@type\":\"WebPage\",\"@id\":\"https:\/\/jogalia.com\/producto\/nike-mc-trainer-2-violet-dust-sail-dm0824-500\/\",\"url\":\"https:\/\/jogalia.com\/producto\/nike-mc-trainer-2-violet-dust-sail-dm0824-500\/\",\"name\":\"Nike MC Trainer 2 Violet Dust\/Sail - JOGALIA\",\"isPartOf\":{\"@id\":\"https:\/\/jogalia.com\/#website\"},\"primaryImageOfPage\":{\"@id\":\"https:\/\/jogalia.com\/producto\/nike-mc-trainer-2-violet-dust-sail-dm0824-500\/#primaryimage\"},\"image\":{\"@id\":\"https:\/\/jogalia.com\/producto\/nike-mc-trainer-2-violet-dust-sail-dm0824-500\/#primaryimage\"},\"thumbnailUrl\":\"https:\/\/jogalia.com\/wp-content\/uploads\/2024\/03\/nikedm0824500_2.webp\",\"datePublished\":\"2024-03-12T15:49:47+00:00\",\"dateModified\":\"2025-05-07T17:41:01+00:00\",\"breadcrumb\":{\"@id\":\"https:\/\/jogalia.com\/producto\/nike-mc-trainer-2-violet-dust-sail-dm0824-500\/#breadcrumb\"},\"inLanguage\":\"ca\",\"potentialAction\":[{\"@type\":\"ReadAction\",\"target\":[\"https:\/\/jogalia.com\/producto\/nike-mc-trainer-2-violet-dust-sail-dm0824-500\/\"]}]},{\"@type\":\"ImageObject\",\"inLanguage\":\"ca\",\"@id\":\"https:\/\/jogalia.com\/producto\/nike-mc-trainer-2-violet-dust-sail-dm0824-500\/#primaryimage\",\"url\":\"https:\/\/jogalia.com\/wp-content\/uploads\/2024\/03\/nikedm0824500_2.webp\",\"contentUrl\":\"https:\/\/jogalia.com\/wp-content\/uploads\/2024\/03\/nikedm0824500_2.webp\",\"width\":800,\"height\":800},{\"@type\":\"BreadcrumbList\",\"@id\":\"https:\/\/jogalia.com\/producto\/nike-mc-trainer-2-violet-dust-sail-dm0824-500\/#breadcrumb\",\"itemListElement\":[{\"@type\":\"ListItem\",\"position\":1,\"name\":\"Portada\",\"item\":\"https:\/\/jogalia.com\/\"},{\"@type\":\"ListItem\",\"position\":2,\"name\":\"Tienda\",\"item\":\"https:\/\/jogalia.com\/shop\/\"},{\"@type\":\"ListItem\",\"position\":3,\"name\":\"Nike MC Trainer 2 Violet Dust\/Sail\"}]},{\"@type\":\"WebSite\",\"@id\":\"https:\/\/jogalia.com\/#website\",\"url\":\"https:\/\/jogalia.com\/\",\"name\":\"JOGALIA\",\"description\":\"Encuentra tu estilo perfecto en Jogalia: Moda, deporte y las marcas m\u00e1s exclusivas.\",\"potentialAction\":[{\"@type\":\"SearchAction\",\"target\":{\"@type\":\"EntryPoint\",\"urlTemplate\":\"https:\/\/jogalia.com\/?s={search_term_string}\"},\"query-input\":{\"@type\":\"PropertyValueSpecification\",\"valueRequired\":true,\"valueName\":\"search_term_string\"}}],\"inLanguage\":\"ca\"}]}<\/script>\n<!-- \/ Yoast SEO plugin. -->","yoast_head_json":{"title":"Nike MC Trainer 2 Violet Dust\/Sail - JOGALIA","robots":{"index":"index","follow":"follow","max-snippet":"max-snippet:-1","max-image-preview":"max-image-preview:large","max-video-preview":"max-video-preview:-1"},"canonical":"https:\/\/jogalia.com\/ca\/producte\/nike-mc-trainer-2-violet-dust-sail-dm0824-500\/","og_locale":"ca_ES","og_type":"article","og_title":"Nike MC Trainer 2 Violet Dust\/Sail - JOGALIA","og_description":"Nike MC Trainer 2 DM0824-500","og_url":"https:\/\/jogalia.com\/ca\/producte\/nike-mc-trainer-2-violet-dust-sail-dm0824-500\/","og_site_name":"JOGALIA","article_modified_time":"2025-05-07T17:41:01+00:00","og_image":[{"width":800,"height":800,"url":"https:\/\/jogalia.com\/wp-content\/uploads\/2024\/03\/nikedm0824500_2.webp","type":"image\/webp"}],"twitter_card":"summary_large_image","twitter_misc":{"Temps estimat de lectura":"1 minut"},"schema":{"@context":"https:\/\/schema.org","@graph":[{"@type":"WebPage","@id":"https:\/\/jogalia.com\/producto\/nike-mc-trainer-2-violet-dust-sail-dm0824-500\/","url":"https:\/\/jogalia.com\/producto\/nike-mc-trainer-2-violet-dust-sail-dm0824-500\/","name":"Nike MC Trainer 2 Violet Dust\/Sail - JOGALIA","isPartOf":{"@id":"https:\/\/jogalia.com\/#website"},"primaryImageOfPage":{"@id":"https:\/\/jogalia.com\/producto\/nike-mc-trainer-2-violet-dust-sail-dm0824-500\/#primaryimage"},"image":{"@id":"https:\/\/jogalia.com\/producto\/nike-mc-trainer-2-violet-dust-sail-dm0824-500\/#primaryimage"},"thumbnailUrl":"https:\/\/jogalia.com\/wp-content\/uploads\/2024\/03\/nikedm0824500_2.webp","datePublished":"2024-03-12T15:49:47+00:00","dateModified":"2025-05-07T17:41:01+00:00","breadcrumb":{"@id":"https:\/\/jogalia.com\/producto\/nike-mc-trainer-2-violet-dust-sail-dm0824-500\/#breadcrumb"},"inLanguage":"ca","potentialAction":[{"@type":"ReadAction","target":["https:\/\/jogalia.com\/producto\/nike-mc-trainer-2-violet-dust-sail-dm0824-500\/"]}]},{"@type":"ImageObject","inLanguage":"ca","@id":"https:\/\/jogalia.com\/producto\/nike-mc-trainer-2-violet-dust-sail-dm0824-500\/#primaryimage","url":"https:\/\/jogalia.com\/wp-content\/uploads\/2024\/03\/nikedm0824500_2.webp","contentUrl":"https:\/\/jogalia.com\/wp-content\/uploads\/2024\/03\/nikedm0824500_2.webp","width":800,"height":800},{"@type":"BreadcrumbList","@id":"https:\/\/jogalia.com\/producto\/nike-mc-trainer-2-violet-dust-sail-dm0824-500\/#breadcrumb","itemListElement":[{"@type":"ListItem","position":1,"name":"Portada","item":"https:\/\/jogalia.com\/"},{"@type":"ListItem","position":2,"name":"Tienda","item":"https:\/\/jogalia.com\/shop\/"},{"@type":"ListItem","position":3,"name":"Nike MC Trainer 2 Violet Dust\/Sail"}]},{"@type":"WebSite","@id":"https:\/\/jogalia.com\/#website","url":"https:\/\/jogalia.com\/","name":"JOGALIA","description":"Encuentra tu estilo perfecto en Jogalia: Moda, deporte y las marcas m\u00e1s exclusivas.","potentialAction":[{"@type":"SearchAction","target":{"@type":"EntryPoint","urlTemplate":"https:\/\/jogalia.com\/?s={search_term_string}"},"query-input":{"@type":"PropertyValueSpecification","valueRequired":true,"valueName":"search_term_string"}}],"inLanguage":"ca"}]}},"_links":{"self":[{"href":"https:\/\/jogalia.com\/ca\/wp-json\/wp\/v2\/product\/1270","targetHints":{"allow":["GET"]}}],"collection":[{"href":"https:\/\/jogalia.com\/ca\/wp-json\/wp\/v2\/product"}],"about":[{"href":"https:\/\/jogalia.com\/ca\/wp-json\/wp\/v2\/types\/product"}],"wp:featuredmedia":[{"embeddable":true,"href":"https:\/\/jogalia.com\/ca\/wp-json\/wp\/v2\/media\/1271"}],"wp:attachment":[{"href":"https:\/\/jogalia.com\/ca\/wp-json\/wp\/v2\/media?parent=1270"}],"wp:term":[{"taxonomy":"product_brand","embeddable":true,"href":"https:\/\/jogalia.com\/ca\/wp-json\/wp\/v2\/product_brand?post=1270"},{"taxonomy":"product_cat","embeddable":true,"href":"https:\/\/jogalia.com\/ca\/wp-json\/wp\/v2\/product_cat?post=1270"},{"taxonomy":"product_tag","embeddable":true,"href":"https:\/\/jogalia.com\/ca\/wp-json\/wp\/v2\/product_tag?post=1270"}],"curies":[{"name":"wp","href":"https:\/\/api.w.org\/{rel}","templated":true}]}}