{"id":1163,"date":"2024-03-08T19:53:51","date_gmt":"2024-03-08T18:53:51","guid":{"rendered":"https:\/\/jogalia.com\/?post_type=product&#038;p=1163"},"modified":"2025-01-11T11:13:58","modified_gmt":"2025-01-11T10:13:58","slug":"skechers-fury-fury-lace-low-natural-grey-183265-ntgy","status":"publish","type":"product","link":"https:\/\/jogalia.com\/ca\/producte\/skechers-fury-fury-lace-low-natural-grey-183265-ntgy\/","title":{"rendered":"Skechers Fury-Fury lace low Natural\/Grey"},"content":{"rendered":"<p>Pasea con un estilo cl\u00e1sico y disfruta una moderna tecnolog\u00eda de confort con las Skechers Fury &#8211; Fury Lace Low. Esta zapatilla deportiva con cordones de inspiraci\u00f3n retro presenta una parte superior de malla multicapa, material sint\u00e9tico y ante aut\u00e9ntico, una media suela con amortiguaci\u00f3n y una plantilla Skechers Air-Cooled Memory Foam\u00ae.<\/p>\n<h2 class=\"c-product-features-details__title title d-none d-md-block\">Detalles<\/h2>\n<ul class=\"c-product-features-details__bullets content value\">\n<li class=\"c-product-features-details__bullet\">Zapatilla con cordones y parte superior sint\u00e9tica, de malla y ante<\/li>\n<li class=\"c-product-features-details__bullet\">Media suela con absorci\u00f3n de impactos<\/li>\n<li class=\"c-product-features-details__bullet\">Suela flexible con tracci\u00f3n<\/li>\n<\/ul>\n<h2 class=\"c-product-features-details__title title d-none d-md-block\">Caracter\u00edsticas principales<\/h2>\n<ul class=\"c-product-features-details__bullets content value\">\n<li class=\"c-product-features-details__bullet\">C\u00f3moda plantilla con amortiguaci\u00f3n Skechers Air-Cooled Memory Foam<\/li>\n<\/ul>","protected":false},"excerpt":{"rendered":"<h1 class=\"_heading-strong\" data-v-42c75134=\"\"><strong class=\"product-name _heading-h5\" data-test-id=\"product-name\" data-v-42c75134=\"\">Fury-Fury Lace Low 183265\/NTGY Natural<\/strong><\/h1>","protected":false},"featured_media":1170,"template":"","meta":{"neve_meta_sidebar":"","neve_meta_container":"","neve_meta_enable_content_width":"off","neve_meta_content_width":100,"neve_meta_title_alignment":"","neve_meta_author_avatar":"","neve_post_elements_order":"","neve_meta_disable_header":"","neve_meta_disable_footer":"","neve_meta_disable_title":"","_joinchat":[]},"product_brand":[],"product_cat":[22,71,56],"product_tag":[],"class_list":{"0":"post-1163","1":"product","2":"type-product","3":"status-publish","4":"has-post-thumbnail","6":"product_cat-calzado","7":"product_cat-hombre","8":"product_cat-skechers","10":"first","11":"instock","12":"taxable","13":"shipping-taxable","14":"product-type-variable"},"yoast_head":"<!-- This site is optimized with the Yoast SEO plugin v27.0 - https:\/\/yoast.com\/product\/yoast-seo-wordpress\/ -->\n<title>Skechers Fury-Fury lace low Natural\/Grey - JOGALIA<\/title>\n<meta name=\"description\" content=\"Zapatillas Skechers Fury Natural. Esta zapatilla deportiva con cordones de inspiraci\u00f3n retro se presenta con un aire moderno y plantillas memory foam\" \/>\n<meta name=\"robots\" content=\"index, follow, max-snippet:-1, max-image-preview:large, max-video-preview:-1\" \/>\n<link rel=\"canonical\" href=\"https:\/\/jogalia.com\/ca\/producte\/skechers-fury-fury-lace-low-natural-grey-183265-ntgy\/\" \/>\n<meta property=\"og:locale\" content=\"ca_ES\" \/>\n<meta property=\"og:type\" content=\"article\" \/>\n<meta property=\"og:title\" content=\"Skechers Fury-Fury lace low Natural\/Grey - JOGALIA\" \/>\n<meta property=\"og:description\" content=\"Zapatillas Skechers Fury Natural. Esta zapatilla deportiva con cordones de inspiraci\u00f3n retro se presenta con un aire moderno y plantillas memory foam\" \/>\n<meta property=\"og:url\" content=\"https:\/\/jogalia.com\/ca\/producte\/skechers-fury-fury-lace-low-natural-grey-183265-ntgy\/\" \/>\n<meta property=\"og:site_name\" content=\"JOGALIA\" \/>\n<meta property=\"article:modified_time\" content=\"2025-01-11T10:13:58+00:00\" \/>\n<meta property=\"og:image\" content=\"https:\/\/jogalia.com\/wp-content\/uploads\/2024\/03\/zapatillas-skechers-fury-fury-lace-low-183265-ntgy-natural-0000303366575.webp\" \/>\n\t<meta property=\"og:image:width\" content=\"512\" \/>\n\t<meta property=\"og:image:height\" content=\"512\" \/>\n\t<meta property=\"og:image:type\" content=\"image\/webp\" \/>\n<meta name=\"twitter:card\" content=\"summary_large_image\" \/>\n<meta name=\"twitter:label1\" content=\"Temps estimat de lectura\" \/>\n\t<meta name=\"twitter:data1\" content=\"1 minut\" \/>\n<script type=\"application\/ld+json\" class=\"yoast-schema-graph\">{\"@context\":\"https:\/\/schema.org\",\"@graph\":[{\"@type\":\"WebPage\",\"@id\":\"https:\/\/jogalia.com\/producto\/skechers-fury-fury-lace-low-natural-grey-183265-ntgy\/\",\"url\":\"https:\/\/jogalia.com\/producto\/skechers-fury-fury-lace-low-natural-grey-183265-ntgy\/\",\"name\":\"Skechers Fury-Fury lace low Natural\/Grey - JOGALIA\",\"isPartOf\":{\"@id\":\"https:\/\/jogalia.com\/#website\"},\"primaryImageOfPage\":{\"@id\":\"https:\/\/jogalia.com\/producto\/skechers-fury-fury-lace-low-natural-grey-183265-ntgy\/#primaryimage\"},\"image\":{\"@id\":\"https:\/\/jogalia.com\/producto\/skechers-fury-fury-lace-low-natural-grey-183265-ntgy\/#primaryimage\"},\"thumbnailUrl\":\"https:\/\/jogalia.com\/wp-content\/uploads\/2024\/03\/zapatillas-skechers-fury-fury-lace-low-183265-ntgy-natural-0000303366575.webp\",\"datePublished\":\"2024-03-08T18:53:51+00:00\",\"dateModified\":\"2025-01-11T10:13:58+00:00\",\"description\":\"Zapatillas Skechers Fury Natural. Esta zapatilla deportiva con cordones de inspiraci\u00f3n retro se presenta con un aire moderno y plantillas memory foam\",\"breadcrumb\":{\"@id\":\"https:\/\/jogalia.com\/producto\/skechers-fury-fury-lace-low-natural-grey-183265-ntgy\/#breadcrumb\"},\"inLanguage\":\"ca\",\"potentialAction\":[{\"@type\":\"ReadAction\",\"target\":[\"https:\/\/jogalia.com\/producto\/skechers-fury-fury-lace-low-natural-grey-183265-ntgy\/\"]}]},{\"@type\":\"ImageObject\",\"inLanguage\":\"ca\",\"@id\":\"https:\/\/jogalia.com\/producto\/skechers-fury-fury-lace-low-natural-grey-183265-ntgy\/#primaryimage\",\"url\":\"https:\/\/jogalia.com\/wp-content\/uploads\/2024\/03\/zapatillas-skechers-fury-fury-lace-low-183265-ntgy-natural-0000303366575.webp\",\"contentUrl\":\"https:\/\/jogalia.com\/wp-content\/uploads\/2024\/03\/zapatillas-skechers-fury-fury-lace-low-183265-ntgy-natural-0000303366575.webp\",\"width\":512,\"height\":512},{\"@type\":\"BreadcrumbList\",\"@id\":\"https:\/\/jogalia.com\/producto\/skechers-fury-fury-lace-low-natural-grey-183265-ntgy\/#breadcrumb\",\"itemListElement\":[{\"@type\":\"ListItem\",\"position\":1,\"name\":\"Portada\",\"item\":\"https:\/\/jogalia.com\/\"},{\"@type\":\"ListItem\",\"position\":2,\"name\":\"Tienda\",\"item\":\"https:\/\/jogalia.com\/shop\/\"},{\"@type\":\"ListItem\",\"position\":3,\"name\":\"Skechers Fury-Fury lace low Natural\/Grey\"}]},{\"@type\":\"WebSite\",\"@id\":\"https:\/\/jogalia.com\/#website\",\"url\":\"https:\/\/jogalia.com\/\",\"name\":\"JOGALIA\",\"description\":\"Encuentra tu estilo perfecto en Jogalia: Moda, deporte y las marcas m\u00e1s exclusivas.\",\"potentialAction\":[{\"@type\":\"SearchAction\",\"target\":{\"@type\":\"EntryPoint\",\"urlTemplate\":\"https:\/\/jogalia.com\/?s={search_term_string}\"},\"query-input\":{\"@type\":\"PropertyValueSpecification\",\"valueRequired\":true,\"valueName\":\"search_term_string\"}}],\"inLanguage\":\"ca\"}]}<\/script>\n<!-- \/ Yoast SEO plugin. -->","yoast_head_json":{"title":"Skechers Fury-Fury lace low Natural\/Grey - JOGALIA","description":"Zapatillas Skechers Fury Natural. Esta zapatilla deportiva con cordones de inspiraci\u00f3n retro se presenta con un aire moderno y plantillas memory foam","robots":{"index":"index","follow":"follow","max-snippet":"max-snippet:-1","max-image-preview":"max-image-preview:large","max-video-preview":"max-video-preview:-1"},"canonical":"https:\/\/jogalia.com\/ca\/producte\/skechers-fury-fury-lace-low-natural-grey-183265-ntgy\/","og_locale":"ca_ES","og_type":"article","og_title":"Skechers Fury-Fury lace low Natural\/Grey - JOGALIA","og_description":"Zapatillas Skechers Fury Natural. Esta zapatilla deportiva con cordones de inspiraci\u00f3n retro se presenta con un aire moderno y plantillas memory foam","og_url":"https:\/\/jogalia.com\/ca\/producte\/skechers-fury-fury-lace-low-natural-grey-183265-ntgy\/","og_site_name":"JOGALIA","article_modified_time":"2025-01-11T10:13:58+00:00","og_image":[{"width":512,"height":512,"url":"https:\/\/jogalia.com\/wp-content\/uploads\/2024\/03\/zapatillas-skechers-fury-fury-lace-low-183265-ntgy-natural-0000303366575.webp","type":"image\/webp"}],"twitter_card":"summary_large_image","twitter_misc":{"Temps estimat de lectura":"1 minut"},"schema":{"@context":"https:\/\/schema.org","@graph":[{"@type":"WebPage","@id":"https:\/\/jogalia.com\/producto\/skechers-fury-fury-lace-low-natural-grey-183265-ntgy\/","url":"https:\/\/jogalia.com\/producto\/skechers-fury-fury-lace-low-natural-grey-183265-ntgy\/","name":"Skechers Fury-Fury lace low Natural\/Grey - JOGALIA","isPartOf":{"@id":"https:\/\/jogalia.com\/#website"},"primaryImageOfPage":{"@id":"https:\/\/jogalia.com\/producto\/skechers-fury-fury-lace-low-natural-grey-183265-ntgy\/#primaryimage"},"image":{"@id":"https:\/\/jogalia.com\/producto\/skechers-fury-fury-lace-low-natural-grey-183265-ntgy\/#primaryimage"},"thumbnailUrl":"https:\/\/jogalia.com\/wp-content\/uploads\/2024\/03\/zapatillas-skechers-fury-fury-lace-low-183265-ntgy-natural-0000303366575.webp","datePublished":"2024-03-08T18:53:51+00:00","dateModified":"2025-01-11T10:13:58+00:00","description":"Zapatillas Skechers Fury Natural. Esta zapatilla deportiva con cordones de inspiraci\u00f3n retro se presenta con un aire moderno y plantillas memory foam","breadcrumb":{"@id":"https:\/\/jogalia.com\/producto\/skechers-fury-fury-lace-low-natural-grey-183265-ntgy\/#breadcrumb"},"inLanguage":"ca","potentialAction":[{"@type":"ReadAction","target":["https:\/\/jogalia.com\/producto\/skechers-fury-fury-lace-low-natural-grey-183265-ntgy\/"]}]},{"@type":"ImageObject","inLanguage":"ca","@id":"https:\/\/jogalia.com\/producto\/skechers-fury-fury-lace-low-natural-grey-183265-ntgy\/#primaryimage","url":"https:\/\/jogalia.com\/wp-content\/uploads\/2024\/03\/zapatillas-skechers-fury-fury-lace-low-183265-ntgy-natural-0000303366575.webp","contentUrl":"https:\/\/jogalia.com\/wp-content\/uploads\/2024\/03\/zapatillas-skechers-fury-fury-lace-low-183265-ntgy-natural-0000303366575.webp","width":512,"height":512},{"@type":"BreadcrumbList","@id":"https:\/\/jogalia.com\/producto\/skechers-fury-fury-lace-low-natural-grey-183265-ntgy\/#breadcrumb","itemListElement":[{"@type":"ListItem","position":1,"name":"Portada","item":"https:\/\/jogalia.com\/"},{"@type":"ListItem","position":2,"name":"Tienda","item":"https:\/\/jogalia.com\/shop\/"},{"@type":"ListItem","position":3,"name":"Skechers Fury-Fury lace low Natural\/Grey"}]},{"@type":"WebSite","@id":"https:\/\/jogalia.com\/#website","url":"https:\/\/jogalia.com\/","name":"JOGALIA","description":"Encuentra tu estilo perfecto en Jogalia: Moda, deporte y las marcas m\u00e1s exclusivas.","potentialAction":[{"@type":"SearchAction","target":{"@type":"EntryPoint","urlTemplate":"https:\/\/jogalia.com\/?s={search_term_string}"},"query-input":{"@type":"PropertyValueSpecification","valueRequired":true,"valueName":"search_term_string"}}],"inLanguage":"ca"}]}},"_links":{"self":[{"href":"https:\/\/jogalia.com\/ca\/wp-json\/wp\/v2\/product\/1163","targetHints":{"allow":["GET"]}}],"collection":[{"href":"https:\/\/jogalia.com\/ca\/wp-json\/wp\/v2\/product"}],"about":[{"href":"https:\/\/jogalia.com\/ca\/wp-json\/wp\/v2\/types\/product"}],"wp:featuredmedia":[{"embeddable":true,"href":"https:\/\/jogalia.com\/ca\/wp-json\/wp\/v2\/media\/1170"}],"wp:attachment":[{"href":"https:\/\/jogalia.com\/ca\/wp-json\/wp\/v2\/media?parent=1163"}],"wp:term":[{"taxonomy":"product_brand","embeddable":true,"href":"https:\/\/jogalia.com\/ca\/wp-json\/wp\/v2\/product_brand?post=1163"},{"taxonomy":"product_cat","embeddable":true,"href":"https:\/\/jogalia.com\/ca\/wp-json\/wp\/v2\/product_cat?post=1163"},{"taxonomy":"product_tag","embeddable":true,"href":"https:\/\/jogalia.com\/ca\/wp-json\/wp\/v2\/product_tag?post=1163"}],"curies":[{"name":"wp","href":"https:\/\/api.w.org\/{rel}","templated":true}]}}