{"id":1132,"date":"2024-03-08T16:15:07","date_gmt":"2024-03-08T15:15:07","guid":{"rendered":"https:\/\/jogalia.com\/?post_type=product&#038;p=1132"},"modified":"2025-10-05T13:21:20","modified_gmt":"2025-10-05T11:21:20","slug":"zapatilla-nike-court-vision-low-next-nature-white-white-dh2987-100","status":"publish","type":"product","link":"https:\/\/jogalia.com\/ca\/producte\/zapatilla-nike-court-vision-low-next-nature-white-white-dh2987-100\/","title":{"rendered":"Nike Court Vision Low Next Nature White\/White"},"content":{"rendered":"<div class=\"render-container render-route-store-product\">\n<div class=\"render-provider\">\n<div class=\"vtex-store__template bg-base\">\n<div class=\"flex flex-column min-vh-100 w-100\">\n<div class=\"vtex-product-context-provider\">\n<div class=\"flex flex-column min-vh-100 w-100\">\n<div class=\"flex flex-grow-1 w-100 flex-column\">\n<div class=\"\">\n<div class=\"trendico-commons-components-0-x-containerSection trendico-commons-components-0-x-containerSection--pdp-container relative center\">\n<div class=\"trendico-commons-components-0-x-containerSection flex flex-row\">\n<div class=\"trendico-commons-components-0-x-containerSection trendico-commons-components-0-x-containerSection--desktop-product-info\">\n<div id=\"info-product-resume\" class=\"trendico-commons-components-0-x-containerSection trendico-commons-components-0-x-containerSection--info-product-resume flex flex-column mt2 mh0 mt7-l\">\n<div id=\"id-uec5tp\" class=\"vtex-disclosure-layout-1-x-content vtex-disclosure-layout-1-x-content--visible\" data-enter=\"\">\n<div class=\"vtex-store-components-3-x-productDescriptionContainer\">\n<div class=\"vtex-store-components-3-x-productDescriptionText c-muted-1\">\n<div class=\"vtex-store-components-3-x-container relative\">\n<div class=\"vtex-store-components-3-x-content h-auto\">\n<p>Sabemos que te encanta el look cl\u00e1sico del baloncesto de los 80, as\u00ed como la cultura del deporte actual. As\u00ed que te presentamos las zapatillas Nike Court Vision Low Next Nature. Inspirada en el look de baloncesto retro y en los calcetines altos. La zona del tobillo acolchada y la suela exterior de goma aportan comodidad y tracci\u00f3n .<\/p>\n<h3>Caracter\u00edsticas<\/h3>\n<p>Dise\u00f1o confeccionado con materiales sint\u00e9ticos que rinden homenaje a las zapatillas de baloncesto de mediados de los 80.<\/p>\n<p>Zona del tobillo acolchada de perfil bajo para un look elegante y una gran comodidad, y perforaciones en la puntera y los laterales para a\u00f1adir comodidad y transpirabilidad.<\/p>\n<p>Confecci\u00f3n vulcanizada que fusiona la suela exterior con la mediasuela para ofrecer un look estilizado, duradero y c\u00f3modo.<\/p>\n<\/div>\n<\/div>\n<\/div>\n<\/div>\n<\/div>\n<div class=\"vtex-disclosure-layout-1-x-trigger vtex-disclosure-layout-1-x-trigger--disclosure-title-pdp vtex-disclosure-layout-1-x-trigger--hidden vtex-disclosure-layout-1-x-trigger--disclosure-title-pdp--hidden\" tabindex=\"0\" role=\"button\" aria-expanded=\"false\" aria-controls=\"id-eect4n\">\n<div class=\"vtex-rich-text-0-x-container vtex-rich-text-0-x-container--disclosure-title-pdp flex tl items-start justify-start t-body c-on-base\">\n<div class=\"vtex-rich-text-0-x-wrapper vtex-rich-text-0-x-wrapper--disclosure-title-pdp\">\n<p class=\"lh-copy vtex-rich-text-0-x-paragraph vtex-rich-text-0-x-paragraph--disclosure-title-pdp\">\n<\/div>\n<\/div>\n<\/div>\n<\/div>\n<\/div>\n<\/div>\n<\/div>\n<\/div>\n<\/div>\n<\/div>\n<\/div>\n<\/div>\n<\/div>\n<\/div>\n<\/div>","protected":false},"excerpt":{"rendered":"<p>Zapatilla NIKE COURT VISION LOW NEXT NATURE<\/p>","protected":false},"featured_media":1138,"template":"","meta":{"neve_meta_sidebar":"","neve_meta_container":"","neve_meta_enable_content_width":"off","neve_meta_content_width":100,"neve_meta_title_alignment":"","neve_meta_author_avatar":"","neve_post_elements_order":"","neve_meta_disable_header":"","neve_meta_disable_footer":"","neve_meta_disable_title":"","_joinchat":[]},"product_brand":[],"product_cat":[22,71,70,35,72],"product_tag":[],"class_list":{"0":"post-1132","1":"product","2":"type-product","3":"status-publish","4":"has-post-thumbnail","6":"product_cat-calzado","7":"product_cat-hombre","8":"product_cat-mujer","9":"product_cat-nike","10":"product_cat-unisex","12":"first","13":"instock","14":"taxable","15":"shipping-taxable","16":"product-type-variable"},"yoast_head":"<!-- This site is optimized with the Yoast SEO plugin v27.0 - https:\/\/yoast.com\/product\/yoast-seo-wordpress\/ -->\n<title>Nike Court Vision Low Next Nature White\/White - JOGALIA<\/title>\n<meta name=\"description\" content=\"Zapatilla NIKE COURT VISION. Dise\u00f1o confeccionado con materiales sint\u00e9ticos que rinden homenaje a las zapatillas de baloncesto de mediados de los 80.\" \/>\n<meta name=\"robots\" content=\"index, follow, max-snippet:-1, max-image-preview:large, max-video-preview:-1\" \/>\n<link rel=\"canonical\" href=\"https:\/\/jogalia.com\/ca\/producte\/zapatilla-nike-court-vision-low-next-nature-white-white-dh2987-100\/\" \/>\n<meta property=\"og:locale\" content=\"ca_ES\" \/>\n<meta property=\"og:type\" content=\"article\" \/>\n<meta property=\"og:title\" content=\"Nike Court Vision Low Next Nature White\/White - JOGALIA\" \/>\n<meta property=\"og:description\" content=\"Zapatilla NIKE COURT VISION. Dise\u00f1o confeccionado con materiales sint\u00e9ticos que rinden homenaje a las zapatillas de baloncesto de mediados de los 80.\" \/>\n<meta property=\"og:url\" content=\"https:\/\/jogalia.com\/ca\/producte\/zapatilla-nike-court-vision-low-next-nature-white-white-dh2987-100\/\" \/>\n<meta property=\"og:site_name\" content=\"JOGALIA\" \/>\n<meta property=\"article:modified_time\" content=\"2025-10-05T11:21:20+00:00\" \/>\n<meta property=\"og:image\" content=\"https:\/\/jogalia.com\/wp-content\/uploads\/2024\/03\/COURT.webp\" \/>\n\t<meta property=\"og:image:width\" content=\"800\" \/>\n\t<meta property=\"og:image:height\" content=\"800\" \/>\n\t<meta property=\"og:image:type\" content=\"image\/webp\" \/>\n<meta name=\"twitter:card\" content=\"summary_large_image\" \/>\n<meta name=\"twitter:label1\" content=\"Temps estimat de lectura\" \/>\n\t<meta name=\"twitter:data1\" content=\"1 minut\" \/>\n<script type=\"application\/ld+json\" class=\"yoast-schema-graph\">{\"@context\":\"https:\/\/schema.org\",\"@graph\":[{\"@type\":\"WebPage\",\"@id\":\"https:\/\/jogalia.com\/producto\/zapatilla-nike-court-vision-low-next-nature-white-white-dh2987-100\/\",\"url\":\"https:\/\/jogalia.com\/producto\/zapatilla-nike-court-vision-low-next-nature-white-white-dh2987-100\/\",\"name\":\"Nike Court Vision Low Next Nature White\/White - JOGALIA\",\"isPartOf\":{\"@id\":\"https:\/\/jogalia.com\/#website\"},\"primaryImageOfPage\":{\"@id\":\"https:\/\/jogalia.com\/producto\/zapatilla-nike-court-vision-low-next-nature-white-white-dh2987-100\/#primaryimage\"},\"image\":{\"@id\":\"https:\/\/jogalia.com\/producto\/zapatilla-nike-court-vision-low-next-nature-white-white-dh2987-100\/#primaryimage\"},\"thumbnailUrl\":\"https:\/\/jogalia.com\/wp-content\/uploads\/2024\/03\/COURT.webp\",\"datePublished\":\"2024-03-08T15:15:07+00:00\",\"dateModified\":\"2025-10-05T11:21:20+00:00\",\"description\":\"Zapatilla NIKE COURT VISION. Dise\u00f1o confeccionado con materiales sint\u00e9ticos que rinden homenaje a las zapatillas de baloncesto de mediados de los 80.\",\"breadcrumb\":{\"@id\":\"https:\/\/jogalia.com\/producto\/zapatilla-nike-court-vision-low-next-nature-white-white-dh2987-100\/#breadcrumb\"},\"inLanguage\":\"ca\",\"potentialAction\":[{\"@type\":\"ReadAction\",\"target\":[\"https:\/\/jogalia.com\/producto\/zapatilla-nike-court-vision-low-next-nature-white-white-dh2987-100\/\"]}]},{\"@type\":\"ImageObject\",\"inLanguage\":\"ca\",\"@id\":\"https:\/\/jogalia.com\/producto\/zapatilla-nike-court-vision-low-next-nature-white-white-dh2987-100\/#primaryimage\",\"url\":\"https:\/\/jogalia.com\/wp-content\/uploads\/2024\/03\/COURT.webp\",\"contentUrl\":\"https:\/\/jogalia.com\/wp-content\/uploads\/2024\/03\/COURT.webp\",\"width\":800,\"height\":800},{\"@type\":\"BreadcrumbList\",\"@id\":\"https:\/\/jogalia.com\/producto\/zapatilla-nike-court-vision-low-next-nature-white-white-dh2987-100\/#breadcrumb\",\"itemListElement\":[{\"@type\":\"ListItem\",\"position\":1,\"name\":\"Portada\",\"item\":\"https:\/\/jogalia.com\/\"},{\"@type\":\"ListItem\",\"position\":2,\"name\":\"Tienda\",\"item\":\"https:\/\/jogalia.com\/shop\/\"},{\"@type\":\"ListItem\",\"position\":3,\"name\":\"Nike Court Vision Low Next Nature White\/White\"}]},{\"@type\":\"WebSite\",\"@id\":\"https:\/\/jogalia.com\/#website\",\"url\":\"https:\/\/jogalia.com\/\",\"name\":\"JOGALIA\",\"description\":\"Encuentra tu estilo perfecto en Jogalia: Moda, deporte y las marcas m\u00e1s exclusivas.\",\"potentialAction\":[{\"@type\":\"SearchAction\",\"target\":{\"@type\":\"EntryPoint\",\"urlTemplate\":\"https:\/\/jogalia.com\/?s={search_term_string}\"},\"query-input\":{\"@type\":\"PropertyValueSpecification\",\"valueRequired\":true,\"valueName\":\"search_term_string\"}}],\"inLanguage\":\"ca\"}]}<\/script>\n<!-- \/ Yoast SEO plugin. -->","yoast_head_json":{"title":"Nike Court Vision Low Next Nature White\/White - JOGALIA","description":"Zapatilla NIKE COURT VISION. Dise\u00f1o confeccionado con materiales sint\u00e9ticos que rinden homenaje a las zapatillas de baloncesto de mediados de los 80.","robots":{"index":"index","follow":"follow","max-snippet":"max-snippet:-1","max-image-preview":"max-image-preview:large","max-video-preview":"max-video-preview:-1"},"canonical":"https:\/\/jogalia.com\/ca\/producte\/zapatilla-nike-court-vision-low-next-nature-white-white-dh2987-100\/","og_locale":"ca_ES","og_type":"article","og_title":"Nike Court Vision Low Next Nature White\/White - JOGALIA","og_description":"Zapatilla NIKE COURT VISION. Dise\u00f1o confeccionado con materiales sint\u00e9ticos que rinden homenaje a las zapatillas de baloncesto de mediados de los 80.","og_url":"https:\/\/jogalia.com\/ca\/producte\/zapatilla-nike-court-vision-low-next-nature-white-white-dh2987-100\/","og_site_name":"JOGALIA","article_modified_time":"2025-10-05T11:21:20+00:00","og_image":[{"width":800,"height":800,"url":"https:\/\/jogalia.com\/wp-content\/uploads\/2024\/03\/COURT.webp","type":"image\/webp"}],"twitter_card":"summary_large_image","twitter_misc":{"Temps estimat de lectura":"1 minut"},"schema":{"@context":"https:\/\/schema.org","@graph":[{"@type":"WebPage","@id":"https:\/\/jogalia.com\/producto\/zapatilla-nike-court-vision-low-next-nature-white-white-dh2987-100\/","url":"https:\/\/jogalia.com\/producto\/zapatilla-nike-court-vision-low-next-nature-white-white-dh2987-100\/","name":"Nike Court Vision Low Next Nature White\/White - JOGALIA","isPartOf":{"@id":"https:\/\/jogalia.com\/#website"},"primaryImageOfPage":{"@id":"https:\/\/jogalia.com\/producto\/zapatilla-nike-court-vision-low-next-nature-white-white-dh2987-100\/#primaryimage"},"image":{"@id":"https:\/\/jogalia.com\/producto\/zapatilla-nike-court-vision-low-next-nature-white-white-dh2987-100\/#primaryimage"},"thumbnailUrl":"https:\/\/jogalia.com\/wp-content\/uploads\/2024\/03\/COURT.webp","datePublished":"2024-03-08T15:15:07+00:00","dateModified":"2025-10-05T11:21:20+00:00","description":"Zapatilla NIKE COURT VISION. Dise\u00f1o confeccionado con materiales sint\u00e9ticos que rinden homenaje a las zapatillas de baloncesto de mediados de los 80.","breadcrumb":{"@id":"https:\/\/jogalia.com\/producto\/zapatilla-nike-court-vision-low-next-nature-white-white-dh2987-100\/#breadcrumb"},"inLanguage":"ca","potentialAction":[{"@type":"ReadAction","target":["https:\/\/jogalia.com\/producto\/zapatilla-nike-court-vision-low-next-nature-white-white-dh2987-100\/"]}]},{"@type":"ImageObject","inLanguage":"ca","@id":"https:\/\/jogalia.com\/producto\/zapatilla-nike-court-vision-low-next-nature-white-white-dh2987-100\/#primaryimage","url":"https:\/\/jogalia.com\/wp-content\/uploads\/2024\/03\/COURT.webp","contentUrl":"https:\/\/jogalia.com\/wp-content\/uploads\/2024\/03\/COURT.webp","width":800,"height":800},{"@type":"BreadcrumbList","@id":"https:\/\/jogalia.com\/producto\/zapatilla-nike-court-vision-low-next-nature-white-white-dh2987-100\/#breadcrumb","itemListElement":[{"@type":"ListItem","position":1,"name":"Portada","item":"https:\/\/jogalia.com\/"},{"@type":"ListItem","position":2,"name":"Tienda","item":"https:\/\/jogalia.com\/shop\/"},{"@type":"ListItem","position":3,"name":"Nike Court Vision Low Next Nature White\/White"}]},{"@type":"WebSite","@id":"https:\/\/jogalia.com\/#website","url":"https:\/\/jogalia.com\/","name":"JOGALIA","description":"Encuentra tu estilo perfecto en Jogalia: Moda, deporte y las marcas m\u00e1s exclusivas.","potentialAction":[{"@type":"SearchAction","target":{"@type":"EntryPoint","urlTemplate":"https:\/\/jogalia.com\/?s={search_term_string}"},"query-input":{"@type":"PropertyValueSpecification","valueRequired":true,"valueName":"search_term_string"}}],"inLanguage":"ca"}]}},"_links":{"self":[{"href":"https:\/\/jogalia.com\/ca\/wp-json\/wp\/v2\/product\/1132","targetHints":{"allow":["GET"]}}],"collection":[{"href":"https:\/\/jogalia.com\/ca\/wp-json\/wp\/v2\/product"}],"about":[{"href":"https:\/\/jogalia.com\/ca\/wp-json\/wp\/v2\/types\/product"}],"wp:featuredmedia":[{"embeddable":true,"href":"https:\/\/jogalia.com\/ca\/wp-json\/wp\/v2\/media\/1138"}],"wp:attachment":[{"href":"https:\/\/jogalia.com\/ca\/wp-json\/wp\/v2\/media?parent=1132"}],"wp:term":[{"taxonomy":"product_brand","embeddable":true,"href":"https:\/\/jogalia.com\/ca\/wp-json\/wp\/v2\/product_brand?post=1132"},{"taxonomy":"product_cat","embeddable":true,"href":"https:\/\/jogalia.com\/ca\/wp-json\/wp\/v2\/product_cat?post=1132"},{"taxonomy":"product_tag","embeddable":true,"href":"https:\/\/jogalia.com\/ca\/wp-json\/wp\/v2\/product_tag?post=1132"}],"curies":[{"name":"wp","href":"https:\/\/api.w.org\/{rel}","templated":true}]}}