{"id":1040,"date":"2024-03-08T11:40:31","date_gmt":"2024-03-08T10:40:31","guid":{"rendered":"https:\/\/jogalia.com\/?post_type=product&#038;p=1040"},"modified":"2025-10-05T13:20:17","modified_gmt":"2025-10-05T11:20:17","slug":"nike-air-max-alpha-trainer-6-fq1833-001","status":"publish","type":"product","link":"https:\/\/jogalia.com\/ca\/producte\/nike-air-max-alpha-trainer-6-fq1833-001\/","title":{"rendered":"Nike Air Max Alpha Trainer 6 Negro"},"content":{"rendered":"<p>La amortiguaci\u00f3n Max Air ofrece una estabilidad c\u00f3moda para el levantamiento de pesas ligera o pesadas. Su amplia suela ofrece una mayor estabilidad y agarre para todo tipo de entrenamientos sin sacrificar el estilo mientras cambias de serie.<\/p>\n<p>Las Air Max Alpha Trainer 6 te aportan solidez y comodidad, lo mejor de ambos mundos, para tus entrenamientos m\u00e1s exigentes. La base plana y ancha te da estabilidad, para que puedas alcanzar tus objetivos. El tal\u00f3n, potenciado con una amortiguaci\u00f3n &#8220;Air &#8221; visible, ofrece una estabilidad fiable cuando quieres ir a por m\u00e1s repeticiones<\/p>","protected":false},"excerpt":{"rendered":"<p>Nike Air Max Alpha Trainer 6 FQ1833-001 Negro<\/p>\n<p>Zapatillas de training &#8211; Hombre<\/p>","protected":false},"featured_media":1950,"template":"","meta":{"neve_meta_sidebar":"","neve_meta_container":"","neve_meta_enable_content_width":"off","neve_meta_content_width":100,"neve_meta_title_alignment":"","neve_meta_author_avatar":"","neve_post_elements_order":"","neve_meta_disable_header":"","neve_meta_disable_footer":"","neve_meta_disable_title":"","_joinchat":[]},"product_brand":[],"product_cat":[22,71,35],"product_tag":[],"class_list":{"0":"post-1040","1":"product","2":"type-product","3":"status-publish","4":"has-post-thumbnail","6":"product_cat-calzado","7":"product_cat-hombre","8":"product_cat-nike","10":"first","11":"instock","12":"featured","13":"taxable","14":"shipping-taxable","15":"product-type-variable"},"yoast_head":"<!-- This site is optimized with the Yoast SEO plugin v27.0 - https:\/\/yoast.com\/product\/yoast-seo-wordpress\/ -->\n<title>Nike Air Max Alpha Trainer 6 Negro - JOGALIA<\/title>\n<meta name=\"description\" content=\"Zapatillas Nike Air Max Alpha Trainer, su amplia suela ofrece una mayor estabilidad y agarre para todo tipo de entrenamientos\" \/>\n<meta name=\"robots\" content=\"index, follow, max-snippet:-1, max-image-preview:large, max-video-preview:-1\" \/>\n<link rel=\"canonical\" href=\"https:\/\/jogalia.com\/ca\/producte\/nike-air-max-alpha-trainer-6-fq1833-001\/\" \/>\n<meta property=\"og:locale\" content=\"ca_ES\" \/>\n<meta property=\"og:type\" content=\"article\" \/>\n<meta property=\"og:title\" content=\"Nike Air Max Alpha Trainer 6 Negro - JOGALIA\" \/>\n<meta property=\"og:description\" content=\"Zapatillas Nike Air Max Alpha Trainer, su amplia suela ofrece una mayor estabilidad y agarre para todo tipo de entrenamientos\" \/>\n<meta property=\"og:url\" content=\"https:\/\/jogalia.com\/ca\/producte\/nike-air-max-alpha-trainer-6-fq1833-001\/\" \/>\n<meta property=\"og:site_name\" content=\"JOGALIA\" \/>\n<meta property=\"article:modified_time\" content=\"2025-10-05T11:20:17+00:00\" \/>\n<meta property=\"og:image\" content=\"https:\/\/jogalia.com\/wp-content\/uploads\/2024\/03\/MAIRMAXALPHATRAINER6.webp\" \/>\n\t<meta property=\"og:image:width\" content=\"1728\" \/>\n\t<meta property=\"og:image:height\" content=\"2160\" \/>\n\t<meta property=\"og:image:type\" content=\"image\/webp\" \/>\n<meta name=\"twitter:card\" content=\"summary_large_image\" \/>\n<meta name=\"twitter:label1\" content=\"Temps estimat de lectura\" \/>\n\t<meta name=\"twitter:data1\" content=\"1 minut\" \/>\n<script type=\"application\/ld+json\" class=\"yoast-schema-graph\">{\"@context\":\"https:\/\/schema.org\",\"@graph\":[{\"@type\":\"WebPage\",\"@id\":\"https:\/\/jogalia.com\/producto\/nike-air-max-alpha-trainer-6-fq1833-001\/\",\"url\":\"https:\/\/jogalia.com\/producto\/nike-air-max-alpha-trainer-6-fq1833-001\/\",\"name\":\"Nike Air Max Alpha Trainer 6 Negro - JOGALIA\",\"isPartOf\":{\"@id\":\"https:\/\/jogalia.com\/#website\"},\"primaryImageOfPage\":{\"@id\":\"https:\/\/jogalia.com\/producto\/nike-air-max-alpha-trainer-6-fq1833-001\/#primaryimage\"},\"image\":{\"@id\":\"https:\/\/jogalia.com\/producto\/nike-air-max-alpha-trainer-6-fq1833-001\/#primaryimage\"},\"thumbnailUrl\":\"https:\/\/jogalia.com\/wp-content\/uploads\/2024\/03\/MAIRMAXALPHATRAINER6.webp\",\"datePublished\":\"2024-03-08T10:40:31+00:00\",\"dateModified\":\"2025-10-05T11:20:17+00:00\",\"description\":\"Zapatillas Nike Air Max Alpha Trainer, su amplia suela ofrece una mayor estabilidad y agarre para todo tipo de entrenamientos\",\"breadcrumb\":{\"@id\":\"https:\/\/jogalia.com\/producto\/nike-air-max-alpha-trainer-6-fq1833-001\/#breadcrumb\"},\"inLanguage\":\"ca\",\"potentialAction\":[{\"@type\":\"ReadAction\",\"target\":[\"https:\/\/jogalia.com\/producto\/nike-air-max-alpha-trainer-6-fq1833-001\/\"]}]},{\"@type\":\"ImageObject\",\"inLanguage\":\"ca\",\"@id\":\"https:\/\/jogalia.com\/producto\/nike-air-max-alpha-trainer-6-fq1833-001\/#primaryimage\",\"url\":\"https:\/\/jogalia.com\/wp-content\/uploads\/2024\/03\/MAIRMAXALPHATRAINER6.webp\",\"contentUrl\":\"https:\/\/jogalia.com\/wp-content\/uploads\/2024\/03\/MAIRMAXALPHATRAINER6.webp\",\"width\":1728,\"height\":2160,\"caption\":\"Zapatillas Alpha Trainer 6 Negro\"},{\"@type\":\"BreadcrumbList\",\"@id\":\"https:\/\/jogalia.com\/producto\/nike-air-max-alpha-trainer-6-fq1833-001\/#breadcrumb\",\"itemListElement\":[{\"@type\":\"ListItem\",\"position\":1,\"name\":\"Portada\",\"item\":\"https:\/\/jogalia.com\/\"},{\"@type\":\"ListItem\",\"position\":2,\"name\":\"Tienda\",\"item\":\"https:\/\/jogalia.com\/shop\/\"},{\"@type\":\"ListItem\",\"position\":3,\"name\":\"Nike Air Max Alpha Trainer 6 Negro\"}]},{\"@type\":\"WebSite\",\"@id\":\"https:\/\/jogalia.com\/#website\",\"url\":\"https:\/\/jogalia.com\/\",\"name\":\"JOGALIA\",\"description\":\"Encuentra tu estilo perfecto en Jogalia: Moda, deporte y las marcas m\u00e1s exclusivas.\",\"potentialAction\":[{\"@type\":\"SearchAction\",\"target\":{\"@type\":\"EntryPoint\",\"urlTemplate\":\"https:\/\/jogalia.com\/?s={search_term_string}\"},\"query-input\":{\"@type\":\"PropertyValueSpecification\",\"valueRequired\":true,\"valueName\":\"search_term_string\"}}],\"inLanguage\":\"ca\"}]}<\/script>\n<!-- \/ Yoast SEO plugin. -->","yoast_head_json":{"title":"Nike Air Max Alpha Trainer 6 Negro - JOGALIA","description":"Zapatillas Nike Air Max Alpha Trainer, su amplia suela ofrece una mayor estabilidad y agarre para todo tipo de entrenamientos","robots":{"index":"index","follow":"follow","max-snippet":"max-snippet:-1","max-image-preview":"max-image-preview:large","max-video-preview":"max-video-preview:-1"},"canonical":"https:\/\/jogalia.com\/ca\/producte\/nike-air-max-alpha-trainer-6-fq1833-001\/","og_locale":"ca_ES","og_type":"article","og_title":"Nike Air Max Alpha Trainer 6 Negro - JOGALIA","og_description":"Zapatillas Nike Air Max Alpha Trainer, su amplia suela ofrece una mayor estabilidad y agarre para todo tipo de entrenamientos","og_url":"https:\/\/jogalia.com\/ca\/producte\/nike-air-max-alpha-trainer-6-fq1833-001\/","og_site_name":"JOGALIA","article_modified_time":"2025-10-05T11:20:17+00:00","og_image":[{"width":1728,"height":2160,"url":"https:\/\/jogalia.com\/wp-content\/uploads\/2024\/03\/MAIRMAXALPHATRAINER6.webp","type":"image\/webp"}],"twitter_card":"summary_large_image","twitter_misc":{"Temps estimat de lectura":"1 minut"},"schema":{"@context":"https:\/\/schema.org","@graph":[{"@type":"WebPage","@id":"https:\/\/jogalia.com\/producto\/nike-air-max-alpha-trainer-6-fq1833-001\/","url":"https:\/\/jogalia.com\/producto\/nike-air-max-alpha-trainer-6-fq1833-001\/","name":"Nike Air Max Alpha Trainer 6 Negro - JOGALIA","isPartOf":{"@id":"https:\/\/jogalia.com\/#website"},"primaryImageOfPage":{"@id":"https:\/\/jogalia.com\/producto\/nike-air-max-alpha-trainer-6-fq1833-001\/#primaryimage"},"image":{"@id":"https:\/\/jogalia.com\/producto\/nike-air-max-alpha-trainer-6-fq1833-001\/#primaryimage"},"thumbnailUrl":"https:\/\/jogalia.com\/wp-content\/uploads\/2024\/03\/MAIRMAXALPHATRAINER6.webp","datePublished":"2024-03-08T10:40:31+00:00","dateModified":"2025-10-05T11:20:17+00:00","description":"Zapatillas Nike Air Max Alpha Trainer, su amplia suela ofrece una mayor estabilidad y agarre para todo tipo de entrenamientos","breadcrumb":{"@id":"https:\/\/jogalia.com\/producto\/nike-air-max-alpha-trainer-6-fq1833-001\/#breadcrumb"},"inLanguage":"ca","potentialAction":[{"@type":"ReadAction","target":["https:\/\/jogalia.com\/producto\/nike-air-max-alpha-trainer-6-fq1833-001\/"]}]},{"@type":"ImageObject","inLanguage":"ca","@id":"https:\/\/jogalia.com\/producto\/nike-air-max-alpha-trainer-6-fq1833-001\/#primaryimage","url":"https:\/\/jogalia.com\/wp-content\/uploads\/2024\/03\/MAIRMAXALPHATRAINER6.webp","contentUrl":"https:\/\/jogalia.com\/wp-content\/uploads\/2024\/03\/MAIRMAXALPHATRAINER6.webp","width":1728,"height":2160,"caption":"Zapatillas Alpha Trainer 6 Negro"},{"@type":"BreadcrumbList","@id":"https:\/\/jogalia.com\/producto\/nike-air-max-alpha-trainer-6-fq1833-001\/#breadcrumb","itemListElement":[{"@type":"ListItem","position":1,"name":"Portada","item":"https:\/\/jogalia.com\/"},{"@type":"ListItem","position":2,"name":"Tienda","item":"https:\/\/jogalia.com\/shop\/"},{"@type":"ListItem","position":3,"name":"Nike Air Max Alpha Trainer 6 Negro"}]},{"@type":"WebSite","@id":"https:\/\/jogalia.com\/#website","url":"https:\/\/jogalia.com\/","name":"JOGALIA","description":"Encuentra tu estilo perfecto en Jogalia: Moda, deporte y las marcas m\u00e1s exclusivas.","potentialAction":[{"@type":"SearchAction","target":{"@type":"EntryPoint","urlTemplate":"https:\/\/jogalia.com\/?s={search_term_string}"},"query-input":{"@type":"PropertyValueSpecification","valueRequired":true,"valueName":"search_term_string"}}],"inLanguage":"ca"}]}},"_links":{"self":[{"href":"https:\/\/jogalia.com\/ca\/wp-json\/wp\/v2\/product\/1040","targetHints":{"allow":["GET"]}}],"collection":[{"href":"https:\/\/jogalia.com\/ca\/wp-json\/wp\/v2\/product"}],"about":[{"href":"https:\/\/jogalia.com\/ca\/wp-json\/wp\/v2\/types\/product"}],"wp:featuredmedia":[{"embeddable":true,"href":"https:\/\/jogalia.com\/ca\/wp-json\/wp\/v2\/media\/1950"}],"wp:attachment":[{"href":"https:\/\/jogalia.com\/ca\/wp-json\/wp\/v2\/media?parent=1040"}],"wp:term":[{"taxonomy":"product_brand","embeddable":true,"href":"https:\/\/jogalia.com\/ca\/wp-json\/wp\/v2\/product_brand?post=1040"},{"taxonomy":"product_cat","embeddable":true,"href":"https:\/\/jogalia.com\/ca\/wp-json\/wp\/v2\/product_cat?post=1040"},{"taxonomy":"product_tag","embeddable":true,"href":"https:\/\/jogalia.com\/ca\/wp-json\/wp\/v2\/product_tag?post=1040"}],"curies":[{"name":"wp","href":"https:\/\/api.w.org\/{rel}","templated":true}]}}