{"id":199,"date":"2023-12-20T21:59:41","date_gmt":"2023-12-20T21:59:41","guid":{"rendered":"https:\/\/jogalia.com\/?page_id=199"},"modified":"2024-02-21T11:53:53","modified_gmt":"2024-02-21T10:53:53","slug":"quienes-somos","status":"publish","type":"page","link":"https:\/\/jogalia.com\/ca\/quienes-somos\/","title":{"rendered":"Qui som"},"content":{"rendered":"<div data-elementor-type=\"wp-page\" data-elementor-id=\"199\" class=\"elementor elementor-199\" data-elementor-post-type=\"page\">\n\t\t\t\t\t\t<section class=\"elementor-section elementor-top-section elementor-element elementor-element-c53b33f elementor-section-height-min-height elementor-section-boxed elementor-section-height-default elementor-section-items-middle\" data-id=\"c53b33f\" data-element_type=\"section\" data-e-type=\"section\" data-settings=\"{&quot;background_background&quot;:&quot;classic&quot;}\">\n\t\t\t\t\t\t\t<div class=\"elementor-background-overlay\"><\/div>\n\t\t\t\t\t\t\t<div class=\"elementor-container elementor-column-gap-default\">\n\t\t\t\t\t<div class=\"elementor-column elementor-col-100 elementor-top-column elementor-element elementor-element-13418525\" data-id=\"13418525\" data-element_type=\"column\" data-e-type=\"column\">\n\t\t\t<div class=\"elementor-widget-wrap elementor-element-populated\">\n\t\t\t\t\t\t\t<\/div>\n\t\t<\/div>\n\t\t\t\t\t<\/div>\n\t\t<\/section>\n\t\t<div class=\"elementor-element elementor-element-7595be0 e-flex e-con-boxed e-con e-parent\" data-id=\"7595be0\" data-element_type=\"container\" data-e-type=\"container\">\n\t\t\t\t\t<div class=\"e-con-inner\">\n\t\t<div class=\"elementor-element elementor-element-1913336 e-con-full e-flex e-con e-child\" data-id=\"1913336\" data-element_type=\"container\" data-e-type=\"container\">\n\t\t\t\t<div class=\"elementor-element elementor-element-30ec394 elementor-widget elementor-widget-image\" data-id=\"30ec394\" data-element_type=\"widget\" data-e-type=\"widget\" data-widget_type=\"image.default\">\n\t\t\t\t<div class=\"elementor-widget-container\">\n\t\t\t\t\t\t\t\t\t\t\t\t\t\t\t<img fetchpriority=\"high\" decoding=\"async\" width=\"1024\" height=\"576\" src=\"https:\/\/jogalia.com\/wp-content\/uploads\/2023\/12\/BLOG-1024x576.jpg\" class=\"attachment-large size-large wp-image-97\" alt=\"\" srcset=\"https:\/\/jogalia.com\/wp-content\/uploads\/2023\/12\/BLOG-1024x576.jpg 1024w, https:\/\/jogalia.com\/wp-content\/uploads\/2023\/12\/BLOG-300x169.jpg 300w, https:\/\/jogalia.com\/wp-content\/uploads\/2023\/12\/BLOG-768x432.jpg 768w, https:\/\/jogalia.com\/wp-content\/uploads\/2023\/12\/BLOG-1536x864.jpg 1536w, https:\/\/jogalia.com\/wp-content\/uploads\/2023\/12\/BLOG-600x338.jpg 600w, https:\/\/jogalia.com\/wp-content\/uploads\/2023\/12\/BLOG.jpg 1920w\" sizes=\"(max-width: 1024px) 100vw, 1024px\" \/>\t\t\t\t\t\t\t\t\t\t\t\t\t\t\t<\/div>\n\t\t\t\t<\/div>\n\t\t\t\t<\/div>\n\t\t<div class=\"elementor-element elementor-element-8582add e-con-full e-flex e-con e-child\" data-id=\"8582add\" data-element_type=\"container\" data-e-type=\"container\">\n\t\t\t\t<div class=\"elementor-element elementor-element-7535062 elementor-widget elementor-widget-heading\" data-id=\"7535062\" data-element_type=\"widget\" data-e-type=\"widget\" data-widget_type=\"heading.default\">\n\t\t\t\t<div class=\"elementor-widget-container\">\n\t\t\t\t\t<h2 class=\"elementor-heading-title elementor-size-default\">Moda i esport<\/h2>\t\t\t\t<\/div>\n\t\t\t\t<\/div>\n\t\t\t\t<div class=\"elementor-element elementor-element-bba4c5e elementor-widget elementor-widget-text-editor\" data-id=\"bba4c5e\" data-element_type=\"widget\" data-e-type=\"widget\" data-widget_type=\"text-editor.default\">\n\t\t\t\t<div class=\"elementor-widget-container\">\n\t\t\t\t\t\t\t\t\t<p>Cruzando MODA y DEPORTE surge JOGALIA, una tienda multideportes que es la joya de una empresa con 19 A\u00d1OS DE EXPERIENCIA en venta y distribuci\u00f3n de material deportivo. En un mundo en constante evoluci\u00f3n, hemos decidido llevar nuestra experiencia a nuevos horizontes con JOGALIA, una plataforma que redefine la forma en que vives y experimentas el deporte.<\/p><p>Vols visitar la nostra botiga f\u00edsica? Ens pots trobar al centre de Sabadell, et rebrem amb molt de gust!<\/p>\t\t\t\t\t\t\t\t<\/div>\n\t\t\t\t<\/div>\n\t\t\t\t<\/div>\n\t\t\t\t\t<\/div>\n\t\t\t\t<\/div>\n\t\t\t\t<section class=\"elementor-section elementor-top-section elementor-element elementor-element-71f9f7d9 elementor-section-full_width elementor-section-height-default elementor-section-height-default\" data-id=\"71f9f7d9\" data-element_type=\"section\" data-e-type=\"section\" data-settings=\"{&quot;background_background&quot;:&quot;gradient&quot;}\">\n\t\t\t\t\t\t<div class=\"elementor-container elementor-column-gap-default\">\n\t\t\t\t\t<div class=\"elementor-column elementor-col-50 elementor-top-column elementor-element elementor-element-1e6fd3b5\" data-id=\"1e6fd3b5\" data-element_type=\"column\" data-e-type=\"column\">\n\t\t\t<div class=\"elementor-widget-wrap elementor-element-populated\">\n\t\t\t\t\t\t<div class=\"elementor-element elementor-element-42c1c85 elementor-widget elementor-widget-image\" data-id=\"42c1c85\" data-element_type=\"widget\" data-e-type=\"widget\" data-widget_type=\"image.default\">\n\t\t\t\t<div class=\"elementor-widget-container\">\n\t\t\t\t\t\t\t\t\t\t\t\t\t\t\t<img decoding=\"async\" width=\"1024\" height=\"576\" src=\"https:\/\/jogalia.com\/wp-content\/uploads\/2023\/12\/CALZADO-2-1024x576.jpg\" class=\"attachment-large size-large wp-image-98\" alt=\"\" srcset=\"https:\/\/jogalia.com\/wp-content\/uploads\/2023\/12\/CALZADO-2-1024x576.jpg 1024w, https:\/\/jogalia.com\/wp-content\/uploads\/2023\/12\/CALZADO-2-300x169.jpg 300w, https:\/\/jogalia.com\/wp-content\/uploads\/2023\/12\/CALZADO-2-768x432.jpg 768w, https:\/\/jogalia.com\/wp-content\/uploads\/2023\/12\/CALZADO-2-1536x864.jpg 1536w, https:\/\/jogalia.com\/wp-content\/uploads\/2023\/12\/CALZADO-2-600x338.jpg 600w, https:\/\/jogalia.com\/wp-content\/uploads\/2023\/12\/CALZADO-2.jpg 1920w\" sizes=\"(max-width: 1024px) 100vw, 1024px\" \/>\t\t\t\t\t\t\t\t\t\t\t\t\t\t\t<\/div>\n\t\t\t\t<\/div>\n\t\t\t\t\t<\/div>\n\t\t<\/div>\n\t\t\t\t<div class=\"elementor-column elementor-col-50 elementor-top-column elementor-element elementor-element-a6d1e5\" data-id=\"a6d1e5\" data-element_type=\"column\" data-e-type=\"column\">\n\t\t\t<div class=\"elementor-widget-wrap elementor-element-populated\">\n\t\t\t\t\t\t<div class=\"elementor-element elementor-element-4278c22f elementor-widget elementor-widget-heading\" data-id=\"4278c22f\" data-element_type=\"widget\" data-e-type=\"widget\" data-widget_type=\"heading.default\">\n\t\t\t\t<div class=\"elementor-widget-container\">\n\t\t\t\t\t<h2 class=\"elementor-heading-title elementor-size-default\">Expressa el teu estil<\/h2>\t\t\t\t<\/div>\n\t\t\t\t<\/div>\n\t\t\t\t<div class=\"elementor-element elementor-element-3c0041e8 elementor-widget elementor-widget-text-editor\" data-id=\"3c0041e8\" data-element_type=\"widget\" data-e-type=\"widget\" data-widget_type=\"text-editor.default\">\n\t\t\t\t<div class=\"elementor-widget-container\">\n\t\t\t\t\t\t\t\t\t<p>Descobreix JOG\u00c0LIA: on la moda esportiva cobra vida! Troba el teu estil, connecta amb una comunitat activa i atreveix-te a superar els teus l\u00edmits. Cada pe\u00e7a explica una hist\u00f2ria, cada pas \u00e9s una declaraci\u00f3 de la teva passi\u00f3.\u00a0<\/p><p><strong>Benvingut a JOGALIA, on l&#039;estil i el rendiment es troben a cada detall!\u00a0<\/strong><\/p>\t\t\t\t\t\t\t\t<\/div>\n\t\t\t\t<\/div>\n\t\t\t\t<div class=\"elementor-element elementor-element-e3a2af7 elementor-mobile-align-center elementor-widget elementor-widget-button\" data-id=\"e3a2af7\" data-element_type=\"widget\" data-e-type=\"widget\" data-widget_type=\"button.default\">\n\t\t\t\t<div class=\"elementor-widget-container\">\n\t\t\t\t\t\t\t\t\t<div class=\"elementor-button-wrapper\">\n\t\t\t\t\t<a class=\"elementor-button elementor-button-link elementor-size-sm\" href=\"https:\/\/jogalia.com\/ca\/shop\/\">\n\t\t\t\t\t\t<span class=\"elementor-button-content-wrapper\">\n\t\t\t\t\t\t\t\t\t<span class=\"elementor-button-text\">VEURE PRODUCTES<\/span>\n\t\t\t\t\t<\/span>\n\t\t\t\t\t<\/a>\n\t\t\t\t<\/div>\n\t\t\t\t\t\t\t\t<\/div>\n\t\t\t\t<\/div>\n\t\t\t\t\t<\/div>\n\t\t<\/div>\n\t\t\t\t\t<\/div>\n\t\t<\/section>\n\t\t<div class=\"elementor-element elementor-element-ae0eccf e-flex e-con-boxed e-con e-parent\" data-id=\"ae0eccf\" data-element_type=\"container\" data-e-type=\"container\">\n\t\t\t\t\t<div class=\"e-con-inner\">\n\t\t<div class=\"elementor-element elementor-element-92021cc e-con-full e-flex e-con e-child\" data-id=\"92021cc\" data-element_type=\"container\" data-e-type=\"container\">\n\t\t\t\t<div class=\"elementor-element elementor-element-ac73d52 elementor-widget elementor-widget-image\" data-id=\"ac73d52\" data-element_type=\"widget\" data-e-type=\"widget\" data-widget_type=\"image.default\">\n\t\t\t\t<div class=\"elementor-widget-container\">\n\t\t\t\t\t\t\t\t\t\t\t\t\t\t\t<img decoding=\"async\" width=\"1024\" height=\"576\" src=\"https:\/\/jogalia.com\/wp-content\/uploads\/2023\/12\/1-1024x576.jpg\" class=\"attachment-large size-large wp-image-90\" alt=\"\" srcset=\"https:\/\/jogalia.com\/wp-content\/uploads\/2023\/12\/1-1024x576.jpg 1024w, https:\/\/jogalia.com\/wp-content\/uploads\/2023\/12\/1-300x169.jpg 300w, https:\/\/jogalia.com\/wp-content\/uploads\/2023\/12\/1-768x432.jpg 768w, https:\/\/jogalia.com\/wp-content\/uploads\/2023\/12\/1-1536x864.jpg 1536w, https:\/\/jogalia.com\/wp-content\/uploads\/2023\/12\/1-600x338.jpg 600w, https:\/\/jogalia.com\/wp-content\/uploads\/2023\/12\/1.jpg 1920w\" sizes=\"(max-width: 1024px) 100vw, 1024px\" \/>\t\t\t\t\t\t\t\t\t\t\t\t\t\t\t<\/div>\n\t\t\t\t<\/div>\n\t\t\t\t<\/div>\n\t\t<div class=\"elementor-element elementor-element-333c121 e-con-full e-flex e-con e-child\" data-id=\"333c121\" data-element_type=\"container\" data-e-type=\"container\">\n\t\t\t\t<div class=\"elementor-element elementor-element-3401b15 elementor-widget elementor-widget-heading\" data-id=\"3401b15\" data-element_type=\"widget\" data-e-type=\"widget\" data-widget_type=\"heading.default\">\n\t\t\t\t<div class=\"elementor-widget-container\">\n\t\t\t\t\t<h2 class=\"elementor-heading-title elementor-size-default\">Dedicaci\u00f3<\/h2>\t\t\t\t<\/div>\n\t\t\t\t<\/div>\n\t\t\t\t<div class=\"elementor-element elementor-element-130edc2 elementor-widget elementor-widget-text-editor\" data-id=\"130edc2\" data-element_type=\"widget\" data-e-type=\"widget\" data-widget_type=\"text-editor.default\">\n\t\t\t\t<div class=\"elementor-widget-container\">\n\t\t\t\t\t\t\t\t\t<p>En el n\u00facleo de nuestra identidad, tenemos una dedicaci\u00f3n constante a la moda deportiva, ofreci\u00e9ndote las \u00faltimas tendencias en ropa, calzado y accesorios de marcas l\u00edderes. M\u00e1s que un negocio, es una pasi\u00f3n que hemos cultivado a lo largo de los a\u00f1os y que ahora compartimos contigo a trav\u00e9s de JOGALIA.<\/p>\t\t\t\t\t\t\t\t<\/div>\n\t\t\t\t<\/div>\n\t\t\t\t<div class=\"elementor-element elementor-element-be7b078 elementor-mobile-align-center elementor-widget elementor-widget-button\" data-id=\"be7b078\" data-element_type=\"widget\" data-e-type=\"widget\" data-widget_type=\"button.default\">\n\t\t\t\t<div class=\"elementor-widget-container\">\n\t\t\t\t\t\t\t\t\t<div class=\"elementor-button-wrapper\">\n\t\t\t\t\t<a class=\"elementor-button elementor-button-link elementor-size-sm\" href=\"https:\/\/jogalia.com\/ca\/contacto\/\">\n\t\t\t\t\t\t<span class=\"elementor-button-content-wrapper\">\n\t\t\t\t\t\t\t\t\t<span class=\"elementor-button-text\">CONTACTA&#039;NS<\/span>\n\t\t\t\t\t<\/span>\n\t\t\t\t\t<\/a>\n\t\t\t\t<\/div>\n\t\t\t\t\t\t\t\t<\/div>\n\t\t\t\t<\/div>\n\t\t\t\t<\/div>\n\t\t\t\t\t<\/div>\n\t\t\t\t<\/div>\n\t\t\t\t<\/div>","protected":false},"excerpt":{"rendered":"<p>Moda y deporte Cruzando MODA y DEPORTE surge JOGALIA, una tienda multideportes que es la joya de una empresa con 19 A\u00d1OS DE EXPERIENCIA en venta y distribuci\u00f3n de material deportivo. En un mundo en constante evoluci\u00f3n, hemos decidido llevar nuestra experiencia a nuevos horizontes con JOGALIA, una plataforma que redefine la forma en que&hellip;&nbsp;<a href=\"https:\/\/jogalia.com\/ca\/quienes-somos\/\" rel=\"bookmark\"><span class=\"screen-reader-text\">Qui som<\/span><\/a><\/p>","protected":false},"author":1,"featured_media":0,"parent":0,"menu_order":0,"comment_status":"closed","ping_status":"closed","template":"page-templates\/template-pagebuilder-full-width.php","meta":{"neve_meta_sidebar":"","neve_meta_container":"","neve_meta_enable_content_width":"off","neve_meta_content_width":100,"neve_meta_title_alignment":"","neve_meta_author_avatar":"","neve_post_elements_order":"","neve_meta_disable_header":"","neve_meta_disable_footer":"","neve_meta_disable_title":"","_joinchat":[],"footnotes":""},"class_list":["post-199","page","type-page","status-publish","hentry"],"yoast_head":"<!-- This site is optimized with the Yoast SEO plugin v27.0 - https:\/\/yoast.com\/product\/yoast-seo-wordpress\/ -->\n<title>Qui\u00e9nes somos - JOGALIA<\/title>\n<meta name=\"robots\" content=\"index, follow, max-snippet:-1, max-image-preview:large, max-video-preview:-1\" \/>\n<link rel=\"canonical\" href=\"https:\/\/jogalia.com\/ca\/quienes-somos\/\" \/>\n<meta property=\"og:locale\" content=\"ca_ES\" \/>\n<meta property=\"og:type\" content=\"article\" \/>\n<meta property=\"og:title\" content=\"Qui\u00e9nes somos - JOGALIA\" \/>\n<meta property=\"og:description\" content=\"Moda y deporte Cruzando MODA y DEPORTE surge JOGALIA, una tienda multideportes que es la joya de una empresa con 19 A\u00d1OS DE EXPERIENCIA en venta y distribuci\u00f3n de material deportivo. En un mundo en constante evoluci\u00f3n, hemos decidido llevar nuestra experiencia a nuevos horizontes con JOGALIA, una plataforma que redefine la forma en que&hellip;&nbsp;Qui\u00e9nes somos\" \/>\n<meta property=\"og:url\" content=\"https:\/\/jogalia.com\/ca\/quienes-somos\/\" \/>\n<meta property=\"og:site_name\" content=\"JOGALIA\" \/>\n<meta property=\"article:modified_time\" content=\"2024-02-21T10:53:53+00:00\" \/>\n<meta property=\"og:image\" content=\"https:\/\/jogalia.com\/wp-content\/uploads\/2023\/12\/BLOG-1024x576.jpg\" \/>\n<meta name=\"twitter:card\" content=\"summary_large_image\" \/>\n<meta name=\"twitter:label1\" content=\"Temps estimat de lectura\" \/>\n\t<meta name=\"twitter:data1\" content=\"2 minuts\" \/>\n<script type=\"application\/ld+json\" class=\"yoast-schema-graph\">{\"@context\":\"https:\/\/schema.org\",\"@graph\":[{\"@type\":\"WebPage\",\"@id\":\"https:\/\/jogalia.com\/quienes-somos\/\",\"url\":\"https:\/\/jogalia.com\/quienes-somos\/\",\"name\":\"Qui\u00e9nes somos - JOGALIA\",\"isPartOf\":{\"@id\":\"https:\/\/jogalia.com\/#website\"},\"primaryImageOfPage\":{\"@id\":\"https:\/\/jogalia.com\/quienes-somos\/#primaryimage\"},\"image\":{\"@id\":\"https:\/\/jogalia.com\/quienes-somos\/#primaryimage\"},\"thumbnailUrl\":\"https:\/\/jogalia.com\/wp-content\/uploads\/2023\/12\/BLOG-1024x576.jpg\",\"datePublished\":\"2023-12-20T21:59:41+00:00\",\"dateModified\":\"2024-02-21T10:53:53+00:00\",\"breadcrumb\":{\"@id\":\"https:\/\/jogalia.com\/quienes-somos\/#breadcrumb\"},\"inLanguage\":\"ca\",\"potentialAction\":[{\"@type\":\"ReadAction\",\"target\":[\"https:\/\/jogalia.com\/quienes-somos\/\"]}]},{\"@type\":\"ImageObject\",\"inLanguage\":\"ca\",\"@id\":\"https:\/\/jogalia.com\/quienes-somos\/#primaryimage\",\"url\":\"https:\/\/jogalia.com\/wp-content\/uploads\/2023\/12\/BLOG-1024x576.jpg\",\"contentUrl\":\"https:\/\/jogalia.com\/wp-content\/uploads\/2023\/12\/BLOG-1024x576.jpg\"},{\"@type\":\"BreadcrumbList\",\"@id\":\"https:\/\/jogalia.com\/quienes-somos\/#breadcrumb\",\"itemListElement\":[{\"@type\":\"ListItem\",\"position\":1,\"name\":\"Portada\",\"item\":\"https:\/\/jogalia.com\/\"},{\"@type\":\"ListItem\",\"position\":2,\"name\":\"Qui\u00e9nes somos\"}]},{\"@type\":\"WebSite\",\"@id\":\"https:\/\/jogalia.com\/#website\",\"url\":\"https:\/\/jogalia.com\/\",\"name\":\"JOGALIA\",\"description\":\"Encuentra tu estilo perfecto en Jogalia: Moda, deporte y las marcas m\u00e1s exclusivas.\",\"potentialAction\":[{\"@type\":\"SearchAction\",\"target\":{\"@type\":\"EntryPoint\",\"urlTemplate\":\"https:\/\/jogalia.com\/?s={search_term_string}\"},\"query-input\":{\"@type\":\"PropertyValueSpecification\",\"valueRequired\":true,\"valueName\":\"search_term_string\"}}],\"inLanguage\":\"ca\"}]}<\/script>\n<!-- \/ Yoast SEO plugin. -->","yoast_head_json":{"title":"Qui\u00e9nes somos - JOGALIA","robots":{"index":"index","follow":"follow","max-snippet":"max-snippet:-1","max-image-preview":"max-image-preview:large","max-video-preview":"max-video-preview:-1"},"canonical":"https:\/\/jogalia.com\/ca\/quienes-somos\/","og_locale":"ca_ES","og_type":"article","og_title":"Qui\u00e9nes somos - JOGALIA","og_description":"Moda y deporte Cruzando MODA y DEPORTE surge JOGALIA, una tienda multideportes que es la joya de una empresa con 19 A\u00d1OS DE EXPERIENCIA en venta y distribuci\u00f3n de material deportivo. En un mundo en constante evoluci\u00f3n, hemos decidido llevar nuestra experiencia a nuevos horizontes con JOGALIA, una plataforma que redefine la forma en que&hellip;&nbsp;Qui\u00e9nes somos","og_url":"https:\/\/jogalia.com\/ca\/quienes-somos\/","og_site_name":"JOGALIA","article_modified_time":"2024-02-21T10:53:53+00:00","og_image":[{"url":"https:\/\/jogalia.com\/wp-content\/uploads\/2023\/12\/BLOG-1024x576.jpg","type":"","width":"","height":""}],"twitter_card":"summary_large_image","twitter_misc":{"Temps estimat de lectura":"2 minuts"},"schema":{"@context":"https:\/\/schema.org","@graph":[{"@type":"WebPage","@id":"https:\/\/jogalia.com\/quienes-somos\/","url":"https:\/\/jogalia.com\/quienes-somos\/","name":"Qui\u00e9nes somos - JOGALIA","isPartOf":{"@id":"https:\/\/jogalia.com\/#website"},"primaryImageOfPage":{"@id":"https:\/\/jogalia.com\/quienes-somos\/#primaryimage"},"image":{"@id":"https:\/\/jogalia.com\/quienes-somos\/#primaryimage"},"thumbnailUrl":"https:\/\/jogalia.com\/wp-content\/uploads\/2023\/12\/BLOG-1024x576.jpg","datePublished":"2023-12-20T21:59:41+00:00","dateModified":"2024-02-21T10:53:53+00:00","breadcrumb":{"@id":"https:\/\/jogalia.com\/quienes-somos\/#breadcrumb"},"inLanguage":"ca","potentialAction":[{"@type":"ReadAction","target":["https:\/\/jogalia.com\/quienes-somos\/"]}]},{"@type":"ImageObject","inLanguage":"ca","@id":"https:\/\/jogalia.com\/quienes-somos\/#primaryimage","url":"https:\/\/jogalia.com\/wp-content\/uploads\/2023\/12\/BLOG-1024x576.jpg","contentUrl":"https:\/\/jogalia.com\/wp-content\/uploads\/2023\/12\/BLOG-1024x576.jpg"},{"@type":"BreadcrumbList","@id":"https:\/\/jogalia.com\/quienes-somos\/#breadcrumb","itemListElement":[{"@type":"ListItem","position":1,"name":"Portada","item":"https:\/\/jogalia.com\/"},{"@type":"ListItem","position":2,"name":"Qui\u00e9nes somos"}]},{"@type":"WebSite","@id":"https:\/\/jogalia.com\/#website","url":"https:\/\/jogalia.com\/","name":"JOGALIA","description":"Encuentra tu estilo perfecto en Jogalia: Moda, deporte y las marcas m\u00e1s exclusivas.","potentialAction":[{"@type":"SearchAction","target":{"@type":"EntryPoint","urlTemplate":"https:\/\/jogalia.com\/?s={search_term_string}"},"query-input":{"@type":"PropertyValueSpecification","valueRequired":true,"valueName":"search_term_string"}}],"inLanguage":"ca"}]}},"_links":{"self":[{"href":"https:\/\/jogalia.com\/ca\/wp-json\/wp\/v2\/pages\/199","targetHints":{"allow":["GET"]}}],"collection":[{"href":"https:\/\/jogalia.com\/ca\/wp-json\/wp\/v2\/pages"}],"about":[{"href":"https:\/\/jogalia.com\/ca\/wp-json\/wp\/v2\/types\/page"}],"author":[{"embeddable":true,"href":"https:\/\/jogalia.com\/ca\/wp-json\/wp\/v2\/users\/1"}],"replies":[{"embeddable":true,"href":"https:\/\/jogalia.com\/ca\/wp-json\/wp\/v2\/comments?post=199"}],"version-history":[{"count":40,"href":"https:\/\/jogalia.com\/ca\/wp-json\/wp\/v2\/pages\/199\/revisions"}],"predecessor-version":[{"id":959,"href":"https:\/\/jogalia.com\/ca\/wp-json\/wp\/v2\/pages\/199\/revisions\/959"}],"wp:attachment":[{"href":"https:\/\/jogalia.com\/ca\/wp-json\/wp\/v2\/media?parent=199"}],"curies":[{"name":"wp","href":"https:\/\/api.w.org\/{rel}","templated":true}]}}